{"id":102697,"date":"2024-05-27T18:42:09","date_gmt":"2024-05-27T16:42:09","guid":{"rendered":"https:\/\/www.enoone.com\/?post_type=product&#038;p=102697"},"modified":"2026-01-01T17:59:39","modified_gmt":"2026-01-01T15:59:39","slug":"promo-bestseller-viticoltura-due-libri-la-vite-fisiologia-terroir-e-coltivazione-maturazione-e-maturita-delluva","status":"publish","type":"product","link":"https:\/\/www.enoone.com\/en\/p\/promo-bestseller-viticoltura-due-libri-la-vite-fisiologia-terroir-e-coltivazione-maturazione-e-maturita-delluva\/","title":{"rendered":"COMBO bestseller Viticoltura: Libro La vite: fisiologia, terroir e coltivazione + Libro Maturazione e maturit\u00e0 dell\u2019uva"},"content":{"rendered":"<div class=\"wpb-content-wrapper\"><section class=\"vc_row wpb_row vc_row-fluid\"><div class=\"wpb_column vc_column_container col-xs-mobile-fullwidth vc_col-sm-12\"><div class=\"vc_column-inner\"><div class=\"wpb_wrapper\"><div class=\"text-block-content hongo-text-block-1 last-paragraph-no-margin\"><h3><strong>2 bestseller di viticoltura: ottimizzare le pratiche agronomiche per ottenere uve alla maturit\u00e0 desiderata, per produrre vini che rispondono alle richieste del mercato.<\/strong><\/h3>\n<h1 class=\"product_title entry-title alt-font\">Libro <a href=\"https:\/\/www.enoone.com\/prodotto\/la-vite-fisiologia-terroir-e-coltivazione\/\">La vite: fisiologia, terroir e coltivazione<\/a><\/h1>\n<p>Un manuale per capire meglio i meccanismi della vite, vengono trattati i\u00a0diversi aspetti della morfologia, della fenologia (fattori climatici), metabolismo, fisiologia della vite, in funzione del terroir e del tipo di condotta. Teoria e pratica per un approccio pi\u00f9 sostenibile: \u00e8 giunta l\u2019ora della viticoltura di precisione!<strong><br \/>\n<\/strong>I consigli pratici sono direttamente applicabili, in tutte le fasi dell\u2019evoluzione del ciclo vegetativo dell\u2019uva.<\/p>\n<h6>OPERA DI: ALAIN CARBONNEAU, <a href=\"https:\/\/www.linkedin.com\/in\/annemeglioli\/\" target=\"_blank\" rel=\"noopener\">ALAIN DELOIRE<\/a>, BENO\u00ceT JAILLARD<br \/>\nTRADUZIONE DI:<a href=\"https:\/\/www.linkedin.com\/in\/annemeglioli\/\" target=\"_blank\" rel=\"noopener\"> ANNE MEGLIOLI<\/a><br \/>\nPAGINE: 429\u00a0\u00a0\u00a0\u00a0 <span class=\"sku_wrapper alt-font\">SKU<\/span>: <span class=\"sku_wrapper alt-font\"><span class=\"sku\">9788888792095<\/span><\/span><\/h6>\n<p style=\"text-align: center;\"><strong>+<\/strong><\/p>\n<h1 class=\"product_title entry-title alt-font\">Libro <a href=\"https:\/\/www.enoone.com\/prodotto\/maturazione-e-maturita-delluva\/\">Maturazione e maturit\u00e0 dell\u2019uva<\/a><\/h1>\n<p>Questo libro \u00e8 stato pensato e redatto per chi produce uva o la trasforma: vignaioli, viticoltori, conferenti d\u2019uva, agronomi, enologi, studenti di enologia e di tecnologie alimentari.<\/p>\n<h6>OPERA DI: JACQUES BLOUIN, GUY GUIMBERTEAU<br \/>\nTRADUZIONE DI:<a href=\"https:\/\/www.linkedin.com\/in\/annemeglioli\/\" target=\"_blank\" rel=\"noopener\"> ANNE MEGLIOLI<\/a><br \/>\nPAGINE: 224\u00a0\u00a0\u00a0\u00a0 <span class=\"sku_wrapper alt-font\">SKU: <span class=\"sku\">8888792023<\/span><\/span><\/h6>\n<p>&nbsp;<\/p>\n<\/div><\/div><\/div><\/div><\/section>\n<\/div>","protected":false},"excerpt":{"rendered":"<div class=\"alt-font heading-style-3 vc_custom_1645602932959 heading-1 hongo-section-heading hongo_font_1645602932958\">\n<h1 class=\"product_title entry-title alt-font\">Libro La vite: fisiologia, terroir e coltivazione<\/h1>\n<\/div>\n<div class=\"text-block-content text-medium line-height-35 hongo-text-block-1 vc_custom_1645602927142 last-paragraph-no-margin\">\n<p class=\"heading\">Monografia sulla vite e la viticoltura. \u00c8 stato redatto per chi produce uva o la trasforma: vignaioli, viticoltori, conferitori d\u2019uva, agronomi, enologi, studenti di enologia e di tecnologia alimentare.<br \/>\nCiascuno potr\u00e0 applicare queste conoscenze ai propri vitigni, per rivelarne durevolmente le specificit\u00e0 e le qualit\u00e0 intrinseche.<\/p>\n<p style=\"text-align: center;\"><strong>+<\/strong><\/p>\n<\/div>\n<h1 class=\"product_title entry-title alt-font\">Libro Maturazione e maturit\u00e0 dell\u2019uva<\/h1>\n<div class=\"alt-font heading-style-3 vc_custom_1645604828778 heading-1 hongo-section-heading hongo_font_1645604828778\">Un manuale di consigli in viticoltura<\/div>\n<div class=\"text-block-content text-medium line-height-35 hongo-text-block-1 vc_custom_1645604858241 last-paragraph-no-margin\">\n<p class=\"heading\">Per capire meglio e quindi agire tempestivamente: analisi dei vari momenti dell\u2019evoluzione dell\u2019uva, dalla fioritura alla vendemmia \u2013 composizione, costituzione, anomalie dell\u2019acino \u2013 Metodologia dei prelievi in vigneto.<\/p>\n<p>&nbsp;<\/p>\n<\/div>\n<p><strong>NOTA BENE: Questa promo non \u00e8 comulabile con altre promozioni in corso.<\/strong><\/p>\n","protected":false},"featured_media":102698,"comment_status":"closed","ping_status":"closed","template":"","meta":{"footnotes":""},"product_cat":[88],"product_tag":[],"class_list":{"0":"post-102697","1":"product","2":"type-product","3":"status-publish","4":"has-post-thumbnail","6":"product_cat-libri","8":"first","9":"instock","10":"shipping-taxable","11":"purchasable","12":"product-type-simple","13":"hongo-alternate-image-wrap"},"yoast_head":"<!-- This site is optimized with the Yoast SEO plugin v27.3 - https:\/\/yoast.com\/product\/yoast-seo-wordpress\/ -->\n<title>COMBO bestseller Viticoltura: Libro La vite: fisiologia, terroir e coltivazione + Libro Maturazione e maturit\u00e0 dell\u2019uva | Eno-One<\/title>\n<meta name=\"description\" content=\"Manuali pensati per chi coltiva la vite e produce uva, per avere consigli subito applicabili in tutte le fasi del ciclo vegetativo della vite e dell&#039;uva. |\" \/>\n<meta name=\"robots\" content=\"index, follow, max-snippet:-1, max-image-preview:large, max-video-preview:-1\" \/>\n<link rel=\"canonical\" href=\"https:\/\/www.enoone.com\/en\/p\/promo-bestseller-viticoltura-due-libri-la-vite-fisiologia-terroir-e-coltivazione-maturazione-e-maturita-delluva\/\" \/>\n<meta property=\"og:locale\" content=\"en_US\" \/>\n<meta property=\"og:type\" content=\"article\" \/>\n<meta property=\"og:title\" content=\"COMBO bestseller Viticoltura: Libro La vite: fisiologia, terroir e coltivazione + Libro Maturazione e maturit\u00e0 dell\u2019uva | Eno-One\" \/>\n<meta property=\"og:description\" content=\"Manuali pensati per chi coltiva la vite e produce uva, per avere consigli subito applicabili in tutte le fasi del ciclo vegetativo della vite e dell&#039;uva. |\" \/>\n<meta property=\"og:url\" content=\"https:\/\/www.enoone.com\/en\/p\/promo-bestseller-viticoltura-due-libri-la-vite-fisiologia-terroir-e-coltivazione-maturazione-e-maturita-delluva\/\" \/>\n<meta property=\"og:site_name\" content=\"Eno-One\" \/>\n<meta property=\"article:publisher\" content=\"https:\/\/www.facebook.com\/enoonelibrienologiaviticoltura\/\" \/>\n<meta property=\"article:modified_time\" content=\"2026-01-01T15:59:39+00:00\" \/>\n<meta property=\"og:image\" content=\"https:\/\/www.enoone.com\/wp-content\/uploads\/2024\/05\/vite-maturazione.png\" \/>\n\t<meta property=\"og:image:width\" content=\"1450\" \/>\n\t<meta property=\"og:image:height\" content=\"900\" \/>\n\t<meta property=\"og:image:type\" content=\"image\/png\" \/>\n<meta name=\"twitter:card\" content=\"summary_large_image\" \/>\n<meta name=\"twitter:label1\" content=\"Est. reading time\" \/>\n\t<meta name=\"twitter:data1\" content=\"2 minutes\" \/>\n<script type=\"application\/ld+json\" class=\"yoast-schema-graph\">{\"@context\":\"https:\\\/\\\/schema.org\",\"@graph\":[{\"@type\":\"WebPage\",\"@id\":\"https:\\\/\\\/www.enoone.com\\\/en\\\/p\\\/promo-bestseller-viticoltura-due-libri-la-vite-fisiologia-terroir-e-coltivazione-maturazione-e-maturita-delluva\\\/\",\"url\":\"https:\\\/\\\/www.enoone.com\\\/en\\\/p\\\/promo-bestseller-viticoltura-due-libri-la-vite-fisiologia-terroir-e-coltivazione-maturazione-e-maturita-delluva\\\/\",\"name\":\"COMBO bestseller Viticoltura: Libro La vite: fisiologia, terroir e coltivazione + Libro Maturazione e maturit\u00e0 dell\u2019uva | Eno-One\",\"isPartOf\":{\"@id\":\"https:\\\/\\\/www.enoone.com\\\/en\\\/#website\"},\"primaryImageOfPage\":{\"@id\":\"https:\\\/\\\/www.enoone.com\\\/en\\\/p\\\/promo-bestseller-viticoltura-due-libri-la-vite-fisiologia-terroir-e-coltivazione-maturazione-e-maturita-delluva\\\/#primaryimage\"},\"image\":{\"@id\":\"https:\\\/\\\/www.enoone.com\\\/en\\\/p\\\/promo-bestseller-viticoltura-due-libri-la-vite-fisiologia-terroir-e-coltivazione-maturazione-e-maturita-delluva\\\/#primaryimage\"},\"thumbnailUrl\":\"https:\\\/\\\/www.enoone.com\\\/wp-content\\\/uploads\\\/2024\\\/05\\\/vite-maturazione.png\",\"datePublished\":\"2024-05-27T16:42:09+00:00\",\"dateModified\":\"2026-01-01T15:59:39+00:00\",\"description\":\"Manuali pensati per chi coltiva la vite e produce uva, per avere consigli subito applicabili in tutte le fasi del ciclo vegetativo della vite e dell'uva. |\",\"breadcrumb\":{\"@id\":\"https:\\\/\\\/www.enoone.com\\\/en\\\/p\\\/promo-bestseller-viticoltura-due-libri-la-vite-fisiologia-terroir-e-coltivazione-maturazione-e-maturita-delluva\\\/#breadcrumb\"},\"inLanguage\":\"en-US\",\"potentialAction\":[{\"@type\":\"ReadAction\",\"target\":[\"https:\\\/\\\/www.enoone.com\\\/en\\\/p\\\/promo-bestseller-viticoltura-due-libri-la-vite-fisiologia-terroir-e-coltivazione-maturazione-e-maturita-delluva\\\/\"]}]},{\"@type\":\"ImageObject\",\"inLanguage\":\"en-US\",\"@id\":\"https:\\\/\\\/www.enoone.com\\\/en\\\/p\\\/promo-bestseller-viticoltura-due-libri-la-vite-fisiologia-terroir-e-coltivazione-maturazione-e-maturita-delluva\\\/#primaryimage\",\"url\":\"https:\\\/\\\/www.enoone.com\\\/wp-content\\\/uploads\\\/2024\\\/05\\\/vite-maturazione.png\",\"contentUrl\":\"https:\\\/\\\/www.enoone.com\\\/wp-content\\\/uploads\\\/2024\\\/05\\\/vite-maturazione.png\",\"width\":1450,\"height\":900},{\"@type\":\"BreadcrumbList\",\"@id\":\"https:\\\/\\\/www.enoone.com\\\/en\\\/p\\\/promo-bestseller-viticoltura-due-libri-la-vite-fisiologia-terroir-e-coltivazione-maturazione-e-maturita-delluva\\\/#breadcrumb\",\"itemListElement\":[{\"@type\":\"ListItem\",\"position\":1,\"name\":\"Home\",\"item\":\"https:\\\/\\\/www.enoone.com\\\/en\\\/\"},{\"@type\":\"ListItem\",\"position\":2,\"name\":\"Shop\",\"item\":\"https:\\\/\\\/www.enoone.com\\\/en\\\/shop-2\\\/\"},{\"@type\":\"ListItem\",\"position\":3,\"name\":\"COMBO bestseller Viticoltura: Libro La vite: fisiologia, terroir e coltivazione + Libro Maturazione e maturit\u00e0 dell\u2019uva\"}]},{\"@type\":\"WebSite\",\"@id\":\"https:\\\/\\\/www.enoone.com\\\/en\\\/#website\",\"url\":\"https:\\\/\\\/www.enoone.com\\\/en\\\/\",\"name\":\"Eno-One\",\"description\":\"Books and more\",\"publisher\":{\"@id\":\"https:\\\/\\\/www.enoone.com\\\/en\\\/#organization\"},\"potentialAction\":[{\"@type\":\"SearchAction\",\"target\":{\"@type\":\"EntryPoint\",\"urlTemplate\":\"https:\\\/\\\/www.enoone.com\\\/en\\\/?s={search_term_string}\"},\"query-input\":{\"@type\":\"PropertyValueSpecification\",\"valueRequired\":true,\"valueName\":\"search_term_string\"}}],\"inLanguage\":\"en-US\"},{\"@type\":\"Organization\",\"@id\":\"https:\\\/\\\/www.enoone.com\\\/en\\\/#organization\",\"name\":\"Eno-One\",\"url\":\"https:\\\/\\\/www.enoone.com\\\/en\\\/\",\"logo\":{\"@type\":\"ImageObject\",\"inLanguage\":\"en-US\",\"@id\":\"https:\\\/\\\/www.enoone.com\\\/en\\\/#\\\/schema\\\/logo\\\/image\\\/\",\"url\":\"https:\\\/\\\/www.enoone.com\\\/wp-content\\\/uploads\\\/2024\\\/05\\\/logo-colori-intero.png\",\"contentUrl\":\"https:\\\/\\\/www.enoone.com\\\/wp-content\\\/uploads\\\/2024\\\/05\\\/logo-colori-intero.png\",\"width\":599,\"height\":226,\"caption\":\"Eno-One\"},\"image\":{\"@id\":\"https:\\\/\\\/www.enoone.com\\\/en\\\/#\\\/schema\\\/logo\\\/image\\\/\"},\"sameAs\":[\"https:\\\/\\\/www.facebook.com\\\/enoonelibrienologiaviticoltura\\\/\",\"https:\\\/\\\/www.linkedin.com\\\/in\\\/annemeglioli\\\/\"]}]}<\/script>\n<!-- \/ Yoast SEO plugin. -->","yoast_head_json":{"title":"COMBO bestseller Viticoltura: Libro La vite: fisiologia, terroir e coltivazione + Libro Maturazione e maturit\u00e0 dell\u2019uva | Eno-One","description":"Manuali pensati per chi coltiva la vite e produce uva, per avere consigli subito applicabili in tutte le fasi del ciclo vegetativo della vite e dell'uva. |","robots":{"index":"index","follow":"follow","max-snippet":"max-snippet:-1","max-image-preview":"max-image-preview:large","max-video-preview":"max-video-preview:-1"},"canonical":"https:\/\/www.enoone.com\/en\/p\/promo-bestseller-viticoltura-due-libri-la-vite-fisiologia-terroir-e-coltivazione-maturazione-e-maturita-delluva\/","og_locale":"en_US","og_type":"article","og_title":"COMBO bestseller Viticoltura: Libro La vite: fisiologia, terroir e coltivazione + Libro Maturazione e maturit\u00e0 dell\u2019uva | Eno-One","og_description":"Manuali pensati per chi coltiva la vite e produce uva, per avere consigli subito applicabili in tutte le fasi del ciclo vegetativo della vite e dell'uva. |","og_url":"https:\/\/www.enoone.com\/en\/p\/promo-bestseller-viticoltura-due-libri-la-vite-fisiologia-terroir-e-coltivazione-maturazione-e-maturita-delluva\/","og_site_name":"Eno-One","article_publisher":"https:\/\/www.facebook.com\/enoonelibrienologiaviticoltura\/","article_modified_time":"2026-01-01T15:59:39+00:00","og_image":[{"width":1450,"height":900,"url":"https:\/\/www.enoone.com\/wp-content\/uploads\/2024\/05\/vite-maturazione.png","type":"image\/png"}],"twitter_card":"summary_large_image","twitter_misc":{"Est. reading time":"2 minutes"},"schema":{"@context":"https:\/\/schema.org","@graph":[{"@type":"WebPage","@id":"https:\/\/www.enoone.com\/en\/p\/promo-bestseller-viticoltura-due-libri-la-vite-fisiologia-terroir-e-coltivazione-maturazione-e-maturita-delluva\/","url":"https:\/\/www.enoone.com\/en\/p\/promo-bestseller-viticoltura-due-libri-la-vite-fisiologia-terroir-e-coltivazione-maturazione-e-maturita-delluva\/","name":"COMBO bestseller Viticoltura: Libro La vite: fisiologia, terroir e coltivazione + Libro Maturazione e maturit\u00e0 dell\u2019uva | Eno-One","isPartOf":{"@id":"https:\/\/www.enoone.com\/en\/#website"},"primaryImageOfPage":{"@id":"https:\/\/www.enoone.com\/en\/p\/promo-bestseller-viticoltura-due-libri-la-vite-fisiologia-terroir-e-coltivazione-maturazione-e-maturita-delluva\/#primaryimage"},"image":{"@id":"https:\/\/www.enoone.com\/en\/p\/promo-bestseller-viticoltura-due-libri-la-vite-fisiologia-terroir-e-coltivazione-maturazione-e-maturita-delluva\/#primaryimage"},"thumbnailUrl":"https:\/\/www.enoone.com\/wp-content\/uploads\/2024\/05\/vite-maturazione.png","datePublished":"2024-05-27T16:42:09+00:00","dateModified":"2026-01-01T15:59:39+00:00","description":"Manuali pensati per chi coltiva la vite e produce uva, per avere consigli subito applicabili in tutte le fasi del ciclo vegetativo della vite e dell'uva. |","breadcrumb":{"@id":"https:\/\/www.enoone.com\/en\/p\/promo-bestseller-viticoltura-due-libri-la-vite-fisiologia-terroir-e-coltivazione-maturazione-e-maturita-delluva\/#breadcrumb"},"inLanguage":"en-US","potentialAction":[{"@type":"ReadAction","target":["https:\/\/www.enoone.com\/en\/p\/promo-bestseller-viticoltura-due-libri-la-vite-fisiologia-terroir-e-coltivazione-maturazione-e-maturita-delluva\/"]}]},{"@type":"ImageObject","inLanguage":"en-US","@id":"https:\/\/www.enoone.com\/en\/p\/promo-bestseller-viticoltura-due-libri-la-vite-fisiologia-terroir-e-coltivazione-maturazione-e-maturita-delluva\/#primaryimage","url":"https:\/\/www.enoone.com\/wp-content\/uploads\/2024\/05\/vite-maturazione.png","contentUrl":"https:\/\/www.enoone.com\/wp-content\/uploads\/2024\/05\/vite-maturazione.png","width":1450,"height":900},{"@type":"BreadcrumbList","@id":"https:\/\/www.enoone.com\/en\/p\/promo-bestseller-viticoltura-due-libri-la-vite-fisiologia-terroir-e-coltivazione-maturazione-e-maturita-delluva\/#breadcrumb","itemListElement":[{"@type":"ListItem","position":1,"name":"Home","item":"https:\/\/www.enoone.com\/en\/"},{"@type":"ListItem","position":2,"name":"Shop","item":"https:\/\/www.enoone.com\/en\/shop-2\/"},{"@type":"ListItem","position":3,"name":"COMBO bestseller Viticoltura: Libro La vite: fisiologia, terroir e coltivazione + Libro Maturazione e maturit\u00e0 dell\u2019uva"}]},{"@type":"WebSite","@id":"https:\/\/www.enoone.com\/en\/#website","url":"https:\/\/www.enoone.com\/en\/","name":"Eno-One","description":"Books and more","publisher":{"@id":"https:\/\/www.enoone.com\/en\/#organization"},"potentialAction":[{"@type":"SearchAction","target":{"@type":"EntryPoint","urlTemplate":"https:\/\/www.enoone.com\/en\/?s={search_term_string}"},"query-input":{"@type":"PropertyValueSpecification","valueRequired":true,"valueName":"search_term_string"}}],"inLanguage":"en-US"},{"@type":"Organization","@id":"https:\/\/www.enoone.com\/en\/#organization","name":"Eno-One","url":"https:\/\/www.enoone.com\/en\/","logo":{"@type":"ImageObject","inLanguage":"en-US","@id":"https:\/\/www.enoone.com\/en\/#\/schema\/logo\/image\/","url":"https:\/\/www.enoone.com\/wp-content\/uploads\/2024\/05\/logo-colori-intero.png","contentUrl":"https:\/\/www.enoone.com\/wp-content\/uploads\/2024\/05\/logo-colori-intero.png","width":599,"height":226,"caption":"Eno-One"},"image":{"@id":"https:\/\/www.enoone.com\/en\/#\/schema\/logo\/image\/"},"sameAs":["https:\/\/www.facebook.com\/enoonelibrienologiaviticoltura\/","https:\/\/www.linkedin.com\/in\/annemeglioli\/"]}]}},"_links":{"self":[{"href":"https:\/\/www.enoone.com\/en\/wp-json\/wp\/v2\/product\/102697","targetHints":{"allow":["GET"]}}],"collection":[{"href":"https:\/\/www.enoone.com\/en\/wp-json\/wp\/v2\/product"}],"about":[{"href":"https:\/\/www.enoone.com\/en\/wp-json\/wp\/v2\/types\/product"}],"replies":[{"embeddable":true,"href":"https:\/\/www.enoone.com\/en\/wp-json\/wp\/v2\/comments?post=102697"}],"version-history":[{"count":15,"href":"https:\/\/www.enoone.com\/en\/wp-json\/wp\/v2\/product\/102697\/revisions"}],"predecessor-version":[{"id":102920,"href":"https:\/\/www.enoone.com\/en\/wp-json\/wp\/v2\/product\/102697\/revisions\/102920"}],"wp:featuredmedia":[{"embeddable":true,"href":"https:\/\/www.enoone.com\/en\/wp-json\/wp\/v2\/media\/102698"}],"wp:attachment":[{"href":"https:\/\/www.enoone.com\/en\/wp-json\/wp\/v2\/media?parent=102697"}],"wp:term":[{"taxonomy":"product_cat","embeddable":true,"href":"https:\/\/www.enoone.com\/en\/wp-json\/wp\/v2\/product_cat?post=102697"},{"taxonomy":"product_tag","embeddable":true,"href":"https:\/\/www.enoone.com\/en\/wp-json\/wp\/v2\/product_tag?post=102697"}],"curies":[{"name":"wp","href":"https:\/\/api.w.org\/{rel}","templated":true}]}}