{"id":101228,"date":"2022-02-14T10:38:26","date_gmt":"2022-02-14T08:38:26","guid":{"rendered":"https:\/\/www.enoone.com\/?page_id=101228"},"modified":"2022-04-08T06:49:26","modified_gmt":"2022-04-08T06:49:26","slug":"la-maison-dedition","status":"publish","type":"page","link":"https:\/\/www.enoone.com\/fr\/la-maison-dedition\/","title":{"rendered":"La maison d&#8217;\u00e9dition"},"content":{"rendered":"<div class=\"wpb-content-wrapper\"><section class=\"vc_row wpb_row vc_row-fluid\"><div class=\"wpb_column vc_column_container col-xs-mobile-fullwidth vc_col-sm-6 sm-text-left xs-text-left\"><div class=\"vc_column-inner vc_custom_1644832109171  hongo_responsive_1644832109172\"><div class=\"wpb_wrapper\"><div class=\"alt-font heading-style-3 heading-1 hongo-section-heading hongo_font_1649071046174\">La maison d'\u00e9dition Eno-One a \u00e9t\u00e9 fond\u00e9e en 2002 par Anne et Giuseppe Meglioli.<\/div>[vc_empty_space height=&#8221;50px&#8221;]<div class=\"wpb_single_image    hongo-full-width-single-image\">\n\t\t\t<figure class=\"wpb_wrapper vc_figure\">\n\t\t\t\t<div class=\"vc_single_image-wrapper  \"><img loading=\"lazy\" decoding=\"async\" width=\"800\" height=\"600\" src=\"https:\/\/www.enoone.com\/wp-content\/uploads\/2022\/04\/Anne-Giuseppe-Meglioli-800x600-1.jpg\" class=\"vc_single_image-img attachment-full\" alt=\"foto Anne e Giuseppe Meglioli\" title=\"\" srcset=\"https:\/\/www.enoone.com\/wp-content\/uploads\/2022\/04\/Anne-Giuseppe-Meglioli-800x600-1.jpg 800w, https:\/\/www.enoone.com\/wp-content\/uploads\/2022\/04\/Anne-Giuseppe-Meglioli-800x600-1-300x225.jpg 300w, https:\/\/www.enoone.com\/wp-content\/uploads\/2022\/04\/Anne-Giuseppe-Meglioli-800x600-1-768x576.jpg 768w, https:\/\/www.enoone.com\/wp-content\/uploads\/2022\/04\/Anne-Giuseppe-Meglioli-800x600-1-84x63.jpg 84w, https:\/\/www.enoone.com\/wp-content\/uploads\/2022\/04\/Anne-Giuseppe-Meglioli-800x600-1-200x150.jpg 200w, https:\/\/www.enoone.com\/wp-content\/uploads\/2022\/04\/Anne-Giuseppe-Meglioli-800x600-1-450x338.jpg 450w, https:\/\/www.enoone.com\/wp-content\/uploads\/2022\/04\/Anne-Giuseppe-Meglioli-800x600-1-500x375.jpg 500w\" sizes=\"auto, (max-width: 800px) 100vw, 800px\" \/><\/div>\n\t\t\t<\/figure>\n\t\t\t\n\t\t<\/div><\/div><\/div><\/div><div class=\"wpb_column vc_column_container col-xs-mobile-fullwidth vc_col-sm-6 sm-text-left xs-text-left\"><div class=\"vc_column-inner vc_custom_1643636104687  hongo_responsive_1643636104688\"><div class=\"wpb_wrapper\"><h1 class=\"alt-font heading-style-4 vc_custom_1649073795379 heading-2 hongo-section-heading hongo_font_1649073795378\"><span>LES ORIGINES<\/span><\/h1><div class=\"text-block-content text-medium line-height-32 hongo-text-block-1 last-paragraph-no-margin\"><p>La maison d&#8217;\u00e9dition Eno-One a \u00e9t\u00e9 cr\u00e9\u00e9e en 2002 par Anne et Giuseppe Meglioli. L&#8217;objectif est\u00a0: publier des livres techniques et scientifiques en viticulture, \u0153nologie et agroalimentaire.<\/p>\n<p>&#8220;Notre objectif est de transmettre des connaissances&#8221; &#8211; Anne Meglioli<br \/>\n&#8220;Rapprocher la France de l&#8217;Italie et l&#8217;Italie de la France&#8221; &#8211; Giuseppe Meglioli<\/p>\n<p>Il faut s\u00e9lectionner des manuscrits, des auteurs ou des sujets qui pr\u00e9sentent un r\u00e9el int\u00e9r\u00eat pour les acteurs de la production viticole en Italie. Il s\u2019agit d\u2019\u0153uvres originales ou de livres publi\u00e9s par d\u2019autres maisons d\u2019\u00e9dition. Il faut alors les rendre accessibles aux lecteurs et donc en italien.<\/p>\n<p>Vous avez un sujet \u00e0 nous soumettre?<br \/>\nAvez-vous un manuscrit \u00e0 nous proposer?<\/p>\n<\/div><\/div><\/div><\/div><\/section><section data-vc-full-width=\"true\" data-vc-full-width-init=\"false\" data-vc-stretch-content=\"true\" class=\"vc_row wpb_row vc_row-fluid  vc_custom_1644837000194   vc_row-has-fill hongo-stretch-content hongo-stretch-content-fluid vc_row-o-equal-height vc_row-o-content-middle vc_row-flex  hongo_responsive_1644837000195\"><div class=\"wpb_column vc_column_container vc_col-has-fill col-xs-mobile-fullwidth vc_col-sm-12 vc_col-md-6 wow fadeIn\"><div class=\"vc_column-inner cover-background vc_custom_1648805882976  hongo_responsive_1648805882977\"><div class=\"wpb_wrapper\"><\/div><\/div><\/div><div class=\"wpb_column vc_column_container col-xs-mobile-fullwidth vc_col-sm-12 vc_col-md-6 wow fadeIn text-left sm-text-left xs-text-left\" data-wow-delay= 200ms><div class=\"vc_column-inner vc_custom_1644836595128  hongo_responsive_1644836595129\"><div class=\"wpb_wrapper\"><h1 class=\"alt-font heading-style-4 vc_custom_1649071083524 heading-3 hongo-section-heading hongo_font_1649071083524\"><span>LES LIVRES<\/span><\/h1><div class=\"alt-font heading-style-3 vc_custom_1649071092264 heading-4 hongo-section-heading hongo_font_1649071092263\">Les publications de la maison d'\u00e9dition<\/div><div class=\"text-block-content text-medium line-height-32 hongo-text-block-2 last-paragraph-no-margin\"><p>Les propri\u00e9taires sont Anne Meglioli, qui s&#8217;occupe de l&#8217;\u00e9dition et de la traduction, et Giuseppe Meglioli, qui s&#8217;occupe de la partie technologie compte tenu de son exp\u00e9rience d&#8217;\u0153nologue conseil et de sa passion pour l&#8217;enseignement de la viticulture et de l&#8217;\u0153nologie.<\/p>\n<p>Pour chaque ouvrage, ils sont \u00e9paul\u00e9s, selon le th\u00e8me, par des techniciens du secteur et des professeurs mondialement reconnus. Anne et Giuseppe Meglioli collaborent avec les maisons d&#8217;\u00e9dition les plus dynamiques au monde dans le secteur du vin.<\/p>\n<p>Ainsi, Eno-One travaille en \u00e9troite collaboration avec une \u00e9quipe de professionnels du vin.<br \/>\nLors des traductions, la collaboration constante avec les auteurs des livres est indispensable\u00a0: il peut \u00eatre n\u00e9cessaire de rendre le contenu imm\u00e9diatement compr\u00e9hensible. Par exemple, la conversion de l&#8217;AT en H<sub>2<\/sub>SO<sub>4<\/sub> en AT en acide tartrique (utilis\u00e9e en Italie).<\/p>\n<p>M\u00eame si Eno-One est une petite maison d&#8217;\u00e9dition, elle ne peut se soustraire \u00e0 sa responsabilit\u00e9 sociale, c&#8217;est pourquoi elle imprime sur du papier FSC et ses imprimeurs italiens selon des sp\u00e9cifications de qualit\u00e9 exigeantes.<\/p>\n<\/div><\/div><\/div><\/div><\/section><div class=\"vc_row-full-width vc_clearfix\"><\/div><section id=\"explore-services\" data-vc-full-width=\"true\" data-vc-full-width-init=\"false\" class=\"vc_row wpb_row vc_row-fluid  vc_custom_1644836104850   hongo-stretch-content hongo-stretch-row-container vc_row-o-equal-height vc_row-o-content-middle vc_row-flex\"><div class=\"wpb_column vc_column_container vc_col-has-fill vc_col-sm-6 vc_col-md-3 vc_col-xs-12 wow fadeIn text-center\"><div class=\"vc_column-inner cover-background vc_custom_1649400492844  hongo_responsive_1649400492846\"><div class=\"wpb_wrapper\"><\/div><\/div><\/div><div class=\"wpb_column vc_column_container vc_col-has-fill vc_col-sm-6 vc_col-md-3 vc_col-xs-12 wow fadeIn text-center sm-text-left xs-text-left\" data-wow-delay= 150ms data-wow-duration= 1200ms><div class=\"vc_column-inner vc_custom_1644836608694  hongo_responsive_1644836608695\"><div class=\"wpb_wrapper\"><h1 class=\"alt-font heading-style-4 vc_custom_1649071126887 heading-5 hongo-section-heading hongo_font_1649071126886\"><span>MANUELS TH\u00c9MATIQUES<\/span><\/h1><div class=\"text-block-content text-medium line-height-32 hongo-text-block-3 last-paragraph-no-margin\"><p>Tous les manuels th\u00e9matiques sont destin\u00e9s \u00e0 la formation initiale et \u00e0 la formation professionnelle continue &#8220;afin de s\u2019approprier de nouvelles connaissances&#8221;.<\/p>\n<\/div>[vc_empty_space height=&#8221;20px&#8221;]<a href=\"https:\/\/www.enoone.com\/fr\/categorie-produit\/livres\/\"  class=\"hongo-button-1 btn btn-dark-gray alt-font btn-small\">D\u00c9COUVREZ<\/a><\/div><\/div><\/div><div class=\"wpb_column vc_column_container vc_col-has-fill vc_col-sm-6 vc_col-md-3 vc_col-xs-12 wow fadeIn text-center\" data-wow-delay= 300ms data-wow-duration= 1200ms><div class=\"vc_column-inner cover-background vc_custom_1649400528514  hongo_responsive_1649400528515\"><div class=\"wpb_wrapper\"><\/div><\/div><\/div><div class=\"wpb_column vc_column_container vc_col-has-fill vc_col-sm-6 vc_col-md-3 vc_col-xs-12 wow fadeIn text-center sm-text-left xs-text-left\" data-wow-delay= 450ms data-wow-duration= 1200ms><div class=\"vc_column-inner vc_custom_1644836615625  hongo_responsive_1644836615626\"><div class=\"wpb_wrapper\"><h1 class=\"alt-font heading-style-4 vc_custom_1649071144237 heading-6 hongo-section-heading hongo_font_1649071144236\"><span>LOGICIEL Mextar&#x2122;<\/span><\/h1><div class=\"text-block-content text-medium line-height-32 hongo-text-block-4 last-paragraph-no-margin\"><p>Eno-One distribue le livre La stabilit\u00e9 tartrique avec le logiciel Mextar&#x2122;, un OAD (outil d&#8217;aide \u00e0 la d\u00e9cision) qui augmente l&#8217;efficacit\u00e9 des choix techniques en cave. Qu\u2019ils soient relatifs \u00e0 la stabilit\u00e9 tartrique et aux pr\u00e9cipitations, le logiciel Mextar permet d\u2019obtenir un nombre infini de simulations et d&#8217;alternatives \u00e0 comparer. Ainsi, l\u2019\u0153nologue base ses choix sur des donn\u00e9es objectives.<\/p>\n<\/div>[vc_empty_space height=&#8221;20px&#8221;]<a href=\"https:\/\/www.enoone.com\/fr\/produit\/la-stabilita-tartarica-con-mextar-2-0-software\/\"  class=\"hongo-button-2 btn btn-dark-gray alt-font btn-small\">D\u00c9COUVREZ<\/a><\/div><\/div><\/div><\/section><div class=\"vc_row-full-width vc_clearfix\"><\/div><section data-vc-full-width=\"true\" data-vc-full-width-init=\"false\" class=\"vc_row wpb_row vc_row-fluid  vc_custom_1648472035830   cover-background wow fadeIn vc_row-has-fill hongo-stretch-content hongo-stretch-row-container  hongo_responsive_1648472035831\"><div class=\"wpb_column vc_column_container vc_col-sm-6 vc_col-md-offset-3 vc_col-md-6 vc_col-sm-offset-3 vc_col-xs-12 text-center\"><div class=\"vc_column-inner\"><div class=\"wpb_wrapper\"><div class=\"call-to-action-style-7 hongo-call-to-action-1\"><h2 class=\"call-to-action-title hongo_font_1649076620843 alt-font\">ICI POUR NOUS CONTACTER<\/h2><div class=\"call-to-action-content hongo_font_1649076620845\"><p>Contactez-nous d\u00e8s maintenant pour toute demande d\u2019informations compl\u00e9mentaires<\/p>\n<\/div><a href=\"\/fr\/contactez-nous\" target=\"_self\" class=\"hongo_button_1649076620842 btn btn-base btn-round alt-font btn-small\"><i class=\"icon-info left-icon\" aria-hidden=\"true\"><\/i>CONTACTEZ-NOUS<\/a><\/div><\/div><\/div><\/div><\/section><div class=\"vc_row-full-width vc_clearfix\"><\/div>\n<\/div>","protected":false},"excerpt":{"rendered":"La maison d'\u00e9dition Eno-One a \u00e9t\u00e9 fond\u00e9e en 2002 par Anne et Giuseppe Meglioli.[vc_empty_space height=\"50px\"] LES ORIGINESLa maison d'\u00e9dition Eno-One a \u00e9t\u00e9 cr\u00e9\u00e9e en 2002 par Anne et Giuseppe Meglioli. L'objectif est\u00a0: publier des livres techniques et scientifiques en viticulture, \u0153nologie et agroalimentaire. \"Notre objectif est de transmettre des connaissances\" - Anne Meglioli \"Rapprocher la France de l'Italie et l'Italie de la France\" - Giuseppe Meglioli Il faut s\u00e9lectionner des manuscrits, des auteurs ou des sujets qui pr\u00e9sentent un r\u00e9el int\u00e9r\u00eat pour les acteurs de la production viticole en Italie. Il s\u2019agit d\u2019\u0153uvres originales ou de livres publi\u00e9s par d\u2019autres maisons d\u2019\u00e9dition. Il faut alors les rendre accessibles aux lecteurs et donc en italien. Vous avez un sujet \u00e0 nous soumettre? Avez-vous un manuscrit \u00e0 nous proposer? LES LIVRESLes publications de la maison d'\u00e9ditionLes propri\u00e9taires sont Anne Meglioli, qui s'occupe de l'\u00e9dition et de la traduction, et Giuseppe Meglioli, qui s'occupe de la partie technologie compte tenu de son exp\u00e9rience d'\u0153nologue conseil et de sa passion pour l'enseignement de la viticulture et de l'\u0153nologie. Pour chaque ouvrage, ils sont \u00e9paul\u00e9s, selon le th\u00e8me, par des techniciens du secteur et des professeurs mondialement reconnus. Anne et Giuseppe Meglioli collaborent avec les...","protected":false},"author":53,"featured_media":0,"parent":0,"menu_order":0,"comment_status":"closed","ping_status":"closed","template":"","meta":{"footnotes":""},"class_list":["post-101228","page","type-page","status-publish","hentry"],"yoast_head":"<!-- This site is optimized with the Yoast SEO plugin v27.3 - https:\/\/yoast.com\/product\/yoast-seo-wordpress\/ -->\n<title>La maison d&#039;\u00e9dition | Eno-One<\/title>\n<meta name=\"robots\" content=\"index, follow, max-snippet:-1, max-image-preview:large, max-video-preview:-1\" \/>\n<link rel=\"canonical\" href=\"https:\/\/www.enoone.com\/fr\/la-maison-dedition\/\" \/>\n<meta property=\"og:locale\" content=\"fr_FR\" \/>\n<meta property=\"og:type\" content=\"article\" \/>\n<meta property=\"og:title\" content=\"La maison d&#039;\u00e9dition | Eno-One\" \/>\n<meta property=\"og:url\" content=\"https:\/\/www.enoone.com\/fr\/la-maison-dedition\/\" \/>\n<meta property=\"og:site_name\" content=\"Eno-One\" \/>\n<meta property=\"article:publisher\" content=\"https:\/\/www.facebook.com\/enoonelibrienologiaviticoltura\/\" \/>\n<meta property=\"article:modified_time\" content=\"2022-04-08T06:49:26+00:00\" \/>\n<meta name=\"twitter:card\" content=\"summary_large_image\" \/>\n<meta name=\"twitter:label1\" content=\"Dur\u00e9e de lecture estim\u00e9e\" \/>\n\t<meta name=\"twitter:data1\" content=\"4 minutes\" \/>\n<script type=\"application\/ld+json\" class=\"yoast-schema-graph\">{\"@context\":\"https:\\\/\\\/schema.org\",\"@graph\":[{\"@type\":\"WebPage\",\"@id\":\"https:\\\/\\\/www.enoone.com\\\/fr\\\/la-maison-dedition\\\/\",\"url\":\"https:\\\/\\\/www.enoone.com\\\/fr\\\/la-maison-dedition\\\/\",\"name\":\"La maison d'\u00e9dition | Eno-One\",\"isPartOf\":{\"@id\":\"https:\\\/\\\/www.enoone.com\\\/fr\\\/#website\"},\"datePublished\":\"2022-02-14T08:38:26+00:00\",\"dateModified\":\"2022-04-08T06:49:26+00:00\",\"breadcrumb\":{\"@id\":\"https:\\\/\\\/www.enoone.com\\\/fr\\\/la-maison-dedition\\\/#breadcrumb\"},\"inLanguage\":\"fr-FR\",\"potentialAction\":[{\"@type\":\"ReadAction\",\"target\":[\"https:\\\/\\\/www.enoone.com\\\/fr\\\/la-maison-dedition\\\/\"]}]},{\"@type\":\"BreadcrumbList\",\"@id\":\"https:\\\/\\\/www.enoone.com\\\/fr\\\/la-maison-dedition\\\/#breadcrumb\",\"itemListElement\":[{\"@type\":\"ListItem\",\"position\":1,\"name\":\"Home\",\"item\":\"https:\\\/\\\/www.enoone.com\\\/fr\\\/\"},{\"@type\":\"ListItem\",\"position\":2,\"name\":\"La maison d&#8217;\u00e9dition\"}]},{\"@type\":\"WebSite\",\"@id\":\"https:\\\/\\\/www.enoone.com\\\/fr\\\/#website\",\"url\":\"https:\\\/\\\/www.enoone.com\\\/fr\\\/\",\"name\":\"Eno-One\",\"description\":\"Livres et autres\",\"publisher\":{\"@id\":\"https:\\\/\\\/www.enoone.com\\\/fr\\\/#organization\"},\"potentialAction\":[{\"@type\":\"SearchAction\",\"target\":{\"@type\":\"EntryPoint\",\"urlTemplate\":\"https:\\\/\\\/www.enoone.com\\\/fr\\\/?s={search_term_string}\"},\"query-input\":{\"@type\":\"PropertyValueSpecification\",\"valueRequired\":true,\"valueName\":\"search_term_string\"}}],\"inLanguage\":\"fr-FR\"},{\"@type\":\"Organization\",\"@id\":\"https:\\\/\\\/www.enoone.com\\\/fr\\\/#organization\",\"name\":\"Eno-One\",\"url\":\"https:\\\/\\\/www.enoone.com\\\/fr\\\/\",\"logo\":{\"@type\":\"ImageObject\",\"inLanguage\":\"fr-FR\",\"@id\":\"https:\\\/\\\/www.enoone.com\\\/fr\\\/#\\\/schema\\\/logo\\\/image\\\/\",\"url\":\"https:\\\/\\\/www.enoone.com\\\/wp-content\\\/uploads\\\/2024\\\/05\\\/logo-colori-intero.png\",\"contentUrl\":\"https:\\\/\\\/www.enoone.com\\\/wp-content\\\/uploads\\\/2024\\\/05\\\/logo-colori-intero.png\",\"width\":599,\"height\":226,\"caption\":\"Eno-One\"},\"image\":{\"@id\":\"https:\\\/\\\/www.enoone.com\\\/fr\\\/#\\\/schema\\\/logo\\\/image\\\/\"},\"sameAs\":[\"https:\\\/\\\/www.facebook.com\\\/enoonelibrienologiaviticoltura\\\/\",\"https:\\\/\\\/www.linkedin.com\\\/in\\\/annemeglioli\\\/\"]}]}<\/script>\n<!-- \/ Yoast SEO plugin. -->","yoast_head_json":{"title":"La maison d'\u00e9dition | Eno-One","robots":{"index":"index","follow":"follow","max-snippet":"max-snippet:-1","max-image-preview":"max-image-preview:large","max-video-preview":"max-video-preview:-1"},"canonical":"https:\/\/www.enoone.com\/fr\/la-maison-dedition\/","og_locale":"fr_FR","og_type":"article","og_title":"La maison d'\u00e9dition | Eno-One","og_url":"https:\/\/www.enoone.com\/fr\/la-maison-dedition\/","og_site_name":"Eno-One","article_publisher":"https:\/\/www.facebook.com\/enoonelibrienologiaviticoltura\/","article_modified_time":"2022-04-08T06:49:26+00:00","twitter_card":"summary_large_image","twitter_misc":{"Dur\u00e9e de lecture estim\u00e9e":"4 minutes"},"schema":{"@context":"https:\/\/schema.org","@graph":[{"@type":"WebPage","@id":"https:\/\/www.enoone.com\/fr\/la-maison-dedition\/","url":"https:\/\/www.enoone.com\/fr\/la-maison-dedition\/","name":"La maison d'\u00e9dition | Eno-One","isPartOf":{"@id":"https:\/\/www.enoone.com\/fr\/#website"},"datePublished":"2022-02-14T08:38:26+00:00","dateModified":"2022-04-08T06:49:26+00:00","breadcrumb":{"@id":"https:\/\/www.enoone.com\/fr\/la-maison-dedition\/#breadcrumb"},"inLanguage":"fr-FR","potentialAction":[{"@type":"ReadAction","target":["https:\/\/www.enoone.com\/fr\/la-maison-dedition\/"]}]},{"@type":"BreadcrumbList","@id":"https:\/\/www.enoone.com\/fr\/la-maison-dedition\/#breadcrumb","itemListElement":[{"@type":"ListItem","position":1,"name":"Home","item":"https:\/\/www.enoone.com\/fr\/"},{"@type":"ListItem","position":2,"name":"La maison d&#8217;\u00e9dition"}]},{"@type":"WebSite","@id":"https:\/\/www.enoone.com\/fr\/#website","url":"https:\/\/www.enoone.com\/fr\/","name":"Eno-One","description":"Livres et autres","publisher":{"@id":"https:\/\/www.enoone.com\/fr\/#organization"},"potentialAction":[{"@type":"SearchAction","target":{"@type":"EntryPoint","urlTemplate":"https:\/\/www.enoone.com\/fr\/?s={search_term_string}"},"query-input":{"@type":"PropertyValueSpecification","valueRequired":true,"valueName":"search_term_string"}}],"inLanguage":"fr-FR"},{"@type":"Organization","@id":"https:\/\/www.enoone.com\/fr\/#organization","name":"Eno-One","url":"https:\/\/www.enoone.com\/fr\/","logo":{"@type":"ImageObject","inLanguage":"fr-FR","@id":"https:\/\/www.enoone.com\/fr\/#\/schema\/logo\/image\/","url":"https:\/\/www.enoone.com\/wp-content\/uploads\/2024\/05\/logo-colori-intero.png","contentUrl":"https:\/\/www.enoone.com\/wp-content\/uploads\/2024\/05\/logo-colori-intero.png","width":599,"height":226,"caption":"Eno-One"},"image":{"@id":"https:\/\/www.enoone.com\/fr\/#\/schema\/logo\/image\/"},"sameAs":["https:\/\/www.facebook.com\/enoonelibrienologiaviticoltura\/","https:\/\/www.linkedin.com\/in\/annemeglioli\/"]}]}},"_links":{"self":[{"href":"https:\/\/www.enoone.com\/fr\/wp-json\/wp\/v2\/pages\/101228","targetHints":{"allow":["GET"]}}],"collection":[{"href":"https:\/\/www.enoone.com\/fr\/wp-json\/wp\/v2\/pages"}],"about":[{"href":"https:\/\/www.enoone.com\/fr\/wp-json\/wp\/v2\/types\/page"}],"author":[{"embeddable":true,"href":"https:\/\/www.enoone.com\/fr\/wp-json\/wp\/v2\/users\/53"}],"replies":[{"embeddable":true,"href":"https:\/\/www.enoone.com\/fr\/wp-json\/wp\/v2\/comments?post=101228"}],"version-history":[{"count":8,"href":"https:\/\/www.enoone.com\/fr\/wp-json\/wp\/v2\/pages\/101228\/revisions"}],"predecessor-version":[{"id":101535,"href":"https:\/\/www.enoone.com\/fr\/wp-json\/wp\/v2\/pages\/101228\/revisions\/101535"}],"wp:attachment":[{"href":"https:\/\/www.enoone.com\/fr\/wp-json\/wp\/v2\/media?parent=101228"}],"curies":[{"name":"wp","href":"https:\/\/api.w.org\/{rel}","templated":true}]}}