{"id":101250,"date":"2022-02-14T09:23:26","date_gmt":"2022-02-14T07:23:26","guid":{"rendered":"https:\/\/www.enoone.com\/?page_id=101250"},"modified":"2022-04-04T12:51:00","modified_gmt":"2022-04-04T12:51:00","slug":"anne-meglioli","status":"publish","type":"page","link":"https:\/\/www.enoone.com\/fr\/anne-meglioli\/","title":{"rendered":"Anne Meglioli"},"content":{"rendered":"<div class=\"wpb-content-wrapper\"><section class=\"vc_row wpb_row vc_row-fluid\"><div class=\"wpb_column vc_column_container col-xs-mobile-fullwidth vc_col-sm-6 sm-text-left xs-text-left\"><div class=\"vc_column-inner vc_custom_1644832109171  hongo_responsive_1644832109172\"><div class=\"wpb_wrapper\"><h1 class=\"alt-font heading-style-4 vc_custom_1649075379288 heading-1 hongo-section-heading hongo_font_1649075379287\"><span>MA PR\u00c9SENTATION<\/span><\/h1><div class=\"alt-font heading-style-3 heading-2 hongo-section-heading hongo_font_1649075385673\">Toujours entre la France et l'Italie, travaillant dans le secteur du vin et racontant les produits vinicoles et agroalimentaires<\/div><\/div><\/div><\/div><div class=\"wpb_column vc_column_container col-xs-mobile-fullwidth vc_col-sm-6 sm-text-left xs-text-left\"><div class=\"vc_column-inner vc_custom_1643636104687  hongo_responsive_1643636104688\"><div class=\"wpb_wrapper\"><div class=\"text-block-content text-medium line-height-32 hongo-text-block-1 last-paragraph-no-margin\"><p>J&#8217;ai fini l\u2019Universit\u00e9 en France en 1989, puis je me suis install\u00e9e dans le Frioul-V\u00e9n\u00e9tie Julienne pour commencer ma carri\u00e8re professionnelle dans le secteur du vin. En 2002, forte de mes comp\u00e9tences linguistiques et anim\u00e9e par une immense passion pour le vins que je partage avec mon conjoint Giuseppe, j&#8217;ai fond\u00e9 la maison d&#8217;\u00e9dition Eno-One en \u00c9milie-Romagne. Une entreprise&#8230; dans tous les sens du terme!<\/p>\n<\/div><\/div><\/div><\/div><\/section><section data-vc-full-width=\"true\" data-vc-full-width-init=\"false\" data-vc-stretch-content=\"true\" class=\"vc_row wpb_row vc_row-fluid  vc_custom_1644831752636   vc_row-has-fill hongo-stretch-content hongo-stretch-content-fluid vc_row-o-equal-height vc_row-o-content-middle vc_row-flex  hongo_responsive_1644831752637\"><div class=\"wpb_column vc_column_container col-xs-mobile-fullwidth vc_col-sm-12 vc_col-md-6 wow fadeIn\"><div class=\"vc_column-inner vc_custom_1644831878850  hongo_responsive_1644831878851\"><div class=\"wpb_wrapper\"><div class=\"wpb_single_image    hongo-full-width-single-image\">\n\t\t\t<figure class=\"wpb_wrapper vc_figure\">\n\t\t\t\t<div class=\"vc_single_image-wrapper  \"><img loading=\"lazy\" decoding=\"async\" width=\"800\" height=\"524\" src=\"https:\/\/www.enoone.com\/wp-content\/uploads\/2022\/02\/AnneMeglioli-BW_800x524.jpg\" class=\"vc_single_image-img attachment-full\" alt=\"\" title=\"\" srcset=\"https:\/\/www.enoone.com\/wp-content\/uploads\/2022\/02\/AnneMeglioli-BW_800x524.jpg 800w, https:\/\/www.enoone.com\/wp-content\/uploads\/2022\/02\/AnneMeglioli-BW_800x524-300x197.jpg 300w, https:\/\/www.enoone.com\/wp-content\/uploads\/2022\/02\/AnneMeglioli-BW_800x524-768x503.jpg 768w, https:\/\/www.enoone.com\/wp-content\/uploads\/2022\/02\/AnneMeglioli-BW_800x524-84x55.jpg 84w, https:\/\/www.enoone.com\/wp-content\/uploads\/2022\/02\/AnneMeglioli-BW_800x524-200x131.jpg 200w, https:\/\/www.enoone.com\/wp-content\/uploads\/2022\/02\/AnneMeglioli-BW_800x524-450x295.jpg 450w, https:\/\/www.enoone.com\/wp-content\/uploads\/2022\/02\/AnneMeglioli-BW_800x524-500x328.jpg 500w\" sizes=\"auto, (max-width: 800px) 100vw, 800px\" \/><\/div>\n\t\t\t<\/figure>\n\t\t\t\n\t\t<\/div><\/div><\/div><\/div><div class=\"wpb_column vc_column_container col-xs-mobile-fullwidth vc_col-sm-12 vc_col-md-6 wow fadeIn text-left sm-text-left xs-text-left\" data-wow-delay= 200ms><div class=\"vc_column-inner vc_custom_1644834349887  hongo_responsive_1644834349888\"><div class=\"wpb_wrapper\"><h1 class=\"alt-font heading-style-4 vc_custom_1649075455666 heading-3 hongo-section-heading hongo_font_1649075455665\"><span>CE QUE JE FAIS<\/span><\/h1><div class=\"alt-font heading-style-3 vc_custom_1649075465999 heading-4 hongo-section-heading hongo_font_1649075465999\">Mes principales comp\u00e9tences et activit\u00e9s<\/div><div class=\"text-block-content text-medium line-height-32 hongo-text-block-2 last-paragraph-no-margin\"><p>Je suis \u00e9ditrice de livres th\u00e9matiques, mais pas seulement. Je fais aussi des traductions et de l\u2019interpr\u00e9tation en agroalimentaire et notamment en \u0153nologie et machinisme viti-vinicole. Et je dispense toujours plus de formations pour expliquer et pour vulgariser des produits du vaste secteur agroalimentaire.<\/p>\n<\/div>[vc_empty_space height=&#8221;10px&#8221;]<div  class=\"hongo-social-links social-icon-style-1 social-icon-1\"><ul class=\"small-icon\"><li><a class=\"facebook-f\" target=\"_blank\" href=\"https:\/\/www.facebook.com\/anne.meglioli\"><i class=\"fa-brands fa-facebook-f\"><\/i><\/a><\/li><li><a class=\"linkedin-in\" target=\"_blank\" href=\"https:\/\/www.linkedin.com\/in\/annemeglioli\/\"><i class=\"fa-brands fa-linkedin-in\"><\/i><\/a><\/li><\/ul><\/div><\/div><\/div><\/div><\/section><div class=\"vc_row-full-width vc_clearfix\"><\/div><section data-vc-full-width=\"true\" data-vc-full-width-init=\"false\" class=\"vc_row wpb_row vc_row-fluid     wow fadeIn hongo-stretch-content hongo-stretch-row-container\"><div class=\"wpb_column vc_column_container vc_col-sm-6 vc_col-lg-5 vc_col-xs-12\"><div class=\"vc_column-inner vc_custom_1572618425829  hongo_responsive_1572618425833\"><div class=\"wpb_wrapper\"><h1 class=\"alt-font heading-style-4 vc_custom_1649075530252 heading-5 hongo-section-heading hongo_font_1649075530252\"><span>GUIDES ET D\u00c9GUSTATIONS<\/span><\/h1><div class=\"text-block-content text-medium line-height-32 hongo-text-block-3 last-paragraph-no-margin\"><p>J&#8217;aime raconter les produits alimentaires et vinicoles, j&#8217;enseigne la d\u00e9gustation de vins, du vinaigre balsamique traditionnel, d&#8217;huiles d&#8217;olive et du fromage et c\u2019est ma sp\u00e9cialit\u00e9 de guide touristique officielle.<\/p>\n<p>Je suis souvent \u00e0 l&#8217;\u00e9tranger o\u00f9 mes papilles gustatives sont sollicit\u00e9es lors de concours internationaux de vins, de spiritueux et d&#8217;huiles d&#8217;olive.<\/p>\n<\/div><\/div><\/div><\/div><div class=\"wpb_column vc_column_container vc_col-sm-6 vc_col-lg-offset-2 vc_col-lg-5 vc_col-xs-12\"><div class=\"vc_column-inner\"><div class=\"wpb_wrapper\"><h1 class=\"alt-font heading-style-4 vc_custom_1649075595638 heading-6 hongo-section-heading hongo_font_1649075595638\"><span>ACTIVIT\u00c9S INSTITUTIONNELLES<\/span><\/h1><div class=\"text-block-content text-medium line-height-32 hongo-text-block-4 last-paragraph-no-margin\"><p>Je suis secr\u00e9taire g\u00e9n\u00e9rale de la f\u00e9d\u00e9ration internationale des journalistes et \u00e9crivains du vin (FIJEV) depuis 2011 et membre du conseil d\u00e9partemental d&#8217;une association professionnelle qui soutient et valorise les femmes dans leurs activit\u00e9s professionnelles. En outre, je suis membre de plusieurs associations : de d\u00e9gustateurs, de vin et bien s\u00fbr Le Donne del vino en Italie.<\/p>\n<p>Pour rendre service \u00e0 la communaut\u00e9, je fais des traductions asserment\u00e9es du fran\u00e7ais vers l&#8217;italien et vice versa. Je suis un des traducteurs de r\u00e9f\u00e9rence du Consulat g\u00e9n\u00e9ral de France \u00e0 Milan, et j&#8217;aide les personnes qui vont et viennent de France<\/p>\n<\/div><\/div><\/div><\/div><\/section><div class=\"vc_row-full-width vc_clearfix\"><\/div><section data-vc-full-width=\"true\" data-vc-full-width-init=\"false\" data-vc-stretch-content=\"true\" class=\"vc_row wpb_row vc_row-fluid  vc_custom_1647353847810   vc_row-has-fill hongo-stretch-content hongo-stretch-content-fluid vc_row-o-equal-height vc_row-o-content-middle vc_row-flex  hongo_responsive_1647353847811\"><div class=\"wpb_column vc_column_container col-xs-mobile-fullwidth vc_col-sm-12\"><div class=\"vc_column-inner\"><div class=\"wpb_wrapper\"><div class=\"vc_row wpb_row vc_inner vc_row-fluid  vc_custom_1647353794329  hongo_responsive_1647353794330\"><div class=\"wpb_column vc_column_container col-xs-mobile-fullwidth vc_col-sm-3\"><div class=\"vc_column-inner\"><div class=\"wpb_wrapper\"><\/div><\/div><\/div><div class=\"wpb_column vc_column_container col-xs-mobile-fullwidth vc_col-sm-6 text-center md-text-center sm-text-center xs-text-center\"><div class=\"vc_column-inner\"><div class=\"wpb_wrapper\"><div class=\"separator-style-1 vc_custom_1643626698185 separator-style1-1\"><\/div><div class=\"alt-font heading-style-3 vc_custom_1649075853718 heading-7 hongo-section-heading hongo_font_1649075853717\">Qualifications<\/div><\/div><\/div><\/div><div class=\"wpb_column vc_column_container col-xs-mobile-fullwidth vc_col-sm-3\"><div class=\"vc_column-inner\"><div class=\"wpb_wrapper\"><\/div><\/div><\/div><\/div><div class=\"vc_row wpb_row vc_inner vc_row-fluid    hongo_responsive_1643716018025\"><div class=\"wpb_column vc_column_container col-xs-mobile-fullwidth vc_col-sm-3\"><div class=\"vc_column-inner\"><div class=\"wpb_wrapper\"><\/div><\/div><\/div><div class=\"wpb_column vc_column_container col-xs-mobile-fullwidth vc_col-sm-6 text-left md-text-left sm-text-left xs-text-left\"><div class=\"vc_column-inner\"><div class=\"wpb_wrapper\"><ul class=\"list-style list-style-5 list-style5-1\"><li><i class=\"base-color fa-solid fa-minus hongo_font_1649076160542\"><\/i><span>Dipl\u00f4me de guide touristique professionnel, en italien, anglais et fran\u00e7ais, d\u00e9livr\u00e9e par le d\u00e9partement de Reggio Emilia<\/span><\/li><li><i class=\"base-color fa-solid fa-minus hongo_font_1649076160542\"><\/i><span>Sp\u00e9cialisation en \u0152nogastronomie et culture mat\u00e9rielle d\u00e9livr\u00e9e par le d\u00e9partement de Reggio Emilia<\/span><\/li><li><i class=\"base-color fa-solid fa-minus hongo_font_1649076160542\"><\/i><span>Dipl\u00f4me de d\u00e9gustateur d\u00e9livr\u00e9 par<a href=\"http:\/\/www.onav.it\/index.php?option=com_content&amp;view=article&amp;id=12&amp;Itemid=26\" target=\"_blank\" rel=\"noopener noreferrer\"> l'Organisation nationale italienne des d\u00e9gustateurs de vins (ONAV - Asti)<\/a><\/span><\/li><li><i class=\"base-color fa-solid fa-minus hongo_font_1649076160542\"><\/i><span>Dipl\u00f4me de d\u00e9gustateur d\u00e9livr\u00e9 par<a href=\"https:\/\/onaoo.it\/\" target=\"_blank\" rel=\"noopener noreferrer\">l'Organisation nationale italienne des d\u00e9gustateurs d'huile d'olive (ONAOO - Imperia)<\/a><\/span><\/li><li><i class=\"base-color fa-solid fa-minus hongo_font_1649076160542\"><\/i><span>Dipl\u00f4me de d\u00e9gustateur de 2nd niveau d\u00e9livr\u00e9 par le <a href=\"http:\/\/www.acetobalsamicotradizionale.it\" target=\"_blank\" rel=\"noopener noreferrer\">Consortium entre producteurs de vinaigre balsamique traditionnel de Reggio Emilia<\/a><\/span><\/li><li><i class=\"base-color fa-solid fa-minus hongo_font_1649076160542\"><\/i><span>Dipl\u00f4me de Ma\u00eetre D\u00e9gustateur d\u00e9livr\u00e9 par<a href=\"http:\/\/www.onaf.it\/\" target=\"_blank\" rel=\"noopener noreferrer\"> l'Organisation nationale italienne des d\u00e9gustateurs de fromages (ONAF - Grinzane Cavour)<\/a><\/span><\/li><li><i class=\"base-color fa-solid fa-minus hongo_font_1649076160542\"><\/i><span>Dipl\u00f4me de d\u00e9gustateur Expert d\u00e9livr\u00e9 par<a href=\"http:\/\/www.parmigianoreggiano.it\/come_gustarlo\/assaggiatori_parmigiano_reggiano\/default.aspx\" target=\"_blank\" rel=\"noopener noreferrer\">l'Association des d\u00e9gustateurs de Parmigiano-Reggiano (APR - Reggio Emilia)<\/a><\/span><\/li><li><i class=\"base-color fa-solid fa-minus hongo_font_1649076160542\"><\/i><span>Membre de l'association des <a href=\"http:\/\/www.guidereggiane.it\/\" target=\"_blank\" rel=\"noopener noreferrer\">guides touristiques de Reggio Emilia et de son d\u00e9partement<\/a><\/span><\/li><\/ul><\/div><\/div><\/div><div class=\"wpb_column vc_column_container col-xs-mobile-fullwidth vc_col-sm-3\"><div class=\"vc_column-inner\"><div class=\"wpb_wrapper\"><\/div><\/div><\/div><\/div><\/div><\/div><\/div><\/section><div class=\"vc_row-full-width vc_clearfix\"><\/div><section data-vc-full-width=\"true\" data-vc-full-width-init=\"false\" class=\"vc_row wpb_row vc_row-fluid  vc_custom_1644837135929   cover-background wow fadeIn vc_row-has-fill hongo-stretch-content hongo-stretch-row-container  hongo_responsive_1644837135931\"><div class=\"wpb_column vc_column_container vc_col-sm-6 vc_col-md-offset-3 vc_col-md-6 vc_col-sm-offset-3 vc_col-xs-12 text-center\"><div class=\"vc_column-inner\"><div class=\"wpb_wrapper\"><div class=\"call-to-action-style-7 hongo-call-to-action-1\"><h2 class=\"call-to-action-title hongo_font_1649076655977 alt-font\">ICI POUR NOUS CONTACTER<\/h2><div class=\"call-to-action-content hongo_font_1649076655979\"><p>Contactez-nous d\u00e8s maintenant pour toute demande d\u2019informations compl\u00e9mentaires<\/p>\n<\/div><a href=\"\/fr\/contactez-nous\" target=\"_self\" class=\"hongo_button_1649076655976 btn btn-base btn-round alt-font btn-small\"><i class=\"icon-info left-icon\" aria-hidden=\"true\"><\/i>CONTACTEZ-NOUS<\/a><\/div><\/div><\/div><\/div><\/section><div class=\"vc_row-full-width vc_clearfix\"><\/div>\n<\/div>","protected":false},"excerpt":{"rendered":"MA PR\u00c9SENTATIONToujours entre la France et l'Italie, travaillant dans le secteur du vin et racontant les produits vinicoles et agroalimentairesJ'ai fini l\u2019Universit\u00e9 en France en 1989, puis je me suis install\u00e9e dans le Frioul-V\u00e9n\u00e9tie Julienne pour commencer ma carri\u00e8re professionnelle dans le secteur du vin. En 2002, forte de mes comp\u00e9tences linguistiques et anim\u00e9e par une immense passion pour le vins que je partage avec mon conjoint Giuseppe, j'ai fond\u00e9 la maison d'\u00e9dition Eno-One en \u00c9milie-Romagne. Une entreprise... dans tous les sens du terme! CE QUE JE FAISMes principales comp\u00e9tences et activit\u00e9sJe suis \u00e9ditrice de livres th\u00e9matiques, mais pas seulement. Je fais aussi des traductions et de l\u2019interpr\u00e9tation en agroalimentaire et notamment en \u0153nologie et machinisme viti-vinicole. Et je dispense toujours plus de formations pour expliquer et pour vulgariser des produits du vaste secteur agroalimentaire. [vc_empty_space height=\"10px\"]GUIDES ET D\u00c9GUSTATIONSJ'aime raconter les produits alimentaires et vinicoles, j'enseigne la d\u00e9gustation de vins, du vinaigre balsamique traditionnel, d'huiles d'olive et du fromage et c\u2019est ma sp\u00e9cialit\u00e9 de guide touristique officielle. Je suis souvent \u00e0 l'\u00e9tranger o\u00f9 mes papilles gustatives sont sollicit\u00e9es lors de concours internationaux de vins, de spiritueux et d'huiles d'olive. ACTIVIT\u00c9S INSTITUTIONNELLESJe suis secr\u00e9taire g\u00e9n\u00e9rale de la f\u00e9d\u00e9ration internationale des journalistes...","protected":false},"author":53,"featured_media":0,"parent":0,"menu_order":0,"comment_status":"closed","ping_status":"closed","template":"","meta":{"footnotes":""},"class_list":["post-101250","page","type-page","status-publish","hentry"],"yoast_head":"<!-- This site is optimized with the Yoast SEO plugin v27.3 - https:\/\/yoast.com\/product\/yoast-seo-wordpress\/ -->\n<title>Anne Meglioli | Eno-One<\/title>\n<meta name=\"robots\" content=\"index, follow, max-snippet:-1, max-image-preview:large, max-video-preview:-1\" \/>\n<link rel=\"canonical\" href=\"https:\/\/www.enoone.com\/fr\/anne-meglioli\/\" \/>\n<meta property=\"og:locale\" content=\"fr_FR\" \/>\n<meta property=\"og:type\" content=\"article\" \/>\n<meta property=\"og:title\" content=\"Anne Meglioli | Eno-One\" \/>\n<meta property=\"og:url\" content=\"https:\/\/www.enoone.com\/fr\/anne-meglioli\/\" \/>\n<meta property=\"og:site_name\" content=\"Eno-One\" \/>\n<meta property=\"article:publisher\" content=\"https:\/\/www.facebook.com\/enoonelibrienologiaviticoltura\/\" \/>\n<meta property=\"article:modified_time\" content=\"2022-04-04T12:51:00+00:00\" \/>\n<meta name=\"twitter:card\" content=\"summary_large_image\" \/>\n<meta name=\"twitter:label1\" content=\"Dur\u00e9e de lecture estim\u00e9e\" \/>\n\t<meta name=\"twitter:data1\" content=\"10 minutes\" \/>\n<script type=\"application\/ld+json\" class=\"yoast-schema-graph\">{\"@context\":\"https:\\\/\\\/schema.org\",\"@graph\":[{\"@type\":\"WebPage\",\"@id\":\"https:\\\/\\\/www.enoone.com\\\/fr\\\/anne-meglioli\\\/\",\"url\":\"https:\\\/\\\/www.enoone.com\\\/fr\\\/anne-meglioli\\\/\",\"name\":\"Anne Meglioli | Eno-One\",\"isPartOf\":{\"@id\":\"https:\\\/\\\/www.enoone.com\\\/fr\\\/#website\"},\"datePublished\":\"2022-02-14T07:23:26+00:00\",\"dateModified\":\"2022-04-04T12:51:00+00:00\",\"breadcrumb\":{\"@id\":\"https:\\\/\\\/www.enoone.com\\\/fr\\\/anne-meglioli\\\/#breadcrumb\"},\"inLanguage\":\"fr-FR\",\"potentialAction\":[{\"@type\":\"ReadAction\",\"target\":[\"https:\\\/\\\/www.enoone.com\\\/fr\\\/anne-meglioli\\\/\"]}]},{\"@type\":\"BreadcrumbList\",\"@id\":\"https:\\\/\\\/www.enoone.com\\\/fr\\\/anne-meglioli\\\/#breadcrumb\",\"itemListElement\":[{\"@type\":\"ListItem\",\"position\":1,\"name\":\"Home\",\"item\":\"https:\\\/\\\/www.enoone.com\\\/fr\\\/\"},{\"@type\":\"ListItem\",\"position\":2,\"name\":\"Anne Meglioli\"}]},{\"@type\":\"WebSite\",\"@id\":\"https:\\\/\\\/www.enoone.com\\\/fr\\\/#website\",\"url\":\"https:\\\/\\\/www.enoone.com\\\/fr\\\/\",\"name\":\"Eno-One\",\"description\":\"Livres et autres\",\"publisher\":{\"@id\":\"https:\\\/\\\/www.enoone.com\\\/fr\\\/#organization\"},\"potentialAction\":[{\"@type\":\"SearchAction\",\"target\":{\"@type\":\"EntryPoint\",\"urlTemplate\":\"https:\\\/\\\/www.enoone.com\\\/fr\\\/?s={search_term_string}\"},\"query-input\":{\"@type\":\"PropertyValueSpecification\",\"valueRequired\":true,\"valueName\":\"search_term_string\"}}],\"inLanguage\":\"fr-FR\"},{\"@type\":\"Organization\",\"@id\":\"https:\\\/\\\/www.enoone.com\\\/fr\\\/#organization\",\"name\":\"Eno-One\",\"url\":\"https:\\\/\\\/www.enoone.com\\\/fr\\\/\",\"logo\":{\"@type\":\"ImageObject\",\"inLanguage\":\"fr-FR\",\"@id\":\"https:\\\/\\\/www.enoone.com\\\/fr\\\/#\\\/schema\\\/logo\\\/image\\\/\",\"url\":\"https:\\\/\\\/www.enoone.com\\\/wp-content\\\/uploads\\\/2024\\\/05\\\/logo-colori-intero.png\",\"contentUrl\":\"https:\\\/\\\/www.enoone.com\\\/wp-content\\\/uploads\\\/2024\\\/05\\\/logo-colori-intero.png\",\"width\":599,\"height\":226,\"caption\":\"Eno-One\"},\"image\":{\"@id\":\"https:\\\/\\\/www.enoone.com\\\/fr\\\/#\\\/schema\\\/logo\\\/image\\\/\"},\"sameAs\":[\"https:\\\/\\\/www.facebook.com\\\/enoonelibrienologiaviticoltura\\\/\",\"https:\\\/\\\/www.linkedin.com\\\/in\\\/annemeglioli\\\/\"]}]}<\/script>\n<!-- \/ Yoast SEO plugin. -->","yoast_head_json":{"title":"Anne Meglioli | Eno-One","robots":{"index":"index","follow":"follow","max-snippet":"max-snippet:-1","max-image-preview":"max-image-preview:large","max-video-preview":"max-video-preview:-1"},"canonical":"https:\/\/www.enoone.com\/fr\/anne-meglioli\/","og_locale":"fr_FR","og_type":"article","og_title":"Anne Meglioli | Eno-One","og_url":"https:\/\/www.enoone.com\/fr\/anne-meglioli\/","og_site_name":"Eno-One","article_publisher":"https:\/\/www.facebook.com\/enoonelibrienologiaviticoltura\/","article_modified_time":"2022-04-04T12:51:00+00:00","twitter_card":"summary_large_image","twitter_misc":{"Dur\u00e9e de lecture estim\u00e9e":"10 minutes"},"schema":{"@context":"https:\/\/schema.org","@graph":[{"@type":"WebPage","@id":"https:\/\/www.enoone.com\/fr\/anne-meglioli\/","url":"https:\/\/www.enoone.com\/fr\/anne-meglioli\/","name":"Anne Meglioli | Eno-One","isPartOf":{"@id":"https:\/\/www.enoone.com\/fr\/#website"},"datePublished":"2022-02-14T07:23:26+00:00","dateModified":"2022-04-04T12:51:00+00:00","breadcrumb":{"@id":"https:\/\/www.enoone.com\/fr\/anne-meglioli\/#breadcrumb"},"inLanguage":"fr-FR","potentialAction":[{"@type":"ReadAction","target":["https:\/\/www.enoone.com\/fr\/anne-meglioli\/"]}]},{"@type":"BreadcrumbList","@id":"https:\/\/www.enoone.com\/fr\/anne-meglioli\/#breadcrumb","itemListElement":[{"@type":"ListItem","position":1,"name":"Home","item":"https:\/\/www.enoone.com\/fr\/"},{"@type":"ListItem","position":2,"name":"Anne Meglioli"}]},{"@type":"WebSite","@id":"https:\/\/www.enoone.com\/fr\/#website","url":"https:\/\/www.enoone.com\/fr\/","name":"Eno-One","description":"Livres et autres","publisher":{"@id":"https:\/\/www.enoone.com\/fr\/#organization"},"potentialAction":[{"@type":"SearchAction","target":{"@type":"EntryPoint","urlTemplate":"https:\/\/www.enoone.com\/fr\/?s={search_term_string}"},"query-input":{"@type":"PropertyValueSpecification","valueRequired":true,"valueName":"search_term_string"}}],"inLanguage":"fr-FR"},{"@type":"Organization","@id":"https:\/\/www.enoone.com\/fr\/#organization","name":"Eno-One","url":"https:\/\/www.enoone.com\/fr\/","logo":{"@type":"ImageObject","inLanguage":"fr-FR","@id":"https:\/\/www.enoone.com\/fr\/#\/schema\/logo\/image\/","url":"https:\/\/www.enoone.com\/wp-content\/uploads\/2024\/05\/logo-colori-intero.png","contentUrl":"https:\/\/www.enoone.com\/wp-content\/uploads\/2024\/05\/logo-colori-intero.png","width":599,"height":226,"caption":"Eno-One"},"image":{"@id":"https:\/\/www.enoone.com\/fr\/#\/schema\/logo\/image\/"},"sameAs":["https:\/\/www.facebook.com\/enoonelibrienologiaviticoltura\/","https:\/\/www.linkedin.com\/in\/annemeglioli\/"]}]}},"_links":{"self":[{"href":"https:\/\/www.enoone.com\/fr\/wp-json\/wp\/v2\/pages\/101250","targetHints":{"allow":["GET"]}}],"collection":[{"href":"https:\/\/www.enoone.com\/fr\/wp-json\/wp\/v2\/pages"}],"about":[{"href":"https:\/\/www.enoone.com\/fr\/wp-json\/wp\/v2\/types\/page"}],"author":[{"embeddable":true,"href":"https:\/\/www.enoone.com\/fr\/wp-json\/wp\/v2\/users\/53"}],"replies":[{"embeddable":true,"href":"https:\/\/www.enoone.com\/fr\/wp-json\/wp\/v2\/comments?post=101250"}],"version-history":[{"count":3,"href":"https:\/\/www.enoone.com\/fr\/wp-json\/wp\/v2\/pages\/101250\/revisions"}],"predecessor-version":[{"id":101264,"href":"https:\/\/www.enoone.com\/fr\/wp-json\/wp\/v2\/pages\/101250\/revisions\/101264"}],"wp:attachment":[{"href":"https:\/\/www.enoone.com\/fr\/wp-json\/wp\/v2\/media?parent=101250"}],"curies":[{"name":"wp","href":"https:\/\/api.w.org\/{rel}","templated":true}]}}