{"id":101253,"date":"2022-02-21T13:02:37","date_gmt":"2022-02-21T11:02:37","guid":{"rendered":"https:\/\/www.enoone.com\/?page_id=101253"},"modified":"2022-04-06T07:25:14","modified_gmt":"2022-04-06T07:25:14","slug":"degustations-guidees","status":"publish","type":"page","link":"https:\/\/www.enoone.com\/fr\/services\/degustations-guidees\/","title":{"rendered":"D\u00e9gustations guid\u00e9es"},"content":{"rendered":"<div class=\"wpb-content-wrapper\"><section class=\"vc_row wpb_row vc_row-fluid\"><div class=\"wpb_column vc_column_container col-xs-mobile-fullwidth vc_col-sm-6 sm-text-left xs-text-left\"><div class=\"vc_column-inner vc_custom_1644832109171  hongo_responsive_1644832109172\"><div class=\"wpb_wrapper\"><h1 class=\"alt-font heading-style-4 vc_custom_1649075698929 heading-1 hongo-section-heading hongo_font_1649075698928\"><span>ACCOMPAGNEMENT DE D\u00c9GUSTATIONS<\/span><\/h1><div class=\"alt-font heading-style-3 heading-2 hongo-section-heading hongo_font_1649075687614\">Eno-One propose des visites guid\u00e9es et des circuits de d\u00e9couverte des produits alimentaires et viticoles.<\/div><\/div><\/div><\/div><div class=\"wpb_column vc_column_container col-xs-mobile-fullwidth vc_col-sm-6 sm-text-left xs-text-left\"><div class=\"vc_column-inner vc_custom_1643636104687  hongo_responsive_1643636104688\"><div class=\"wpb_wrapper\"><div class=\"text-block-content text-medium line-height-32 hongo-text-block-1 last-paragraph-no-margin\"><p>Rejoignez-nous pour une visite ou un circuit gastronomique afin de d\u00e9couvrir une multitude de produits alimentaires et viticoles typiques d\u2019\u00c9milie-Romagne, d\u2019Italie ou de l&#8217;autre c\u00f4t\u00e9 de la fronti\u00e8re?<br \/>\nContactez-moi et nous l&#8217;organiserons.<\/p>\n<p>Vous avez besoin de quelqu&#8217;un pour organiser une d\u00e9gustation de vos vins ou proposer des accords mets et vins, selon la formule Master class, c&#8217;est-\u00e0-dire avec une pr\u00e9sentation technique et des d\u00e9gustations guid\u00e9es de niveau Expert, en Italie ou \u00e0 l&#8217;\u00e9tranger? Nous en serions ravis! Je communiquerai avec vos clients, vos acheteurs.<\/p>\n<\/div><\/div><\/div><\/div><\/section><section data-vc-full-width=\"true\" data-vc-full-width-init=\"false\" data-vc-stretch-content=\"true\" class=\"vc_row wpb_row vc_row-fluid  vc_custom_1644931125159   vc_row-has-fill hongo-stretch-content hongo-stretch-content-fluid vc_row-o-equal-height vc_row-o-content-middle vc_row-flex  hongo_responsive_1644931125160\"><div class=\"wpb_column vc_column_container col-xs-mobile-fullwidth vc_col-sm-12 vc_col-md-6 wow fadeIn\"><div class=\"vc_column-inner vc_custom_1644831878850  hongo_responsive_1644831878851\"><div class=\"wpb_wrapper\"><div class=\"wpb_single_image    hongo-full-width-single-image\">\n\t\t\t<figure class=\"wpb_wrapper vc_figure\">\n\t\t\t\t<div class=\"vc_single_image-wrapper  \"><img loading=\"lazy\" decoding=\"async\" width=\"800\" height=\"524\" src=\"https:\/\/www.enoone.com\/wp-content\/uploads\/2022\/02\/Servizi-Degustazioni-guidate_800x524-V1.jpg\" class=\"vc_single_image-img attachment-full\" alt=\"Degustazioni guidate di vino\" title=\"\" srcset=\"https:\/\/www.enoone.com\/wp-content\/uploads\/2022\/02\/Servizi-Degustazioni-guidate_800x524-V1.jpg 800w, https:\/\/www.enoone.com\/wp-content\/uploads\/2022\/02\/Servizi-Degustazioni-guidate_800x524-V1-300x197.jpg 300w, https:\/\/www.enoone.com\/wp-content\/uploads\/2022\/02\/Servizi-Degustazioni-guidate_800x524-V1-768x503.jpg 768w, https:\/\/www.enoone.com\/wp-content\/uploads\/2022\/02\/Servizi-Degustazioni-guidate_800x524-V1-84x55.jpg 84w, https:\/\/www.enoone.com\/wp-content\/uploads\/2022\/02\/Servizi-Degustazioni-guidate_800x524-V1-200x131.jpg 200w, https:\/\/www.enoone.com\/wp-content\/uploads\/2022\/02\/Servizi-Degustazioni-guidate_800x524-V1-450x295.jpg 450w, https:\/\/www.enoone.com\/wp-content\/uploads\/2022\/02\/Servizi-Degustazioni-guidate_800x524-V1-500x328.jpg 500w\" sizes=\"auto, (max-width: 800px) 100vw, 800px\" \/><\/div>\n\t\t\t<\/figure>\n\t\t\t\n\t\t<\/div><\/div><\/div><\/div><div class=\"wpb_column vc_column_container col-xs-mobile-fullwidth vc_col-sm-12 vc_col-md-6 wow fadeIn text-left sm-text-left xs-text-left\" data-wow-delay= 200ms><div class=\"vc_column-inner vc_custom_1644846037364  hongo_responsive_1644846037365\"><div class=\"wpb_wrapper\"><h1 class=\"alt-font heading-style-4 vc_custom_1649076094095 heading-3 hongo-section-heading hongo_font_1649076094095\"><span>QUELQUES IDEES DE VISITES GASTRONOMIQUES ET VINICOLES<\/span><\/h1><div class=\"alt-font heading-style-3 vc_custom_1649076105520 heading-4 hongo-section-heading hongo_font_1649076105519\">Je vous accompagnerai pour d\u00e9couvrir l\u2019offre gastronomique et vinicole locale.<\/div><ul class=\"list-style list-style-5 list-style5-1 hongo_font_1649076265362\"><li><i class=\"base-color fa-solid fa-minus hongo_font_1649076265361\"><\/i><span>Assistez en direct \u00e0 la transformation du lait en fromage Parmigiano-Reggiano. Vous devrez \u00eatre sur place \u00e0 8 heures du matin, mais cela en vaut la peine.<\/span><\/li><li><i class=\"base-color fa-solid fa-minus hongo_font_1649076265361\"><\/i><span>D\u00e9couvrez le vinaigre balsamique traditionnel de Reggio Emilia et sa fabrication.<\/span><\/li><li><i class=\"base-color fa-solid fa-minus hongo_font_1649076265361\"><\/i><span>Ici, pas besoin de metire votre r\u00e9veil, venez d\u00e9couvrir pourquoi il faut tant d\u2019ann\u00e9es pour sublimer le vinaigre.<\/span><\/li><li><i class=\"base-color fa-solid fa-minus hongo_font_1649076265361\"><\/i><span>Comprendre et conna\u00eetre les particularit\u00e9s des charcuteries de notre r\u00e9gion. Et la tradition des salaisons... quels parfums!<\/span><\/li><li><i class=\"base-color fa-solid fa-minus hongo_font_1649076265361\"><\/i><span>Visite d'un domaine produisant du Lambrusco ou d'autres vins AOP ou IGP<\/span><\/li><li><i class=\"base-color fa-solid fa-minus hongo_font_1649076265361\"><\/i><span>Beaucoup de bulles blanches, rouges et ros\u00e9es, mais il n\u2019y a pas que des bulles.<\/span><\/li><\/ul><div class=\"text-block-content text-medium line-height-32 hongo-text-block-2 last-paragraph-no-margin\"><p>Les visites se d\u00e9roulent en fran\u00e7ais, en anglais ou en italien.<\/p>\n<\/div><\/div><\/div><\/div><\/section><div class=\"vc_row-full-width vc_clearfix\"><\/div><section class=\"vc_row wpb_row vc_row-fluid\"><div class=\"wpb_column vc_column_container col-xs-mobile-fullwidth vc_col-sm-6 sm-text-left xs-text-left\"><div class=\"vc_column-inner vc_custom_1644832109171  hongo_responsive_1644832109172\"><div class=\"wpb_wrapper\"><h1 class=\"alt-font heading-style-4 vc_custom_1649076290405 heading-5 hongo-section-heading hongo_font_1649076290405\"><span>SERVICES<\/span><\/h1><div class=\"alt-font heading-style-3 heading-6 hongo-section-heading hongo_font_1649076302367\">Services de guides touristiques professionnels<\/div><\/div><\/div><\/div><div class=\"wpb_column vc_column_container col-xs-mobile-fullwidth vc_col-sm-6 sm-text-left xs-text-left\"><div class=\"vc_column-inner vc_custom_1643636104687  hongo_responsive_1643636104688\"><div class=\"wpb_wrapper\"><div class=\"text-block-content text-medium line-height-32 hongo-text-block-3 last-paragraph-no-margin\"><p>Visites et d\u00e9gustations comment\u00e9es avec explication de l&#8217;histoire du produit en fran\u00e7ais, en italien, et en anglais.<br \/>\nGuide touristique professionnel, d\u00e9gustateur officiel en fromages, vins, vinaigre balsamique traditionnel, Parmigiano-Reggiano et huile d&#8217;olive.<\/p>\n<\/div><\/div><\/div><\/div><\/section><section data-vc-full-width=\"true\" data-vc-full-width-init=\"false\" data-vc-stretch-content=\"true\" class=\"vc_row wpb_row vc_row-fluid  vc_custom_1645701739917   vc_row-has-fill hongo-stretch-content hongo-stretch-content-fluid vc_row-o-equal-height vc_row-o-content-middle vc_row-flex  hongo_responsive_1645701739919\"><div class=\"wpb_column vc_column_container col-xs-mobile-fullwidth vc_col-sm-12 vc_col-md-6 wow fadeIn\"><div class=\"vc_column-inner vc_custom_1644831878850  hongo_responsive_1644831878851\"><div class=\"wpb_wrapper\"><div class=\"wpb_single_image    hongo-full-width-single-image\">\n\t\t\t<figure class=\"wpb_wrapper vc_figure\">\n\t\t\t\t<div class=\"vc_single_image-wrapper  \"><img loading=\"lazy\" decoding=\"async\" width=\"800\" height=\"524\" src=\"https:\/\/www.enoone.com\/wp-content\/uploads\/2022\/02\/Servizi-Visite-guidate_800x524.jpg\" class=\"vc_single_image-img attachment-full\" alt=\"Guida turistica di una latteria\" title=\"\" srcset=\"https:\/\/www.enoone.com\/wp-content\/uploads\/2022\/02\/Servizi-Visite-guidate_800x524.jpg 800w, https:\/\/www.enoone.com\/wp-content\/uploads\/2022\/02\/Servizi-Visite-guidate_800x524-300x197.jpg 300w, https:\/\/www.enoone.com\/wp-content\/uploads\/2022\/02\/Servizi-Visite-guidate_800x524-768x503.jpg 768w, https:\/\/www.enoone.com\/wp-content\/uploads\/2022\/02\/Servizi-Visite-guidate_800x524-84x55.jpg 84w, https:\/\/www.enoone.com\/wp-content\/uploads\/2022\/02\/Servizi-Visite-guidate_800x524-200x131.jpg 200w, https:\/\/www.enoone.com\/wp-content\/uploads\/2022\/02\/Servizi-Visite-guidate_800x524-450x295.jpg 450w, https:\/\/www.enoone.com\/wp-content\/uploads\/2022\/02\/Servizi-Visite-guidate_800x524-500x328.jpg 500w\" sizes=\"auto, (max-width: 800px) 100vw, 800px\" \/><\/div>\n\t\t\t<\/figure>\n\t\t\t\n\t\t<\/div><\/div><\/div><\/div><div class=\"wpb_column vc_column_container col-xs-mobile-fullwidth vc_col-sm-12 vc_col-md-6 wow fadeIn text-left sm-text-left xs-text-left\" data-wow-delay= 200ms><div class=\"vc_column-inner vc_custom_1644846037364  hongo_responsive_1644846037365\"><div class=\"wpb_wrapper\"><div class=\"alt-font heading-style-4 vc_custom_1649229837295 heading-7 hongo-section-heading hongo_font_1649229837294\"><span>LES VISITES GUID\u00c9ES<\/span><\/div><div class=\"alt-font heading-style-3 vc_custom_1649229843867 heading-8 hongo-section-heading hongo_font_1649229843867\">Types de visites guid\u00e9es<\/div><ul class=\"list-style list-style-5 list-style5-2 hongo_font_1649229910860\"><li><i class=\"base-color fa-solid fa-minus hongo_font_1649229910859\"><\/i><span>Parmigiano-Reggiano: visite des \u00e9tables, laiteries et entrep\u00f4ts d\u2019affinage du fromage<\/span><\/li><li><i class=\"base-color fa-solid fa-minus hongo_font_1649229910859\"><\/i><span>Visite de producteurs de charcuteries artisanales et de lieux d\u2019affinage du jambon de Parme, du culatello, des salaisons et d'autres produits<\/span><\/li><li><i class=\"base-color fa-solid fa-minus hongo_font_1649229910859\"><\/i><span>Visite des vinaigreries de vinaigre balsamique traditionnel : lieux de production et d\u2019affinage<\/span><\/li><li><i class=\"base-color fa-solid fa-minus hongo_font_1649229910859\"><\/i><span>Visite de domaines et de caves de vins tranquilles et mousseux<\/span><\/li><li><i class=\"base-color fa-solid fa-minus hongo_font_1649229910859\"><\/i><span>Visite de marais salants<\/span><\/li><li><i class=\"base-color fa-solid fa-minus hongo_font_1649229910859\"><\/i><span>Visite de mouliniers produisant de l'huile d'olive extra vierge<\/span><\/li><li><i class=\"base-color fa-solid fa-minus hongo_font_1649229910859\"><\/i><span>Visite comment\u00e9e des Mus\u00e9es du go\u00fbt et du monde rural d'\u00c9milie-Romagne<\/span><\/li><li><i class=\"base-color fa-solid fa-minus hongo_font_1649229910859\"><\/i><span>Aper\u00e7u de l'histoire de l'alimentation et des \u00e9changes entre l'ancien et le nouveau monde<\/span><\/li><\/ul><div class=\"alt-font heading-style-4 vc_custom_1649229852755 heading-9 hongo-section-heading hongo_font_1649229852754\">Dur\u00e9e de chaque visite: environ deux heures<\/div><\/div><\/div><\/div><\/section><div class=\"vc_row-full-width vc_clearfix\"><\/div><section class=\"vc_row wpb_row vc_row-fluid  vc_custom_1645447565397   wow fadeIn  hongo_responsive_1645447565399\"><div class=\"wpb_column vc_column_container col-xs-mobile-fullwidth vc_col-sm-12 text-center\"><div class=\"vc_column-inner  hongo_responsive_1644853636901\"><div class=\"wpb_wrapper\"><div class=\"vc_row wpb_row vc_inner vc_row-fluid  vc_custom_1645448083007  hongo_responsive_1645448083008\"><div class=\"wpb_column vc_column_container col-xs-mobile-fullwidth vc_col-sm-3\"><div class=\"vc_column-inner\"><div class=\"wpb_wrapper\"><\/div><\/div><\/div><div class=\"wpb_column vc_column_container col-xs-mobile-fullwidth vc_col-sm-6 text-center md-text-center sm-text-left xs-text-left\"><div class=\"vc_column-inner vc_custom_1645447945700  hongo_responsive_1645447945701\"><div class=\"wpb_wrapper\"><div class=\"separator-style-1 vc_custom_1643626698185 separator-style1-1\"><\/div><div class=\"alt-font heading-style-4 vc_custom_1645448556843 heading-10 hongo-section-heading hongo_font_1645448556842\">GUIDA<\/div><div class=\"alt-font heading-style-3 vc_custom_1645448549417 heading-11 hongo-section-heading hongo_font_1645448549417\">Guida Turistica<\/div><div class=\"text-block-content text-medium line-height-32 hongo-text-block-4 last-paragraph-no-margin\"><p>Anne Meglioli \u00e8 guida turistica ufficiale specializzata in enogastronomia.<\/p>\n<\/div><\/div><\/div><\/div><div class=\"wpb_column vc_column_container col-xs-mobile-fullwidth vc_col-sm-3\"><div class=\"vc_column-inner\"><div class=\"wpb_wrapper\"><\/div><\/div><\/div><\/div><\/div><\/div><\/div><\/section><section data-vc-full-width=\"true\" data-vc-full-width-init=\"false\" class=\"vc_row wpb_row vc_row-fluid  vc_custom_1644837135929   cover-background wow fadeIn vc_row-has-fill hongo-stretch-content hongo-stretch-row-container  hongo_responsive_1644837135931\"><div class=\"wpb_column vc_column_container vc_col-sm-6 vc_col-md-offset-3 vc_col-md-6 vc_col-sm-offset-3 vc_col-xs-12 text-center\"><div class=\"vc_column-inner\"><div class=\"wpb_wrapper\"><div class=\"call-to-action-style-7 hongo-call-to-action-1\"><h2 class=\"call-to-action-title hongo_font_1649076607775 alt-font\">ICI POUR NOUS CONTACTER<\/h2><div class=\"call-to-action-content hongo_font_1649076607778\"><p>Contactez-nous d\u00e8s maintenant pour toute demande d\u2019informations compl\u00e9mentaires<\/p>\n<\/div><a href=\"\/fr\/contactez-nous\" target=\"_self\" class=\"hongo_button_1649076607774 btn btn-base btn-round alt-font btn-small\"><i class=\"icon-info left-icon\" aria-hidden=\"true\"><\/i>CONTACTEZ-NOUS<\/a><\/div><\/div><\/div><\/div><\/section><div class=\"vc_row-full-width vc_clearfix\"><\/div>\n<\/div>","protected":false},"excerpt":{"rendered":"ACCOMPAGNEMENT DE D\u00c9GUSTATIONSEno-One propose des visites guid\u00e9es et des circuits de d\u00e9couverte des produits alimentaires et viticoles.Rejoignez-nous pour une visite ou un circuit gastronomique afin de d\u00e9couvrir une multitude de produits alimentaires et viticoles typiques d\u2019\u00c9milie-Romagne, d\u2019Italie ou de l'autre c\u00f4t\u00e9 de la fronti\u00e8re? Contactez-moi et nous l'organiserons. Vous avez besoin de quelqu'un pour organiser une d\u00e9gustation de vos vins ou proposer des accords mets et vins, selon la formule Master class, c'est-\u00e0-dire avec une pr\u00e9sentation technique et des d\u00e9gustations guid\u00e9es de niveau Expert, en Italie ou \u00e0 l'\u00e9tranger? Nous en serions ravis! Je communiquerai avec vos clients, vos acheteurs. QUELQUES IDEES DE VISITES GASTRONOMIQUES ET VINICOLESJe vous accompagnerai pour d\u00e9couvrir l\u2019offre gastronomique et vinicole locale.Assistez en direct \u00e0 la transformation du lait en fromage Parmigiano-Reggiano. Vous devrez \u00eatre sur place \u00e0 8 heures du matin, mais cela en vaut la peine.D\u00e9couvrez le vinaigre balsamique traditionnel de Reggio Emilia et sa fabrication.Ici, pas besoin de metire votre r\u00e9veil, venez d\u00e9couvrir pourquoi il faut tant d\u2019ann\u00e9es pour sublimer le vinaigre.Comprendre et conna\u00eetre les particularit\u00e9s des charcuteries de notre r\u00e9gion. Et la tradition des salaisons... quels parfums!Visite d'un domaine produisant du Lambrusco ou d'autres vins AOP ou IGPBeaucoup de bulles blanches, rouges...","protected":false},"author":53,"featured_media":0,"parent":101257,"menu_order":0,"comment_status":"closed","ping_status":"closed","template":"","meta":{"footnotes":""},"class_list":["post-101253","page","type-page","status-publish","hentry"],"yoast_head":"<!-- This site is optimized with the Yoast SEO plugin v27.3 - https:\/\/yoast.com\/product\/yoast-seo-wordpress\/ -->\n<title>D\u00e9gustations guid\u00e9es | Eno-One<\/title>\n<meta name=\"robots\" content=\"index, follow, max-snippet:-1, max-image-preview:large, max-video-preview:-1\" \/>\n<link rel=\"canonical\" href=\"https:\/\/www.enoone.com\/fr\/services\/degustations-guidees\/\" \/>\n<meta property=\"og:locale\" content=\"fr_FR\" \/>\n<meta property=\"og:type\" content=\"article\" \/>\n<meta property=\"og:title\" content=\"D\u00e9gustations guid\u00e9es | Eno-One\" \/>\n<meta property=\"og:url\" content=\"https:\/\/www.enoone.com\/fr\/services\/degustations-guidees\/\" \/>\n<meta property=\"og:site_name\" content=\"Eno-One\" \/>\n<meta property=\"article:publisher\" content=\"https:\/\/www.facebook.com\/enoonelibrienologiaviticoltura\/\" \/>\n<meta property=\"article:modified_time\" content=\"2022-04-06T07:25:14+00:00\" \/>\n<meta name=\"twitter:card\" content=\"summary_large_image\" \/>\n<meta name=\"twitter:label1\" content=\"Dur\u00e9e de lecture estim\u00e9e\" \/>\n\t<meta name=\"twitter:data1\" content=\"3 minutes\" \/>\n<script type=\"application\/ld+json\" class=\"yoast-schema-graph\">{\"@context\":\"https:\\\/\\\/schema.org\",\"@graph\":[{\"@type\":\"WebPage\",\"@id\":\"https:\\\/\\\/www.enoone.com\\\/fr\\\/services\\\/degustations-guidees\\\/\",\"url\":\"https:\\\/\\\/www.enoone.com\\\/fr\\\/services\\\/degustations-guidees\\\/\",\"name\":\"D\u00e9gustations guid\u00e9es | Eno-One\",\"isPartOf\":{\"@id\":\"https:\\\/\\\/www.enoone.com\\\/fr\\\/#website\"},\"datePublished\":\"2022-02-21T11:02:37+00:00\",\"dateModified\":\"2022-04-06T07:25:14+00:00\",\"breadcrumb\":{\"@id\":\"https:\\\/\\\/www.enoone.com\\\/fr\\\/services\\\/degustations-guidees\\\/#breadcrumb\"},\"inLanguage\":\"fr-FR\",\"potentialAction\":[{\"@type\":\"ReadAction\",\"target\":[\"https:\\\/\\\/www.enoone.com\\\/fr\\\/services\\\/degustations-guidees\\\/\"]}]},{\"@type\":\"BreadcrumbList\",\"@id\":\"https:\\\/\\\/www.enoone.com\\\/fr\\\/services\\\/degustations-guidees\\\/#breadcrumb\",\"itemListElement\":[{\"@type\":\"ListItem\",\"position\":1,\"name\":\"Home\",\"item\":\"https:\\\/\\\/www.enoone.com\\\/fr\\\/\"},{\"@type\":\"ListItem\",\"position\":2,\"name\":\"Services\",\"item\":\"https:\\\/\\\/www.enoone.com\\\/fr\\\/services\\\/\"},{\"@type\":\"ListItem\",\"position\":3,\"name\":\"D\u00e9gustations guid\u00e9es\"}]},{\"@type\":\"WebSite\",\"@id\":\"https:\\\/\\\/www.enoone.com\\\/fr\\\/#website\",\"url\":\"https:\\\/\\\/www.enoone.com\\\/fr\\\/\",\"name\":\"Eno-One\",\"description\":\"Livres et autres\",\"publisher\":{\"@id\":\"https:\\\/\\\/www.enoone.com\\\/fr\\\/#organization\"},\"potentialAction\":[{\"@type\":\"SearchAction\",\"target\":{\"@type\":\"EntryPoint\",\"urlTemplate\":\"https:\\\/\\\/www.enoone.com\\\/fr\\\/?s={search_term_string}\"},\"query-input\":{\"@type\":\"PropertyValueSpecification\",\"valueRequired\":true,\"valueName\":\"search_term_string\"}}],\"inLanguage\":\"fr-FR\"},{\"@type\":\"Organization\",\"@id\":\"https:\\\/\\\/www.enoone.com\\\/fr\\\/#organization\",\"name\":\"Eno-One\",\"url\":\"https:\\\/\\\/www.enoone.com\\\/fr\\\/\",\"logo\":{\"@type\":\"ImageObject\",\"inLanguage\":\"fr-FR\",\"@id\":\"https:\\\/\\\/www.enoone.com\\\/fr\\\/#\\\/schema\\\/logo\\\/image\\\/\",\"url\":\"https:\\\/\\\/www.enoone.com\\\/wp-content\\\/uploads\\\/2024\\\/05\\\/logo-colori-intero.png\",\"contentUrl\":\"https:\\\/\\\/www.enoone.com\\\/wp-content\\\/uploads\\\/2024\\\/05\\\/logo-colori-intero.png\",\"width\":599,\"height\":226,\"caption\":\"Eno-One\"},\"image\":{\"@id\":\"https:\\\/\\\/www.enoone.com\\\/fr\\\/#\\\/schema\\\/logo\\\/image\\\/\"},\"sameAs\":[\"https:\\\/\\\/www.facebook.com\\\/enoonelibrienologiaviticoltura\\\/\",\"https:\\\/\\\/www.linkedin.com\\\/in\\\/annemeglioli\\\/\"]}]}<\/script>\n<!-- \/ Yoast SEO plugin. -->","yoast_head_json":{"title":"D\u00e9gustations guid\u00e9es | Eno-One","robots":{"index":"index","follow":"follow","max-snippet":"max-snippet:-1","max-image-preview":"max-image-preview:large","max-video-preview":"max-video-preview:-1"},"canonical":"https:\/\/www.enoone.com\/fr\/services\/degustations-guidees\/","og_locale":"fr_FR","og_type":"article","og_title":"D\u00e9gustations guid\u00e9es | Eno-One","og_url":"https:\/\/www.enoone.com\/fr\/services\/degustations-guidees\/","og_site_name":"Eno-One","article_publisher":"https:\/\/www.facebook.com\/enoonelibrienologiaviticoltura\/","article_modified_time":"2022-04-06T07:25:14+00:00","twitter_card":"summary_large_image","twitter_misc":{"Dur\u00e9e de lecture estim\u00e9e":"3 minutes"},"schema":{"@context":"https:\/\/schema.org","@graph":[{"@type":"WebPage","@id":"https:\/\/www.enoone.com\/fr\/services\/degustations-guidees\/","url":"https:\/\/www.enoone.com\/fr\/services\/degustations-guidees\/","name":"D\u00e9gustations guid\u00e9es | Eno-One","isPartOf":{"@id":"https:\/\/www.enoone.com\/fr\/#website"},"datePublished":"2022-02-21T11:02:37+00:00","dateModified":"2022-04-06T07:25:14+00:00","breadcrumb":{"@id":"https:\/\/www.enoone.com\/fr\/services\/degustations-guidees\/#breadcrumb"},"inLanguage":"fr-FR","potentialAction":[{"@type":"ReadAction","target":["https:\/\/www.enoone.com\/fr\/services\/degustations-guidees\/"]}]},{"@type":"BreadcrumbList","@id":"https:\/\/www.enoone.com\/fr\/services\/degustations-guidees\/#breadcrumb","itemListElement":[{"@type":"ListItem","position":1,"name":"Home","item":"https:\/\/www.enoone.com\/fr\/"},{"@type":"ListItem","position":2,"name":"Services","item":"https:\/\/www.enoone.com\/fr\/services\/"},{"@type":"ListItem","position":3,"name":"D\u00e9gustations guid\u00e9es"}]},{"@type":"WebSite","@id":"https:\/\/www.enoone.com\/fr\/#website","url":"https:\/\/www.enoone.com\/fr\/","name":"Eno-One","description":"Livres et autres","publisher":{"@id":"https:\/\/www.enoone.com\/fr\/#organization"},"potentialAction":[{"@type":"SearchAction","target":{"@type":"EntryPoint","urlTemplate":"https:\/\/www.enoone.com\/fr\/?s={search_term_string}"},"query-input":{"@type":"PropertyValueSpecification","valueRequired":true,"valueName":"search_term_string"}}],"inLanguage":"fr-FR"},{"@type":"Organization","@id":"https:\/\/www.enoone.com\/fr\/#organization","name":"Eno-One","url":"https:\/\/www.enoone.com\/fr\/","logo":{"@type":"ImageObject","inLanguage":"fr-FR","@id":"https:\/\/www.enoone.com\/fr\/#\/schema\/logo\/image\/","url":"https:\/\/www.enoone.com\/wp-content\/uploads\/2024\/05\/logo-colori-intero.png","contentUrl":"https:\/\/www.enoone.com\/wp-content\/uploads\/2024\/05\/logo-colori-intero.png","width":599,"height":226,"caption":"Eno-One"},"image":{"@id":"https:\/\/www.enoone.com\/fr\/#\/schema\/logo\/image\/"},"sameAs":["https:\/\/www.facebook.com\/enoonelibrienologiaviticoltura\/","https:\/\/www.linkedin.com\/in\/annemeglioli\/"]}]}},"_links":{"self":[{"href":"https:\/\/www.enoone.com\/fr\/wp-json\/wp\/v2\/pages\/101253","targetHints":{"allow":["GET"]}}],"collection":[{"href":"https:\/\/www.enoone.com\/fr\/wp-json\/wp\/v2\/pages"}],"about":[{"href":"https:\/\/www.enoone.com\/fr\/wp-json\/wp\/v2\/types\/page"}],"author":[{"embeddable":true,"href":"https:\/\/www.enoone.com\/fr\/wp-json\/wp\/v2\/users\/53"}],"replies":[{"embeddable":true,"href":"https:\/\/www.enoone.com\/fr\/wp-json\/wp\/v2\/comments?post=101253"}],"version-history":[{"count":4,"href":"https:\/\/www.enoone.com\/fr\/wp-json\/wp\/v2\/pages\/101253\/revisions"}],"predecessor-version":[{"id":101497,"href":"https:\/\/www.enoone.com\/fr\/wp-json\/wp\/v2\/pages\/101253\/revisions\/101497"}],"up":[{"embeddable":true,"href":"https:\/\/www.enoone.com\/fr\/wp-json\/wp\/v2\/pages\/101257"}],"wp:attachment":[{"href":"https:\/\/www.enoone.com\/fr\/wp-json\/wp\/v2\/media?parent=101253"}],"curies":[{"name":"wp","href":"https:\/\/api.w.org\/{rel}","templated":true}]}}