{"id":101257,"date":"2022-02-14T11:28:03","date_gmt":"2022-02-14T09:28:03","guid":{"rendered":"https:\/\/www.enoone.com\/?page_id=101257"},"modified":"2022-04-04T13:28:30","modified_gmt":"2022-04-04T13:28:30","slug":"services","status":"publish","type":"page","link":"https:\/\/www.enoone.com\/fr\/services\/","title":{"rendered":"Services"},"content":{"rendered":"<div class=\"wpb-content-wrapper\"><section class=\"vc_row wpb_row vc_row-fluid\"><div class=\"wpb_column vc_column_container col-xs-mobile-fullwidth vc_col-sm-6 sm-text-left xs-text-left\"><div class=\"vc_column-inner vc_custom_1644832109171  hongo_responsive_1644832109172\"><div class=\"wpb_wrapper\"><h1 class=\"alt-font heading-style-4 vc_custom_1649076284270 heading-1 hongo-section-heading hongo_font_1649076284269\"><span>NOTRE OFFRE DE SERVICES<\/span><\/h1><div class=\"alt-font heading-style-3 heading-2 hongo-section-heading hongo_font_1649076290051\">De nombreux services dans le monde du vin et des produits alimentaires<\/div><\/div><\/div><\/div><div class=\"wpb_column vc_column_container col-xs-mobile-fullwidth vc_col-sm-6 sm-text-left xs-text-left\"><div class=\"vc_column-inner vc_custom_1643636104687  hongo_responsive_1643636104688\"><div class=\"wpb_wrapper\"><div class=\"text-block-content text-medium line-height-32 hongo-text-block-1 last-paragraph-no-margin\"><p style=\"font-weight: 400;\">Inde\u0301pendamment de la traduction et la publication de livres, nous diffusons et racontons e\u0301galement la culture vinicole et gastronomique en proposant des services de formation, de visite touristique et d&#8217;organisation d&#8217;e\u0301ve\u0301nements.<\/p>\n<\/div><\/div><\/div><\/div><\/section><section data-vc-full-width=\"true\" data-vc-full-width-init=\"false\" class=\"vc_row wpb_row vc_row-fluid  vc_custom_1644844475612   vc_row-has-fill vc_column-gap-20 hongo-stretch-content hongo-stretch-row-container  hongo_responsive_1644844475613\"><div class=\"wpb_column vc_column_container col-xs-mobile-fullwidth vc_col-sm-4 wow fadeIn text-center\"><div class=\"vc_column-inner vc_custom_1644844043560 no-column-padding\"><div class=\"wpb_wrapper\"><div class=\"hongo-featurebox-wrap hongo-product-featurebox rotate-box-style-3 hongo-rotatebox-3-1\"><div class=\"hongo-rotatebox-wrapper\"><div class=\"hongo-rotatebox-wrap\"><img loading=\"lazy\" decoding=\"async\" width=\"960\" height=\"750\" src=\"https:\/\/www.enoone.com\/wp-content\/uploads\/2022\/02\/Formazione-assaggio.jpg\" class=\"attachment-full size-full\" alt=\"Formazione all&#039;assaggio\" srcset=\"https:\/\/www.enoone.com\/wp-content\/uploads\/2022\/02\/Formazione-assaggio.jpg 960w, https:\/\/www.enoone.com\/wp-content\/uploads\/2022\/02\/Formazione-assaggio-300x234.jpg 300w, https:\/\/www.enoone.com\/wp-content\/uploads\/2022\/02\/Formazione-assaggio-768x600.jpg 768w, https:\/\/www.enoone.com\/wp-content\/uploads\/2022\/02\/Formazione-assaggio-84x66.jpg 84w, https:\/\/www.enoone.com\/wp-content\/uploads\/2022\/02\/Formazione-assaggio-200x156.jpg 200w, https:\/\/www.enoone.com\/wp-content\/uploads\/2022\/02\/Formazione-assaggio-450x352.jpg 450w, https:\/\/www.enoone.com\/wp-content\/uploads\/2022\/02\/Formazione-assaggio-500x391.jpg 500w, https:\/\/www.enoone.com\/wp-content\/uploads\/2022\/02\/Formazione-assaggio-800x625.jpg 800w\" sizes=\"auto, (max-width: 960px) 100vw, 960px\" \/><div class=\"hongo-rotatebox-title hongo_font_1649078827106 alt-font\">Formation \u00e0 la d\u00e9gustation<\/div><\/div><div class=\"hongo-rotatebox-content-hover\"><div class=\"hongo-rotatebox-content-middle\"><div class=\"hongo-rotatebox-title hongo_font_1649078827106 alt-font\">Formation \u00e0 la d\u00e9gustation<\/div><div class=\"hongo-rotatebox-content hongo_font_1649078827109\">Vin, fromage, huile d'olive et vinaigre balsamique<\/div><a href=\"https:\/\/www.enoone.com\/fr\/formation-a-la-degustation\/\" target=\"_self\" class=\"btn btn-white\">D\u00c9COUVREZ<\/a><\/div><\/div><\/div><\/div><\/div><\/div><\/div><div class=\"wpb_column vc_column_container col-xs-mobile-fullwidth vc_col-sm-4 wow fadeIn text-center\" data-wow-delay= 200ms><div class=\"vc_column-inner vc_custom_1644844051527 no-column-padding\"><div class=\"wpb_wrapper\"><div class=\"hongo-featurebox-wrap hongo-product-featurebox rotate-box-style-3 hongo-rotatebox-3-2\"><div class=\"hongo-rotatebox-wrapper\"><div class=\"hongo-rotatebox-wrap\"><img loading=\"lazy\" decoding=\"async\" width=\"960\" height=\"750\" src=\"https:\/\/www.enoone.com\/wp-content\/uploads\/2022\/02\/Degustazioni-guidate.jpg\" class=\"attachment-full size-full\" alt=\"Degustazioni guidate\" srcset=\"https:\/\/www.enoone.com\/wp-content\/uploads\/2022\/02\/Degustazioni-guidate.jpg 960w, https:\/\/www.enoone.com\/wp-content\/uploads\/2022\/02\/Degustazioni-guidate-300x234.jpg 300w, https:\/\/www.enoone.com\/wp-content\/uploads\/2022\/02\/Degustazioni-guidate-768x600.jpg 768w, https:\/\/www.enoone.com\/wp-content\/uploads\/2022\/02\/Degustazioni-guidate-84x66.jpg 84w, https:\/\/www.enoone.com\/wp-content\/uploads\/2022\/02\/Degustazioni-guidate-200x156.jpg 200w, https:\/\/www.enoone.com\/wp-content\/uploads\/2022\/02\/Degustazioni-guidate-450x352.jpg 450w, https:\/\/www.enoone.com\/wp-content\/uploads\/2022\/02\/Degustazioni-guidate-500x391.jpg 500w, https:\/\/www.enoone.com\/wp-content\/uploads\/2022\/02\/Degustazioni-guidate-800x625.jpg 800w\" sizes=\"auto, (max-width: 960px) 100vw, 960px\" \/><div class=\"hongo-rotatebox-title hongo_font_1649078843243 alt-font\">Visites guid\u00e9es et d\u00e9gustations<\/div><\/div><div class=\"hongo-rotatebox-content-hover\"><div class=\"hongo-rotatebox-content-middle\"><div class=\"hongo-rotatebox-title hongo_font_1649078843243 alt-font\">Visites guid\u00e9es et d\u00e9gustations<\/div><div class=\"hongo-rotatebox-content hongo_font_1649078843247\">Master Class niveau expert sur les produits alimentaires et vinicoles<\/div><a href=\"https:\/\/www.enoone.com\/fr\/services\/degustations-guidees\/\" target=\"_self\" class=\"btn btn-white\">D\u00c9COUVREZ<\/a><\/div><\/div><\/div><\/div><\/div><\/div><\/div><div class=\"wpb_column vc_column_container col-xs-mobile-fullwidth vc_col-sm-4 wow fadeIn text-center\" data-wow-delay= 400ms><div class=\"vc_column-inner vc_custom_1644844258247 no-column-padding\"><div class=\"wpb_wrapper\"><div class=\"hongo-featurebox-wrap hongo-product-featurebox rotate-box-style-3 hongo-rotatebox-3-3\"><div class=\"hongo-rotatebox-wrapper\"><div class=\"hongo-rotatebox-wrap\"><img loading=\"lazy\" decoding=\"async\" width=\"960\" height=\"750\" src=\"https:\/\/www.enoone.com\/wp-content\/uploads\/2022\/02\/Illustrazione-prodotti.jpg\" class=\"attachment-full size-full\" alt=\"Illustrazione prodotti\" srcset=\"https:\/\/www.enoone.com\/wp-content\/uploads\/2022\/02\/Illustrazione-prodotti.jpg 960w, https:\/\/www.enoone.com\/wp-content\/uploads\/2022\/02\/Illustrazione-prodotti-300x234.jpg 300w, https:\/\/www.enoone.com\/wp-content\/uploads\/2022\/02\/Illustrazione-prodotti-768x600.jpg 768w, https:\/\/www.enoone.com\/wp-content\/uploads\/2022\/02\/Illustrazione-prodotti-84x66.jpg 84w, https:\/\/www.enoone.com\/wp-content\/uploads\/2022\/02\/Illustrazione-prodotti-200x156.jpg 200w, https:\/\/www.enoone.com\/wp-content\/uploads\/2022\/02\/Illustrazione-prodotti-450x352.jpg 450w, https:\/\/www.enoone.com\/wp-content\/uploads\/2022\/02\/Illustrazione-prodotti-500x391.jpg 500w, https:\/\/www.enoone.com\/wp-content\/uploads\/2022\/02\/Illustrazione-prodotti-800x625.jpg 800w\" sizes=\"auto, (max-width: 960px) 100vw, 960px\" \/><div class=\"hongo-rotatebox-title hongo_font_1649078859126 alt-font\">ILLUSTRATION DE PRODUITS<\/div><\/div><div class=\"hongo-rotatebox-content-hover\"><div class=\"hongo-rotatebox-content-middle\"><div class=\"hongo-rotatebox-title hongo_font_1649078859126 alt-font\">ILLUSTRATION DE PRODUITS<\/div><div class=\"hongo-rotatebox-content hongo_font_1649078859131\">Pour clients, acheteurs, presse, en Italie ou \u00e0 l'\u00e9tranger<\/div><a href=\"https:\/\/www.enoone.com\/fr\/services\/illustrations-de-vos-produits\/\" target=\"_self\" class=\"btn btn-white\">D\u00c9COUVREZ<\/a><\/div><\/div><\/div><\/div><\/div><\/div><\/div><div class=\"wpb_column vc_column_container col-xs-mobile-fullwidth vc_col-sm-4 text-center\"><div class=\"vc_column-inner vc_custom_1644844215096 no-column-padding\"><div class=\"wpb_wrapper\"><div class=\"hongo-featurebox-wrap hongo-product-featurebox rotate-box-style-3 hongo-rotatebox-3-4\"><div class=\"hongo-rotatebox-wrapper\"><div class=\"hongo-rotatebox-wrap\"><img loading=\"lazy\" decoding=\"async\" width=\"960\" height=\"750\" src=\"https:\/\/www.enoone.com\/wp-content\/uploads\/2022\/02\/Organizzazione-eventi.jpg\" class=\"attachment-full size-full\" alt=\"Organizzazione eventi\" srcset=\"https:\/\/www.enoone.com\/wp-content\/uploads\/2022\/02\/Organizzazione-eventi.jpg 960w, https:\/\/www.enoone.com\/wp-content\/uploads\/2022\/02\/Organizzazione-eventi-300x234.jpg 300w, https:\/\/www.enoone.com\/wp-content\/uploads\/2022\/02\/Organizzazione-eventi-768x600.jpg 768w, https:\/\/www.enoone.com\/wp-content\/uploads\/2022\/02\/Organizzazione-eventi-84x66.jpg 84w, https:\/\/www.enoone.com\/wp-content\/uploads\/2022\/02\/Organizzazione-eventi-200x156.jpg 200w, https:\/\/www.enoone.com\/wp-content\/uploads\/2022\/02\/Organizzazione-eventi-450x352.jpg 450w, https:\/\/www.enoone.com\/wp-content\/uploads\/2022\/02\/Organizzazione-eventi-500x391.jpg 500w, https:\/\/www.enoone.com\/wp-content\/uploads\/2022\/02\/Organizzazione-eventi-800x625.jpg 800w\" sizes=\"auto, (max-width: 960px) 100vw, 960px\" \/><div class=\"hongo-rotatebox-title hongo_font_1649078878055 alt-font\">ORGANISATION D'\u00c9V\u00c9NEMENTS<\/div><\/div><div class=\"hongo-rotatebox-content-hover\"><div class=\"hongo-rotatebox-content-middle\"><div class=\"hongo-rotatebox-title hongo_font_1649078878055 alt-font\">ORGANISATION D'\u00c9V\u00c9NEMENTS<\/div><div class=\"hongo-rotatebox-content hongo_font_1649078878059\">\u00c9v\u00e9nements dans le vaste monde du vin<\/div><a href=\"https:\/\/www.enoone.com\/fr\/services\/organisation-devenements\/\" target=\"_self\" class=\"btn btn-white\">D\u00c9COUVREZ<\/a><\/div><\/div><\/div><\/div><\/div><\/div><\/div><div class=\"wpb_column vc_column_container col-xs-mobile-fullwidth vc_col-sm-4 text-center\"><div class=\"vc_column-inner vc_custom_1644844220306 no-column-padding\"><div class=\"wpb_wrapper\"><div class=\"hongo-featurebox-wrap hongo-product-featurebox rotate-box-style-3 hongo-rotatebox-3-5\"><div class=\"hongo-rotatebox-wrapper\"><div class=\"hongo-rotatebox-wrap\"><img loading=\"lazy\" decoding=\"async\" width=\"960\" height=\"750\" src=\"https:\/\/www.enoone.com\/wp-content\/uploads\/2022\/02\/Consulenza.jpg\" class=\"attachment-full size-full\" alt=\"Consulenza\" srcset=\"https:\/\/www.enoone.com\/wp-content\/uploads\/2022\/02\/Consulenza.jpg 960w, https:\/\/www.enoone.com\/wp-content\/uploads\/2022\/02\/Consulenza-300x234.jpg 300w, https:\/\/www.enoone.com\/wp-content\/uploads\/2022\/02\/Consulenza-768x600.jpg 768w, https:\/\/www.enoone.com\/wp-content\/uploads\/2022\/02\/Consulenza-84x66.jpg 84w, https:\/\/www.enoone.com\/wp-content\/uploads\/2022\/02\/Consulenza-200x156.jpg 200w, https:\/\/www.enoone.com\/wp-content\/uploads\/2022\/02\/Consulenza-450x352.jpg 450w, https:\/\/www.enoone.com\/wp-content\/uploads\/2022\/02\/Consulenza-500x391.jpg 500w, https:\/\/www.enoone.com\/wp-content\/uploads\/2022\/02\/Consulenza-800x625.jpg 800w\" sizes=\"auto, (max-width: 960px) 100vw, 960px\" \/><div class=\"hongo-rotatebox-title hongo_font_1649078891954 alt-font\">SERVICES DE CONSEIL<\/div><\/div><div class=\"hongo-rotatebox-content-hover\"><div class=\"hongo-rotatebox-content-middle\"><div class=\"hongo-rotatebox-title hongo_font_1649078891954 alt-font\">SERVICES DE CONSEIL<\/div><div class=\"hongo-rotatebox-content hongo_font_1649078891958\">Pour les producteurs et les comit\u00e9s Interprofessionnels Relations avec la presse<\/div><a href=\"https:\/\/www.enoone.com\/fr\/services\/conseil\/\" target=\"_self\" class=\"btn btn-white\">D\u00c9COUVREZ<\/a><\/div><\/div><\/div><\/div><\/div><\/div><\/div><div class=\"wpb_column vc_column_container col-xs-mobile-fullwidth vc_col-sm-4 text-center\"><div class=\"vc_column-inner vc_custom_1644844225780 no-column-padding\"><div class=\"wpb_wrapper\"><div class=\"hongo-featurebox-wrap hongo-product-featurebox rotate-box-style-3 hongo-rotatebox-3-6\"><div class=\"hongo-rotatebox-wrapper\"><div class=\"hongo-rotatebox-wrap\"><img loading=\"lazy\" decoding=\"async\" width=\"960\" height=\"750\" src=\"https:\/\/www.enoone.com\/wp-content\/uploads\/2022\/02\/Traduzioni-interpretariato.jpg\" class=\"attachment-full size-full\" alt=\"Traduzioni interpretariato\" srcset=\"https:\/\/www.enoone.com\/wp-content\/uploads\/2022\/02\/Traduzioni-interpretariato.jpg 960w, https:\/\/www.enoone.com\/wp-content\/uploads\/2022\/02\/Traduzioni-interpretariato-300x234.jpg 300w, https:\/\/www.enoone.com\/wp-content\/uploads\/2022\/02\/Traduzioni-interpretariato-768x600.jpg 768w, https:\/\/www.enoone.com\/wp-content\/uploads\/2022\/02\/Traduzioni-interpretariato-84x66.jpg 84w, https:\/\/www.enoone.com\/wp-content\/uploads\/2022\/02\/Traduzioni-interpretariato-200x156.jpg 200w, https:\/\/www.enoone.com\/wp-content\/uploads\/2022\/02\/Traduzioni-interpretariato-450x352.jpg 450w, https:\/\/www.enoone.com\/wp-content\/uploads\/2022\/02\/Traduzioni-interpretariato-500x391.jpg 500w, https:\/\/www.enoone.com\/wp-content\/uploads\/2022\/02\/Traduzioni-interpretariato-800x625.jpg 800w\" sizes=\"auto, (max-width: 960px) 100vw, 960px\" \/><div class=\"hongo-rotatebox-title hongo_font_1649078907162 alt-font\">TRADUCTIONS ET INTERPR\u00c9TATIONS<\/div><\/div><div class=\"hongo-rotatebox-content-hover\"><div class=\"hongo-rotatebox-content-middle\"><div class=\"hongo-rotatebox-title hongo_font_1649078907162 alt-font\">TRADUCTIONS ET INTERPR\u00c9TATIONS<\/div><div class=\"hongo-rotatebox-content hongo_font_1649078907166\">Traductions techniques et asserment\u00e9es pour entreprises et particuliers<\/div><a href=\"https:\/\/www.enoone.com\/fr\/services\/traduction\/\" target=\"_self\" class=\"btn btn-white\">D\u00c9COUVREZ<\/a><\/div><\/div><\/div><\/div><\/div><\/div><\/div><div class=\"wpb_column vc_column_container col-xs-mobile-fullwidth vc_col-sm-4 vc_hidden-lg vc_hidden-md vc_hidden-sm vc_hidden-xs text-center\"><div class=\"vc_column-inner vc_custom_1648710955215 no-column-padding\"><div class=\"wpb_wrapper\"><div class=\"hongo-featurebox-wrap hongo-product-featurebox rotate-box-style-3 hongo-rotatebox-3-7\"><div class=\"hongo-rotatebox-wrapper\"><div class=\"hongo-rotatebox-wrap\"><img loading=\"lazy\" decoding=\"async\" width=\"960\" height=\"750\" src=\"https:\/\/www.enoone.com\/wp-content\/uploads\/2022\/02\/Visite-guidate.jpg\" class=\"attachment-full size-full\" alt=\"Visite guidate\" srcset=\"https:\/\/www.enoone.com\/wp-content\/uploads\/2022\/02\/Visite-guidate.jpg 960w, https:\/\/www.enoone.com\/wp-content\/uploads\/2022\/02\/Visite-guidate-300x234.jpg 300w, https:\/\/www.enoone.com\/wp-content\/uploads\/2022\/02\/Visite-guidate-768x600.jpg 768w, https:\/\/www.enoone.com\/wp-content\/uploads\/2022\/02\/Visite-guidate-84x66.jpg 84w, https:\/\/www.enoone.com\/wp-content\/uploads\/2022\/02\/Visite-guidate-200x156.jpg 200w, https:\/\/www.enoone.com\/wp-content\/uploads\/2022\/02\/Visite-guidate-450x352.jpg 450w, https:\/\/www.enoone.com\/wp-content\/uploads\/2022\/02\/Visite-guidate-500x391.jpg 500w, https:\/\/www.enoone.com\/wp-content\/uploads\/2022\/02\/Visite-guidate-800x625.jpg 800w\" sizes=\"auto, (max-width: 960px) 100vw, 960px\" \/><div class=\"hongo-rotatebox-title hongo_font_1648645879135 alt-font\">Guida Turistica<\/div><\/div><div class=\"hongo-rotatebox-content-hover\"><div class=\"hongo-rotatebox-content-middle\"><div class=\"hongo-rotatebox-title hongo_font_1648645879135 alt-font\">Guida Turistica<\/div><div class=\"hongo-rotatebox-content hongo_font_1648645879139\">Specializzata in food &amp; wine<\/div><a href=\"https:\/\/www.enoone.com\/servizi\/guida-turistica\/\" target=\"_self\" class=\"btn btn-white\">Scoprite<\/a><\/div><\/div><\/div><\/div><\/div><\/div><\/div><\/section><div class=\"vc_row-full-width vc_clearfix\"><\/div><section data-vc-full-width=\"true\" data-vc-full-width-init=\"false\" class=\"vc_row wpb_row vc_row-fluid  vc_custom_1644837135929   cover-background wow fadeIn vc_row-has-fill hongo-stretch-content hongo-stretch-row-container  hongo_responsive_1644837135931\"><div class=\"wpb_column vc_column_container vc_col-sm-6 vc_col-md-offset-3 vc_col-md-6 vc_col-sm-offset-3 vc_col-xs-12 text-center\"><div class=\"vc_column-inner\"><div class=\"wpb_wrapper\"><div class=\"call-to-action-style-7 hongo-call-to-action-1\"><h2 class=\"call-to-action-title hongo_font_1649076533888 alt-font\">ICI POUR NOUS CONTACTER<\/h2><div class=\"call-to-action-content hongo_font_1649076533890\"><p>Contactez-nous d\u00e8s maintenant pour toute demande d\u2019informations compl\u00e9mentaires<\/p>\n<\/div><a href=\"\/fr\/contactez-nous\" target=\"_self\" class=\"hongo_button_1649076533887 btn btn-base btn-round alt-font btn-small\"><i class=\"icon-info left-icon\" aria-hidden=\"true\"><\/i>CONTACTEZ-NOUS<\/a><\/div><\/div><\/div><\/div><\/section><div class=\"vc_row-full-width vc_clearfix\"><\/div>\n<\/div>","protected":false},"excerpt":{"rendered":"NOTRE OFFRE DE SERVICESDe nombreux services dans le monde du vin et des produits alimentairesInde\u0301pendamment de la traduction et la publication de livres, nous diffusons et racontons e\u0301galement la culture vinicole et gastronomique en proposant des services de formation, de visite touristique et d'organisation d'e\u0301ve\u0301nements. Formation \u00e0 la d\u00e9gustationFormation \u00e0 la d\u00e9gustationVin, fromage, huile d'olive et vinaigre balsamiqueD\u00c9COUVREZVisites guid\u00e9es et d\u00e9gustationsVisites guid\u00e9es et d\u00e9gustationsMaster Class niveau expert sur les produits alimentaires et vinicolesD\u00c9COUVREZILLUSTRATION DE PRODUITSILLUSTRATION DE PRODUITSPour clients, acheteurs, presse, en Italie ou \u00e0 l'\u00e9trangerD\u00c9COUVREZORGANISATION D'\u00c9V\u00c9NEMENTSORGANISATION D'\u00c9V\u00c9NEMENTS\u00c9v\u00e9nements dans le vaste monde du vinD\u00c9COUVREZSERVICES DE CONSEILSERVICES DE CONSEILPour les producteurs et les comit\u00e9s Interprofessionnels Relations avec la presseD\u00c9COUVREZTRADUCTIONS ET INTERPR\u00c9TATIONSTRADUCTIONS ET INTERPR\u00c9TATIONSTraductions techniques et asserment\u00e9es pour entreprises et particuliersD\u00c9COUVREZGuida TuristicaGuida TuristicaSpecializzata in food &amp; wineScopriteICI POUR NOUS CONTACTERContactez-nous d\u00e8s maintenant pour toute demande d\u2019informations compl\u00e9mentaires CONTACTEZ-NOUS","protected":false},"author":53,"featured_media":0,"parent":0,"menu_order":0,"comment_status":"closed","ping_status":"closed","template":"","meta":{"footnotes":""},"class_list":["post-101257","page","type-page","status-publish","hentry"],"yoast_head":"<!-- This site is optimized with the Yoast SEO plugin v27.3 - https:\/\/yoast.com\/product\/yoast-seo-wordpress\/ -->\n<title>Services | Eno-One<\/title>\n<meta name=\"robots\" content=\"index, follow, max-snippet:-1, max-image-preview:large, max-video-preview:-1\" \/>\n<link rel=\"canonical\" href=\"https:\/\/www.enoone.com\/fr\/services\/\" \/>\n<meta property=\"og:locale\" content=\"fr_FR\" \/>\n<meta property=\"og:type\" content=\"article\" \/>\n<meta property=\"og:title\" content=\"Services | Eno-One\" \/>\n<meta property=\"og:url\" content=\"https:\/\/www.enoone.com\/fr\/services\/\" \/>\n<meta property=\"og:site_name\" content=\"Eno-One\" \/>\n<meta property=\"article:publisher\" content=\"https:\/\/www.facebook.com\/enoonelibrienologiaviticoltura\/\" \/>\n<meta property=\"article:modified_time\" content=\"2022-04-04T13:28:30+00:00\" \/>\n<meta name=\"twitter:card\" content=\"summary_large_image\" \/>\n<meta name=\"twitter:label1\" content=\"Dur\u00e9e de lecture estim\u00e9e\" \/>\n\t<meta name=\"twitter:data1\" content=\"2 minutes\" \/>\n<script type=\"application\/ld+json\" class=\"yoast-schema-graph\">{\"@context\":\"https:\\\/\\\/schema.org\",\"@graph\":[{\"@type\":\"WebPage\",\"@id\":\"https:\\\/\\\/www.enoone.com\\\/fr\\\/services\\\/\",\"url\":\"https:\\\/\\\/www.enoone.com\\\/fr\\\/services\\\/\",\"name\":\"Services | Eno-One\",\"isPartOf\":{\"@id\":\"https:\\\/\\\/www.enoone.com\\\/fr\\\/#website\"},\"datePublished\":\"2022-02-14T09:28:03+00:00\",\"dateModified\":\"2022-04-04T13:28:30+00:00\",\"breadcrumb\":{\"@id\":\"https:\\\/\\\/www.enoone.com\\\/fr\\\/services\\\/#breadcrumb\"},\"inLanguage\":\"fr-FR\",\"potentialAction\":[{\"@type\":\"ReadAction\",\"target\":[\"https:\\\/\\\/www.enoone.com\\\/fr\\\/services\\\/\"]}]},{\"@type\":\"BreadcrumbList\",\"@id\":\"https:\\\/\\\/www.enoone.com\\\/fr\\\/services\\\/#breadcrumb\",\"itemListElement\":[{\"@type\":\"ListItem\",\"position\":1,\"name\":\"Home\",\"item\":\"https:\\\/\\\/www.enoone.com\\\/fr\\\/\"},{\"@type\":\"ListItem\",\"position\":2,\"name\":\"Services\"}]},{\"@type\":\"WebSite\",\"@id\":\"https:\\\/\\\/www.enoone.com\\\/fr\\\/#website\",\"url\":\"https:\\\/\\\/www.enoone.com\\\/fr\\\/\",\"name\":\"Eno-One\",\"description\":\"Livres et autres\",\"publisher\":{\"@id\":\"https:\\\/\\\/www.enoone.com\\\/fr\\\/#organization\"},\"potentialAction\":[{\"@type\":\"SearchAction\",\"target\":{\"@type\":\"EntryPoint\",\"urlTemplate\":\"https:\\\/\\\/www.enoone.com\\\/fr\\\/?s={search_term_string}\"},\"query-input\":{\"@type\":\"PropertyValueSpecification\",\"valueRequired\":true,\"valueName\":\"search_term_string\"}}],\"inLanguage\":\"fr-FR\"},{\"@type\":\"Organization\",\"@id\":\"https:\\\/\\\/www.enoone.com\\\/fr\\\/#organization\",\"name\":\"Eno-One\",\"url\":\"https:\\\/\\\/www.enoone.com\\\/fr\\\/\",\"logo\":{\"@type\":\"ImageObject\",\"inLanguage\":\"fr-FR\",\"@id\":\"https:\\\/\\\/www.enoone.com\\\/fr\\\/#\\\/schema\\\/logo\\\/image\\\/\",\"url\":\"https:\\\/\\\/www.enoone.com\\\/wp-content\\\/uploads\\\/2024\\\/05\\\/logo-colori-intero.png\",\"contentUrl\":\"https:\\\/\\\/www.enoone.com\\\/wp-content\\\/uploads\\\/2024\\\/05\\\/logo-colori-intero.png\",\"width\":599,\"height\":226,\"caption\":\"Eno-One\"},\"image\":{\"@id\":\"https:\\\/\\\/www.enoone.com\\\/fr\\\/#\\\/schema\\\/logo\\\/image\\\/\"},\"sameAs\":[\"https:\\\/\\\/www.facebook.com\\\/enoonelibrienologiaviticoltura\\\/\",\"https:\\\/\\\/www.linkedin.com\\\/in\\\/annemeglioli\\\/\"]}]}<\/script>\n<!-- \/ Yoast SEO plugin. -->","yoast_head_json":{"title":"Services | Eno-One","robots":{"index":"index","follow":"follow","max-snippet":"max-snippet:-1","max-image-preview":"max-image-preview:large","max-video-preview":"max-video-preview:-1"},"canonical":"https:\/\/www.enoone.com\/fr\/services\/","og_locale":"fr_FR","og_type":"article","og_title":"Services | Eno-One","og_url":"https:\/\/www.enoone.com\/fr\/services\/","og_site_name":"Eno-One","article_publisher":"https:\/\/www.facebook.com\/enoonelibrienologiaviticoltura\/","article_modified_time":"2022-04-04T13:28:30+00:00","twitter_card":"summary_large_image","twitter_misc":{"Dur\u00e9e de lecture estim\u00e9e":"2 minutes"},"schema":{"@context":"https:\/\/schema.org","@graph":[{"@type":"WebPage","@id":"https:\/\/www.enoone.com\/fr\/services\/","url":"https:\/\/www.enoone.com\/fr\/services\/","name":"Services | Eno-One","isPartOf":{"@id":"https:\/\/www.enoone.com\/fr\/#website"},"datePublished":"2022-02-14T09:28:03+00:00","dateModified":"2022-04-04T13:28:30+00:00","breadcrumb":{"@id":"https:\/\/www.enoone.com\/fr\/services\/#breadcrumb"},"inLanguage":"fr-FR","potentialAction":[{"@type":"ReadAction","target":["https:\/\/www.enoone.com\/fr\/services\/"]}]},{"@type":"BreadcrumbList","@id":"https:\/\/www.enoone.com\/fr\/services\/#breadcrumb","itemListElement":[{"@type":"ListItem","position":1,"name":"Home","item":"https:\/\/www.enoone.com\/fr\/"},{"@type":"ListItem","position":2,"name":"Services"}]},{"@type":"WebSite","@id":"https:\/\/www.enoone.com\/fr\/#website","url":"https:\/\/www.enoone.com\/fr\/","name":"Eno-One","description":"Livres et autres","publisher":{"@id":"https:\/\/www.enoone.com\/fr\/#organization"},"potentialAction":[{"@type":"SearchAction","target":{"@type":"EntryPoint","urlTemplate":"https:\/\/www.enoone.com\/fr\/?s={search_term_string}"},"query-input":{"@type":"PropertyValueSpecification","valueRequired":true,"valueName":"search_term_string"}}],"inLanguage":"fr-FR"},{"@type":"Organization","@id":"https:\/\/www.enoone.com\/fr\/#organization","name":"Eno-One","url":"https:\/\/www.enoone.com\/fr\/","logo":{"@type":"ImageObject","inLanguage":"fr-FR","@id":"https:\/\/www.enoone.com\/fr\/#\/schema\/logo\/image\/","url":"https:\/\/www.enoone.com\/wp-content\/uploads\/2024\/05\/logo-colori-intero.png","contentUrl":"https:\/\/www.enoone.com\/wp-content\/uploads\/2024\/05\/logo-colori-intero.png","width":599,"height":226,"caption":"Eno-One"},"image":{"@id":"https:\/\/www.enoone.com\/fr\/#\/schema\/logo\/image\/"},"sameAs":["https:\/\/www.facebook.com\/enoonelibrienologiaviticoltura\/","https:\/\/www.linkedin.com\/in\/annemeglioli\/"]}]}},"_links":{"self":[{"href":"https:\/\/www.enoone.com\/fr\/wp-json\/wp\/v2\/pages\/101257","targetHints":{"allow":["GET"]}}],"collection":[{"href":"https:\/\/www.enoone.com\/fr\/wp-json\/wp\/v2\/pages"}],"about":[{"href":"https:\/\/www.enoone.com\/fr\/wp-json\/wp\/v2\/types\/page"}],"author":[{"embeddable":true,"href":"https:\/\/www.enoone.com\/fr\/wp-json\/wp\/v2\/users\/53"}],"replies":[{"embeddable":true,"href":"https:\/\/www.enoone.com\/fr\/wp-json\/wp\/v2\/comments?post=101257"}],"version-history":[{"count":5,"href":"https:\/\/www.enoone.com\/fr\/wp-json\/wp\/v2\/pages\/101257\/revisions"}],"predecessor-version":[{"id":101294,"href":"https:\/\/www.enoone.com\/fr\/wp-json\/wp\/v2\/pages\/101257\/revisions\/101294"}],"wp:attachment":[{"href":"https:\/\/www.enoone.com\/fr\/wp-json\/wp\/v2\/media?parent=101257"}],"curies":[{"name":"wp","href":"https:\/\/api.w.org\/{rel}","templated":true}]}}