{"id":101265,"date":"2018-03-01T13:03:57","date_gmt":"2018-03-01T13:03:57","guid":{"rendered":"https:\/\/www.enoone.com\/?page_id=101265"},"modified":"2022-04-04T12:51:37","modified_gmt":"2022-04-04T12:51:37","slug":"news","status":"publish","type":"page","link":"https:\/\/www.enoone.com\/fr\/news\/","title":{"rendered":"News"},"content":{"rendered":"<div class=\"wpb-content-wrapper\"><section class=\"vc_row wpb_row vc_row-fluid  vc_custom_1645452885328    hongo_responsive_1645452885330\"><div class=\"wpb_column vc_column_container col-xs-mobile-fullwidth vc_col-sm-12\"><div class=\"vc_column-inner  hongo_responsive_1552970534288\"><div class=\"wpb_wrapper\"><div class=\"hongo-blog-styles hongo-blog-masonry\"><div class=\"blog-posts blog-masonry\" data-col=\"2\"><ul class=\"post-grid hongo-blog-common blog-style-unique-1\" data-uniqueid=\"blog-style-unique-1\"><li class=\"grid-sizer\"><\/li><li class=\"grid-item blog-post blog-post-content pull-left equalize sm-equalize-auto blog-style2-1 col-lg-6 col-md-6 col-sm-6 col-xs-12 hongo-no-image hongo-filter-tab-content news\"><div class=\"post-102579 post type-post status-publish format-video hentry category-news post_format-post-format-video\"><div class=\"blog-image\"><div class=\"hongo-blog-post-category alt-font\"><a href=\"https:\/\/www.enoone.com\/category\/news\/\" class=\"hongo-blog-post-meta\" rel=\"category tag\">News<\/a><\/div><\/div><div class=\"blog-text col-md-12\"><div class=\"content\"><a class=\"entry-title alt-font\" href=\"https:\/\/www.enoone.com\/fr\/102579\/\">Auguri!<\/a><div class=\"entry-content\"><\/div><div class=\"separator-line-horizontal-full\"><\/div><\/div><\/div><\/div><\/li><li class=\"grid-item blog-post blog-post-content pull-left equalize sm-equalize-auto blog-style2-2 col-lg-6 col-md-6 col-sm-6 col-xs-12 hongo-filter-tab-content news\"><div class=\"post-102373 post type-post status-publish format-standard has-post-thumbnail hentry category-news\"><div class=\"blog-image\"><a href=\"https:\/\/www.enoone.com\/fr\/siamo-presente-al-salone-del-libro-torino\/\"><img loading=\"lazy\" decoding=\"async\" width=\"450\" height=\"450\" src=\"https:\/\/www.enoone.com\/wp-content\/uploads\/2023\/05\/salone-del-libro-450x450.jpg\" class=\"attachment-hongo-medium-image size-hongo-medium-image wp-post-image\" alt=\"logo ufficiale salone del libro\" title=\"\" srcset=\"https:\/\/www.enoone.com\/wp-content\/uploads\/2023\/05\/salone-del-libro-450x450.jpg 450w, https:\/\/www.enoone.com\/wp-content\/uploads\/2023\/05\/salone-del-libro-300x300.jpg 300w, https:\/\/www.enoone.com\/wp-content\/uploads\/2023\/05\/salone-del-libro-150x150.jpg 150w, https:\/\/www.enoone.com\/wp-content\/uploads\/2023\/05\/salone-del-libro-64x64.jpg 64w, https:\/\/www.enoone.com\/wp-content\/uploads\/2023\/05\/salone-del-libro-84x84.jpg 84w, https:\/\/www.enoone.com\/wp-content\/uploads\/2023\/05\/salone-del-libro-200x200.jpg 200w, https:\/\/www.enoone.com\/wp-content\/uploads\/2023\/05\/salone-del-libro-500x500.jpg 500w, https:\/\/www.enoone.com\/wp-content\/uploads\/2023\/05\/salone-del-libro-100x100.jpg 100w, https:\/\/www.enoone.com\/wp-content\/uploads\/2023\/05\/salone-del-libro.jpg 711w\" sizes=\"auto, (max-width: 450px) 100vw, 450px\" \/><\/a><div class=\"hongo-blog-post-category alt-font\"><a href=\"https:\/\/www.enoone.com\/category\/news\/\" class=\"hongo-blog-post-meta\" rel=\"category tag\">News<\/a><\/div><\/div><div class=\"blog-text col-md-12\"><div class=\"content\"><a class=\"entry-title alt-font\" href=\"https:\/\/www.enoone.com\/fr\/siamo-presente-al-salone-del-libro-torino\/\">Vi aspetto al Salone del libro di Torino!<\/a><div class=\"entry-content\">Al salone del Libro di Torino, sar\u00f2 presente sabato 20 e domenica 21 maggio, mi passate a trovare? Stand H27, padiglione 2...<\/div><div class=\"separator-line-horizontal-full\"><\/div><\/div><\/div><\/div><\/li><li class=\"grid-item blog-post blog-post-content pull-left equalize sm-equalize-auto blog-style2-3 col-lg-6 col-md-6 col-sm-6 col-xs-12 hongo-filter-tab-content news\"><div class=\"post-102367 post type-post status-publish format-standard has-post-thumbnail hentry category-news\"><div class=\"blog-image\"><a href=\"https:\/\/www.enoone.com\/fr\/partecipazione-allenoforum-di-vicenza\/\"><img loading=\"lazy\" decoding=\"async\" width=\"450\" height=\"255\" src=\"https:\/\/www.enoone.com\/wp-content\/uploads\/2023\/05\/Enoforum-ITA2021-2-1536x869-1-450x255.png\" class=\"attachment-hongo-medium-image size-hongo-medium-image wp-post-image\" alt=\"logo ufficiale Enoforum\" title=\"\" srcset=\"https:\/\/www.enoone.com\/wp-content\/uploads\/2023\/05\/Enoforum-ITA2021-2-1536x869-1-450x255.png 450w, https:\/\/www.enoone.com\/wp-content\/uploads\/2023\/05\/Enoforum-ITA2021-2-1536x869-1-300x170.png 300w, https:\/\/www.enoone.com\/wp-content\/uploads\/2023\/05\/Enoforum-ITA2021-2-1536x869-1-1024x579.png 1024w, https:\/\/www.enoone.com\/wp-content\/uploads\/2023\/05\/Enoforum-ITA2021-2-1536x869-1-768x435.png 768w, https:\/\/www.enoone.com\/wp-content\/uploads\/2023\/05\/Enoforum-ITA2021-2-1536x869-1-84x48.png 84w, https:\/\/www.enoone.com\/wp-content\/uploads\/2023\/05\/Enoforum-ITA2021-2-1536x869-1-200x113.png 200w, https:\/\/www.enoone.com\/wp-content\/uploads\/2023\/05\/Enoforum-ITA2021-2-1536x869-1-1200x679.png 1200w, https:\/\/www.enoone.com\/wp-content\/uploads\/2023\/05\/Enoforum-ITA2021-2-1536x869-1-500x283.png 500w, https:\/\/www.enoone.com\/wp-content\/uploads\/2023\/05\/Enoforum-ITA2021-2-1536x869-1-800x453.png 800w, https:\/\/www.enoone.com\/wp-content\/uploads\/2023\/05\/Enoforum-ITA2021-2-1536x869-1.png 1536w\" sizes=\"auto, (max-width: 450px) 100vw, 450px\" \/><\/a><div class=\"hongo-blog-post-category alt-font\"><a href=\"https:\/\/www.enoone.com\/category\/news\/\" class=\"hongo-blog-post-meta\" rel=\"category tag\">News<\/a><\/div><\/div><div class=\"blog-text col-md-12\"><div class=\"content\"><a class=\"entry-title alt-font\" href=\"https:\/\/www.enoone.com\/fr\/partecipazione-allenoforum-di-vicenza\/\">Ci vediamo all&#8217;Enoforum?<\/a><div class=\"entry-content\">Ci vediamo all'Enoforum? A Vicenza da marted\u00ec 16 maggio a gioved\u00ec 18 maggio, stand 11. Troverete tutta la nostra collana di libri...<\/div><div class=\"separator-line-horizontal-full\"><\/div><\/div><\/div><\/div><\/li><li class=\"grid-item blog-post blog-post-content pull-left equalize sm-equalize-auto blog-style2-4 col-lg-6 col-md-6 col-sm-6 col-xs-12 hongo-filter-tab-content news\"><div class=\"post-101955 post type-post status-publish format-standard has-post-thumbnail hentry category-news tag-aleksandrovic-sumadija tag-anne-meglioli tag-belgrade-wine-vision-open-balkan tag-boje-lila-budimir-winery-zupa tag-botunjac tag-cantina tag-doja tag-domaine tag-eno-one tag-grabak-winery tag-ivanovic-winery tag-matijasevic-sumadija tag-prince-rskavac-braca-rajkovic-zupa tag-prokupac tag-radovan-cokot-winery-zupa tag-sveti-gral tag-tenuta tag-tri-morave-temet-three-moravas tag-vila-vina-milosavljevic tag-virtus-mlava tag-winery tag-yotta-winery-zupa tag-zmajevac-winery-sumadija tag-zupa\"><div class=\"blog-image\"><a href=\"https:\/\/www.enoone.com\/fr\/cos-e-il-prokupac\/\"><img loading=\"lazy\" decoding=\"async\" width=\"450\" height=\"203\" src=\"https:\/\/www.enoone.com\/wp-content\/uploads\/2022\/11\/20221014_140428-450x203.jpg\" class=\"attachment-hongo-medium-image size-hongo-medium-image wp-post-image\" alt=\"degustazione di vini da uva Prokupac Serbia\" title=\"\" srcset=\"https:\/\/www.enoone.com\/wp-content\/uploads\/2022\/11\/20221014_140428-450x203.jpg 450w, https:\/\/www.enoone.com\/wp-content\/uploads\/2022\/11\/20221014_140428-300x135.jpg 300w, https:\/\/www.enoone.com\/wp-content\/uploads\/2022\/11\/20221014_140428-1024x461.jpg 1024w, https:\/\/www.enoone.com\/wp-content\/uploads\/2022\/11\/20221014_140428-768x346.jpg 768w, https:\/\/www.enoone.com\/wp-content\/uploads\/2022\/11\/20221014_140428-1536x692.jpg 1536w, https:\/\/www.enoone.com\/wp-content\/uploads\/2022\/11\/20221014_140428-2048x922.jpg 2048w, https:\/\/www.enoone.com\/wp-content\/uploads\/2022\/11\/20221014_140428-84x38.jpg 84w, https:\/\/www.enoone.com\/wp-content\/uploads\/2022\/11\/20221014_140428-200x90.jpg 200w, https:\/\/www.enoone.com\/wp-content\/uploads\/2022\/11\/20221014_140428-1200x540.jpg 1200w, https:\/\/www.enoone.com\/wp-content\/uploads\/2022\/11\/20221014_140428-500x225.jpg 500w, https:\/\/www.enoone.com\/wp-content\/uploads\/2022\/11\/20221014_140428-800x360.jpg 800w\" sizes=\"auto, (max-width: 450px) 100vw, 450px\" \/><\/a><div class=\"hongo-blog-post-category alt-font\"><a href=\"https:\/\/www.enoone.com\/category\/news\/\" class=\"hongo-blog-post-meta\" rel=\"category tag\">News<\/a><\/div><\/div><div class=\"blog-text col-md-12\"><div class=\"content\"><a class=\"entry-title alt-font\" href=\"https:\/\/www.enoone.com\/fr\/cos-e-il-prokupac\/\">Cos&#8217;\u00e8 il Prokupac<\/a><div class=\"entry-content\">Ma veramente conoscete il vitigno Prokupac? La squadra di Igor Lukovic della rivista serba Vinofino da 7 anni fa un bel lavoro...<\/div><div class=\"separator-line-horizontal-full\"><\/div><\/div><\/div><\/div><\/li><li class=\"grid-item blog-post blog-post-content pull-left equalize sm-equalize-auto blog-style2-5 col-lg-6 col-md-6 col-sm-6 col-xs-12 hongo-filter-tab-content news-fr\"><div class=\"post-101313 post type-post status-publish format-standard has-post-thumbnail hentry category-news-fr\"><div class=\"blog-image\"><a href=\"https:\/\/www.enoone.com\/fr\/potatura-verde-della-vite\/\"><img loading=\"lazy\" decoding=\"async\" width=\"450\" height=\"296\" src=\"https:\/\/www.enoone.com\/wp-content\/uploads\/2022\/02\/Potatura-verde-1200x790-1-450x296.jpg\" class=\"attachment-hongo-medium-image size-hongo-medium-image wp-post-image\" alt=\"\" title=\"\" srcset=\"https:\/\/www.enoone.com\/wp-content\/uploads\/2022\/02\/Potatura-verde-1200x790-1-450x296.jpg 450w, https:\/\/www.enoone.com\/wp-content\/uploads\/2022\/02\/Potatura-verde-1200x790-1-300x198.jpg 300w, https:\/\/www.enoone.com\/wp-content\/uploads\/2022\/02\/Potatura-verde-1200x790-1-1024x674.jpg 1024w, https:\/\/www.enoone.com\/wp-content\/uploads\/2022\/02\/Potatura-verde-1200x790-1-768x506.jpg 768w, https:\/\/www.enoone.com\/wp-content\/uploads\/2022\/02\/Potatura-verde-1200x790-1-84x55.jpg 84w, https:\/\/www.enoone.com\/wp-content\/uploads\/2022\/02\/Potatura-verde-1200x790-1-200x132.jpg 200w, https:\/\/www.enoone.com\/wp-content\/uploads\/2022\/02\/Potatura-verde-1200x790-1.jpg 1200w, https:\/\/www.enoone.com\/wp-content\/uploads\/2022\/02\/Potatura-verde-1200x790-1-500x329.jpg 500w, https:\/\/www.enoone.com\/wp-content\/uploads\/2022\/02\/Potatura-verde-1200x790-1-800x527.jpg 800w\" sizes=\"auto, (max-width: 450px) 100vw, 450px\" \/><\/a><div class=\"hongo-blog-post-category alt-font\"><a href=\"https:\/\/www.enoone.com\/fr\/category\/news-fr\/\" class=\"hongo-blog-post-meta\" rel=\"category tag\">News<\/a><\/div><\/div><div class=\"blog-text col-md-12\"><div class=\"content\"><a class=\"entry-title alt-font\" href=\"https:\/\/www.enoone.com\/fr\/potatura-verde-della-vite\/\">Potatura verde della Vite<\/a><div class=\"entry-content\">La potatura della vite \u00e8 una lavorazione molto importante nella cura del vigneto perch\u00e9 vincola la qualit\u00e0 delle uve e la produzione....<\/div><div class=\"separator-line-horizontal-full\"><\/div><\/div><\/div><\/div><\/li><\/ul><\/div><\/div><\/div><\/div><\/div><\/section>\n<\/div>","protected":false},"excerpt":{"rendered":"Potatura verde della ViteConsigli per un buon risultato.La potatura della vite \u00e8 una lavorazione molto importante nella cura del vigneto perch\u00e9 vincola la qualit\u00e0 delle uve e la produzione. \u00c8 un insieme di pratiche di coltura che ha lo scopo di dare alla pianta una forma ben definita. Per ottenere un risultato soddisfacente, in termini di quantit\u00e0 e qualit\u00e0, \u00e8 dunque necessario applicare alcune regole. \u00c8 fondamentale eseguire la potatura con attenzione e metodo, per equilibrare imperfezioni estetiche e rimuovere il superfluo. Bisogna ricordare che il primo anno dopo l\u2019impianto la vite non deve essere potata, ma lasciata libera di crescere in maniera tale che possa sviluppare tutto l\u2019apparato radicale e i suoi tralci. Il germoglio che viene emesso in primavera, infatti, durante l\u2019estate lignifica e da quel momento diventa tralcio, il quale a sua volta l\u2019anno seguente porta delle gemme che daranno vita a nuovi tralci. Le modalit\u00e0 di potatura variano a seconda della tipologia di coltivazione e si distinguono fra potatura di allevamento, quella fatta nei primi anni dopo l\u2019impianto, e potatura di produzione, che dipende invece dalla forma di coltivazione prescelta. La vita ha inoltre due periodi di potatura, invernale (detta anche potatura secca) ed estiva (detta...","protected":false},"author":53,"featured_media":0,"parent":0,"menu_order":0,"comment_status":"closed","ping_status":"closed","template":"","meta":{"footnotes":""},"class_list":["post-101265","page","type-page","status-publish","hentry"],"yoast_head":"<!-- This site is optimized with the Yoast SEO plugin v27.3 - https:\/\/yoast.com\/product\/yoast-seo-wordpress\/ -->\n<title>News | Eno-One<\/title>\n<meta name=\"robots\" content=\"index, follow, max-snippet:-1, max-image-preview:large, max-video-preview:-1\" \/>\n<link rel=\"canonical\" href=\"https:\/\/www.enoone.com\/fr\/news\/\" \/>\n<meta property=\"og:locale\" content=\"fr_FR\" \/>\n<meta property=\"og:type\" content=\"article\" \/>\n<meta property=\"og:title\" content=\"News | Eno-One\" \/>\n<meta property=\"og:url\" content=\"https:\/\/www.enoone.com\/fr\/news\/\" \/>\n<meta property=\"og:site_name\" content=\"Eno-One\" \/>\n<meta property=\"article:publisher\" content=\"https:\/\/www.facebook.com\/enoonelibrienologiaviticoltura\/\" \/>\n<meta property=\"article:modified_time\" content=\"2022-04-04T12:51:37+00:00\" \/>\n<meta name=\"twitter:card\" content=\"summary_large_image\" \/>\n<meta name=\"twitter:label1\" content=\"Dur\u00e9e de lecture estim\u00e9e\" \/>\n\t<meta name=\"twitter:data1\" content=\"1 minute\" \/>\n<script type=\"application\/ld+json\" class=\"yoast-schema-graph\">{\"@context\":\"https:\\\/\\\/schema.org\",\"@graph\":[{\"@type\":\"WebPage\",\"@id\":\"https:\\\/\\\/www.enoone.com\\\/fr\\\/news\\\/\",\"url\":\"https:\\\/\\\/www.enoone.com\\\/fr\\\/news\\\/\",\"name\":\"News | Eno-One\",\"isPartOf\":{\"@id\":\"https:\\\/\\\/www.enoone.com\\\/fr\\\/#website\"},\"datePublished\":\"2018-03-01T13:03:57+00:00\",\"dateModified\":\"2022-04-04T12:51:37+00:00\",\"breadcrumb\":{\"@id\":\"https:\\\/\\\/www.enoone.com\\\/fr\\\/news\\\/#breadcrumb\"},\"inLanguage\":\"fr-FR\",\"potentialAction\":[{\"@type\":\"ReadAction\",\"target\":[\"https:\\\/\\\/www.enoone.com\\\/fr\\\/news\\\/\"]}]},{\"@type\":\"BreadcrumbList\",\"@id\":\"https:\\\/\\\/www.enoone.com\\\/fr\\\/news\\\/#breadcrumb\",\"itemListElement\":[{\"@type\":\"ListItem\",\"position\":1,\"name\":\"Home\",\"item\":\"https:\\\/\\\/www.enoone.com\\\/fr\\\/\"},{\"@type\":\"ListItem\",\"position\":2,\"name\":\"News\"}]},{\"@type\":\"WebSite\",\"@id\":\"https:\\\/\\\/www.enoone.com\\\/fr\\\/#website\",\"url\":\"https:\\\/\\\/www.enoone.com\\\/fr\\\/\",\"name\":\"Eno-One\",\"description\":\"Livres et autres\",\"publisher\":{\"@id\":\"https:\\\/\\\/www.enoone.com\\\/fr\\\/#organization\"},\"potentialAction\":[{\"@type\":\"SearchAction\",\"target\":{\"@type\":\"EntryPoint\",\"urlTemplate\":\"https:\\\/\\\/www.enoone.com\\\/fr\\\/?s={search_term_string}\"},\"query-input\":{\"@type\":\"PropertyValueSpecification\",\"valueRequired\":true,\"valueName\":\"search_term_string\"}}],\"inLanguage\":\"fr-FR\"},{\"@type\":\"Organization\",\"@id\":\"https:\\\/\\\/www.enoone.com\\\/fr\\\/#organization\",\"name\":\"Eno-One\",\"url\":\"https:\\\/\\\/www.enoone.com\\\/fr\\\/\",\"logo\":{\"@type\":\"ImageObject\",\"inLanguage\":\"fr-FR\",\"@id\":\"https:\\\/\\\/www.enoone.com\\\/fr\\\/#\\\/schema\\\/logo\\\/image\\\/\",\"url\":\"https:\\\/\\\/www.enoone.com\\\/wp-content\\\/uploads\\\/2024\\\/05\\\/logo-colori-intero.png\",\"contentUrl\":\"https:\\\/\\\/www.enoone.com\\\/wp-content\\\/uploads\\\/2024\\\/05\\\/logo-colori-intero.png\",\"width\":599,\"height\":226,\"caption\":\"Eno-One\"},\"image\":{\"@id\":\"https:\\\/\\\/www.enoone.com\\\/fr\\\/#\\\/schema\\\/logo\\\/image\\\/\"},\"sameAs\":[\"https:\\\/\\\/www.facebook.com\\\/enoonelibrienologiaviticoltura\\\/\",\"https:\\\/\\\/www.linkedin.com\\\/in\\\/annemeglioli\\\/\"]}]}<\/script>\n<!-- \/ Yoast SEO plugin. -->","yoast_head_json":{"title":"News | Eno-One","robots":{"index":"index","follow":"follow","max-snippet":"max-snippet:-1","max-image-preview":"max-image-preview:large","max-video-preview":"max-video-preview:-1"},"canonical":"https:\/\/www.enoone.com\/fr\/news\/","og_locale":"fr_FR","og_type":"article","og_title":"News | Eno-One","og_url":"https:\/\/www.enoone.com\/fr\/news\/","og_site_name":"Eno-One","article_publisher":"https:\/\/www.facebook.com\/enoonelibrienologiaviticoltura\/","article_modified_time":"2022-04-04T12:51:37+00:00","twitter_card":"summary_large_image","twitter_misc":{"Dur\u00e9e de lecture estim\u00e9e":"1 minute"},"schema":{"@context":"https:\/\/schema.org","@graph":[{"@type":"WebPage","@id":"https:\/\/www.enoone.com\/fr\/news\/","url":"https:\/\/www.enoone.com\/fr\/news\/","name":"News | Eno-One","isPartOf":{"@id":"https:\/\/www.enoone.com\/fr\/#website"},"datePublished":"2018-03-01T13:03:57+00:00","dateModified":"2022-04-04T12:51:37+00:00","breadcrumb":{"@id":"https:\/\/www.enoone.com\/fr\/news\/#breadcrumb"},"inLanguage":"fr-FR","potentialAction":[{"@type":"ReadAction","target":["https:\/\/www.enoone.com\/fr\/news\/"]}]},{"@type":"BreadcrumbList","@id":"https:\/\/www.enoone.com\/fr\/news\/#breadcrumb","itemListElement":[{"@type":"ListItem","position":1,"name":"Home","item":"https:\/\/www.enoone.com\/fr\/"},{"@type":"ListItem","position":2,"name":"News"}]},{"@type":"WebSite","@id":"https:\/\/www.enoone.com\/fr\/#website","url":"https:\/\/www.enoone.com\/fr\/","name":"Eno-One","description":"Livres et autres","publisher":{"@id":"https:\/\/www.enoone.com\/fr\/#organization"},"potentialAction":[{"@type":"SearchAction","target":{"@type":"EntryPoint","urlTemplate":"https:\/\/www.enoone.com\/fr\/?s={search_term_string}"},"query-input":{"@type":"PropertyValueSpecification","valueRequired":true,"valueName":"search_term_string"}}],"inLanguage":"fr-FR"},{"@type":"Organization","@id":"https:\/\/www.enoone.com\/fr\/#organization","name":"Eno-One","url":"https:\/\/www.enoone.com\/fr\/","logo":{"@type":"ImageObject","inLanguage":"fr-FR","@id":"https:\/\/www.enoone.com\/fr\/#\/schema\/logo\/image\/","url":"https:\/\/www.enoone.com\/wp-content\/uploads\/2024\/05\/logo-colori-intero.png","contentUrl":"https:\/\/www.enoone.com\/wp-content\/uploads\/2024\/05\/logo-colori-intero.png","width":599,"height":226,"caption":"Eno-One"},"image":{"@id":"https:\/\/www.enoone.com\/fr\/#\/schema\/logo\/image\/"},"sameAs":["https:\/\/www.facebook.com\/enoonelibrienologiaviticoltura\/","https:\/\/www.linkedin.com\/in\/annemeglioli\/"]}]}},"_links":{"self":[{"href":"https:\/\/www.enoone.com\/fr\/wp-json\/wp\/v2\/pages\/101265","targetHints":{"allow":["GET"]}}],"collection":[{"href":"https:\/\/www.enoone.com\/fr\/wp-json\/wp\/v2\/pages"}],"about":[{"href":"https:\/\/www.enoone.com\/fr\/wp-json\/wp\/v2\/types\/page"}],"author":[{"embeddable":true,"href":"https:\/\/www.enoone.com\/fr\/wp-json\/wp\/v2\/users\/53"}],"replies":[{"embeddable":true,"href":"https:\/\/www.enoone.com\/fr\/wp-json\/wp\/v2\/comments?post=101265"}],"version-history":[{"count":1,"href":"https:\/\/www.enoone.com\/fr\/wp-json\/wp\/v2\/pages\/101265\/revisions"}],"predecessor-version":[{"id":101266,"href":"https:\/\/www.enoone.com\/fr\/wp-json\/wp\/v2\/pages\/101265\/revisions\/101266"}],"wp:attachment":[{"href":"https:\/\/www.enoone.com\/fr\/wp-json\/wp\/v2\/media?parent=101265"}],"curies":[{"name":"wp","href":"https:\/\/api.w.org\/{rel}","templated":true}]}}