{"id":101274,"date":"2022-02-21T13:08:58","date_gmt":"2022-02-21T11:08:58","guid":{"rendered":"https:\/\/www.enoone.com\/?page_id=101274"},"modified":"2022-04-06T07:28:06","modified_gmt":"2022-04-06T07:28:06","slug":"illustrations-de-vos-produits","status":"publish","type":"page","link":"https:\/\/www.enoone.com\/fr\/services\/illustrations-de-vos-produits\/","title":{"rendered":"Illustrations de vos produits"},"content":{"rendered":"<div class=\"wpb-content-wrapper\"><section class=\"vc_row wpb_row vc_row-fluid\"><div class=\"wpb_column vc_column_container col-xs-mobile-fullwidth vc_col-sm-6 sm-text-left xs-text-left\"><div class=\"vc_column-inner vc_custom_1644832109171  hongo_responsive_1644832109172\"><div class=\"wpb_wrapper\"><h1 class=\"alt-font heading-style-4 vc_custom_1649077058738 heading-1 hongo-section-heading hongo_font_1649077058737\"><span>PR\u00c9SENTATION DE PRODUITS<\/span><\/h1><div class=\"alt-font heading-style-3 heading-2 hongo-section-heading hongo_font_1649077073100\">Eno-One vous propose d'illustrer et de pr\u00e9senter vos produits, qu'ils soient vinicoles ou alimentaires, comme si vous le faisiez vous-m\u00eames.<\/div><\/div><\/div><\/div><div class=\"wpb_column vc_column_container col-xs-mobile-fullwidth vc_col-sm-6 sm-text-left xs-text-left\"><div class=\"vc_column-inner vc_custom_1643636104687  hongo_responsive_1643636104688\"><div class=\"wpb_wrapper\"><div class=\"text-block-content text-medium line-height-32 hongo-text-block-1 last-paragraph-no-margin\"><p>Vous devez pr\u00e9senter vos produits \u00e0 des clients, des acheteurs, \u00e0 des journalistes ou \u00e0 la presse? Mais vous \u00eates d\u00e9j\u00e0<br \/>\npris?&#8230; Vous avez besoin de quelqu\u2019un qui puisse vous remplacer? Nous avons la solution: nous les pr\u00e9senterons<br \/>\nexactement comme vous l&#8217;auriez fait&#8230; en Italie et \u00e0 l&#8217;\u00e9tranger. En anglais, fran\u00e7ais ou italien.<\/p>\n<p>Vous avez besoin de quelqu&#8217;un pour organiser une d\u00e9gustation de vos vins ou proposer des accords mets et vins,<br \/>\nselon la formule Master class, c&#8217;est-\u00e0-dire avec une pr\u00e9sentation technique et des d\u00e9gustations guid\u00e9es de niveau<br \/>\nExpert, en Italie ou \u00e0 l&#8217;\u00e9tranger?<\/p>\n<p>Parce qu&#8217;une d\u00e9gustation bien organis\u00e9e fait toute la diff\u00e9rence. Nous sommes l\u00e0 pour vous aider \u00e0 mieux vivre ce<br \/>\nmoment, \u00e0 optimiser votre temps et \u00e0 am\u00e9liorer vos relations avec vos clients, vos acheteurs, les journalistes\u2026.<\/p>\n<\/div><\/div><\/div><\/div><\/section><section data-vc-full-width=\"true\" data-vc-full-width-init=\"false\" data-vc-stretch-content=\"true\" class=\"vc_row wpb_row vc_row-fluid  vc_custom_1644931125159   vc_row-has-fill hongo-stretch-content hongo-stretch-content-fluid vc_row-o-equal-height vc_row-o-content-middle vc_row-flex  hongo_responsive_1644931125160\"><div class=\"wpb_column vc_column_container col-xs-mobile-fullwidth vc_col-sm-12 vc_col-md-6 wow fadeIn\"><div class=\"vc_column-inner vc_custom_1644831878850  hongo_responsive_1644831878851\"><div class=\"wpb_wrapper\"><div class=\"wpb_single_image    hongo-full-width-single-image\">\n\t\t\t<figure class=\"wpb_wrapper vc_figure\">\n\t\t\t\t<div class=\"vc_single_image-wrapper  \"><img loading=\"lazy\" decoding=\"async\" width=\"800\" height=\"524\" src=\"https:\/\/www.enoone.com\/wp-content\/uploads\/2022\/02\/Servizi-Illustrazione-prodotti_800x524.jpg\" class=\"vc_single_image-img attachment-full\" alt=\"Servizi Illustrazione prodotti masterclass formazione in degustazione 800x524\" title=\"\" srcset=\"https:\/\/www.enoone.com\/wp-content\/uploads\/2022\/02\/Servizi-Illustrazione-prodotti_800x524.jpg 800w, https:\/\/www.enoone.com\/wp-content\/uploads\/2022\/02\/Servizi-Illustrazione-prodotti_800x524-300x197.jpg 300w, https:\/\/www.enoone.com\/wp-content\/uploads\/2022\/02\/Servizi-Illustrazione-prodotti_800x524-768x503.jpg 768w, https:\/\/www.enoone.com\/wp-content\/uploads\/2022\/02\/Servizi-Illustrazione-prodotti_800x524-84x55.jpg 84w, https:\/\/www.enoone.com\/wp-content\/uploads\/2022\/02\/Servizi-Illustrazione-prodotti_800x524-200x131.jpg 200w, https:\/\/www.enoone.com\/wp-content\/uploads\/2022\/02\/Servizi-Illustrazione-prodotti_800x524-450x295.jpg 450w, https:\/\/www.enoone.com\/wp-content\/uploads\/2022\/02\/Servizi-Illustrazione-prodotti_800x524-500x328.jpg 500w\" sizes=\"auto, (max-width: 800px) 100vw, 800px\" \/><\/div>\n\t\t\t<\/figure>\n\t\t\t\n\t\t<\/div><\/div><\/div><\/div><div class=\"wpb_column vc_column_container col-xs-mobile-fullwidth vc_col-sm-12 vc_col-md-6 wow fadeIn text-left sm-text-left xs-text-left\" data-wow-delay= 200ms><div class=\"vc_column-inner vc_custom_1644846037364  hongo_responsive_1644846037365\"><div class=\"wpb_wrapper\"><h1 class=\"alt-font heading-style-4 vc_custom_1649077169291 heading-3 hongo-section-heading hongo_font_1649077169290\"><span>TYPES DE PR\u00c9SENTATIONS<\/span><\/h1><div class=\"alt-font heading-style-3 vc_custom_1649077401809 heading-4 hongo-section-heading hongo_font_1649077401808\">Vous rencontrez des clients, des acheteurs \u00e9trangers ou la presse \u00e9trang\u00e8re, en Italie ou ailleurs? Vous participez \u00e0 des foires et \u00e0 des soir\u00e9es \u00e9v\u00e8nements?<\/div><ul class=\"list-style list-style-5 list-style5-1 hongo_font_1649077413454\"><li><i class=\"base-color fa-solid fa-minus hongo_font_1649077413453\"><\/i><span>Vous avez besoin de quelqu'un pour faire comprendre vos produits ou pr\u00e9senter votre entreprise en italien, anglais ou fran\u00e7ais.<\/span><\/li><li><i class=\"base-color fa-solid fa-minus hongo_font_1649077413453\"><\/i><span>Vous avez besoin de quelqu'un pour faire d\u00e9guster vos produits et raconter votre histoire?<\/span><\/li><\/ul><\/div><\/div><\/div><\/section><div class=\"vc_row-full-width vc_clearfix\"><\/div><section class=\"vc_row wpb_row vc_row-fluid  vc_custom_1645447565397   wow fadeIn  hongo_responsive_1645447565399\"><div class=\"wpb_column vc_column_container col-xs-mobile-fullwidth vc_col-sm-12 text-center\"><div class=\"vc_column-inner  hongo_responsive_1644853636901\"><div class=\"wpb_wrapper\"><div class=\"vc_row wpb_row vc_inner vc_row-fluid  vc_custom_1645448083007  hongo_responsive_1645448083008\"><div class=\"wpb_column vc_column_container col-xs-mobile-fullwidth vc_col-sm-3\"><div class=\"vc_column-inner\"><div class=\"wpb_wrapper\"><\/div><\/div><\/div><div class=\"wpb_column vc_column_container col-xs-mobile-fullwidth vc_col-sm-6 text-center md-text-center sm-text-left xs-text-left\"><div class=\"vc_column-inner vc_custom_1645447945700  hongo_responsive_1645447945701\"><div class=\"wpb_wrapper\"><div class=\"separator-style-1 vc_custom_1643626698185 separator-style1-1\"><\/div><div class=\"alt-font heading-style-4 vc_custom_1649230068492 heading-5 hongo-section-heading hongo_font_1649230068491\">EXPERT<\/div><div class=\"alt-font heading-style-3 vc_custom_1649230075267 heading-6 hongo-section-heading hongo_font_1649230075266\">Exp\u00e9riences gastronomiques et vitivinicoles<\/div><div class=\"text-block-content text-medium line-height-32 hongo-text-block-2 last-paragraph-no-margin\"><p>Anne Meglioli a une grande exp\u00e9rience dans le secteur du vin et de l&#8217;alimentation. Elle vous assistera pour expliquer l\u2019id\u00e9e, la philosophie, le concept de vos vins \u00e0 vos clients, importateurs, prospects, distributeurs, agents, journalistes, repr\u00e9sentants, \u00e9crivains du vin, reporters, blogueurs, influenceurs ou simplement aux amateurs et \u0153nophiles en Italie ou \u00e0 l&#8217;\u00e9tranger.<\/p>\n<\/div><\/div><\/div><\/div><div class=\"wpb_column vc_column_container col-xs-mobile-fullwidth vc_col-sm-3\"><div class=\"vc_column-inner\"><div class=\"wpb_wrapper\"><\/div><\/div><\/div><\/div><\/div><\/div><\/div><\/section><section data-vc-full-width=\"true\" data-vc-full-width-init=\"false\" class=\"vc_row wpb_row vc_row-fluid  vc_custom_1644837135929   cover-background wow fadeIn vc_row-has-fill hongo-stretch-content hongo-stretch-row-container  hongo_responsive_1644837135931\"><div class=\"wpb_column vc_column_container vc_col-sm-6 vc_col-md-offset-3 vc_col-md-6 vc_col-sm-offset-3 vc_col-xs-12 text-center\"><div class=\"vc_column-inner\"><div class=\"wpb_wrapper\"><div class=\"call-to-action-style-7 hongo-call-to-action-1\"><h2 class=\"call-to-action-title hongo_font_1649077315564 alt-font\">ICI POUR NOUS CONTACTER<\/h2><div class=\"call-to-action-content hongo_font_1649077315565\"><p>Contactez-nous d\u00e8s maintenant pour toute demande d\u2019informations compl\u00e9mentaires<\/p>\n<\/div><a href=\"\/fr\/contactez-nous\" target=\"_self\" class=\"hongo_button_1649077315563 btn btn-base btn-round alt-font btn-small\"><i class=\"icon-info left-icon\" aria-hidden=\"true\"><\/i>CONTACTEZ-NOUS<\/a><\/div><\/div><\/div><\/div><\/section><div class=\"vc_row-full-width vc_clearfix\"><\/div>\n<\/div>","protected":false},"excerpt":{"rendered":"PR\u00c9SENTATION DE PRODUITSEno-One vous propose d'illustrer et de pr\u00e9senter vos produits, qu'ils soient vinicoles ou alimentaires, comme si vous le faisiez vous-m\u00eames.Vous devez pr\u00e9senter vos produits \u00e0 des clients, des acheteurs, \u00e0 des journalistes ou \u00e0 la presse? Mais vous \u00eates d\u00e9j\u00e0 pris?... Vous avez besoin de quelqu\u2019un qui puisse vous remplacer? Nous avons la solution: nous les pr\u00e9senterons exactement comme vous l'auriez fait... en Italie et \u00e0 l'\u00e9tranger. En anglais, fran\u00e7ais ou italien. Vous avez besoin de quelqu'un pour organiser une d\u00e9gustation de vos vins ou proposer des accords mets et vins, selon la formule Master class, c'est-\u00e0-dire avec une pr\u00e9sentation technique et des d\u00e9gustations guid\u00e9es de niveau Expert, en Italie ou \u00e0 l'\u00e9tranger? Parce qu'une d\u00e9gustation bien organis\u00e9e fait toute la diff\u00e9rence. Nous sommes l\u00e0 pour vous aider \u00e0 mieux vivre ce moment, \u00e0 optimiser votre temps et \u00e0 am\u00e9liorer vos relations avec vos clients, vos acheteurs, les journalistes\u2026. TYPES DE PR\u00c9SENTATIONSVous rencontrez des clients, des acheteurs \u00e9trangers ou la presse \u00e9trang\u00e8re, en Italie ou ailleurs? Vous participez \u00e0 des foires et \u00e0 des soir\u00e9es \u00e9v\u00e8nements?Vous avez besoin de quelqu'un pour faire comprendre vos produits ou pr\u00e9senter votre entreprise en italien, anglais ou fran\u00e7ais.Vous avez besoin de quelqu'un...","protected":false},"author":53,"featured_media":0,"parent":101257,"menu_order":0,"comment_status":"closed","ping_status":"closed","template":"","meta":{"footnotes":""},"class_list":["post-101274","page","type-page","status-publish","hentry"],"yoast_head":"<!-- This site is optimized with the Yoast SEO plugin v27.3 - https:\/\/yoast.com\/product\/yoast-seo-wordpress\/ -->\n<title>Illustrations de vos produits | Eno-One<\/title>\n<meta name=\"robots\" content=\"index, follow, max-snippet:-1, max-image-preview:large, max-video-preview:-1\" \/>\n<link rel=\"canonical\" href=\"https:\/\/www.enoone.com\/fr\/services\/illustrations-de-vos-produits\/\" \/>\n<meta property=\"og:locale\" content=\"fr_FR\" \/>\n<meta property=\"og:type\" content=\"article\" \/>\n<meta property=\"og:title\" content=\"Illustrations de vos produits | Eno-One\" \/>\n<meta property=\"og:url\" content=\"https:\/\/www.enoone.com\/fr\/services\/illustrations-de-vos-produits\/\" \/>\n<meta property=\"og:site_name\" content=\"Eno-One\" \/>\n<meta property=\"article:publisher\" content=\"https:\/\/www.facebook.com\/enoonelibrienologiaviticoltura\/\" \/>\n<meta property=\"article:modified_time\" content=\"2022-04-06T07:28:06+00:00\" \/>\n<meta name=\"twitter:card\" content=\"summary_large_image\" \/>\n<meta name=\"twitter:label1\" content=\"Dur\u00e9e de lecture estim\u00e9e\" \/>\n\t<meta name=\"twitter:data1\" content=\"3 minutes\" \/>\n<script type=\"application\/ld+json\" class=\"yoast-schema-graph\">{\"@context\":\"https:\\\/\\\/schema.org\",\"@graph\":[{\"@type\":\"WebPage\",\"@id\":\"https:\\\/\\\/www.enoone.com\\\/fr\\\/services\\\/illustrations-de-vos-produits\\\/\",\"url\":\"https:\\\/\\\/www.enoone.com\\\/fr\\\/services\\\/illustrations-de-vos-produits\\\/\",\"name\":\"Illustrations de vos produits | Eno-One\",\"isPartOf\":{\"@id\":\"https:\\\/\\\/www.enoone.com\\\/fr\\\/#website\"},\"datePublished\":\"2022-02-21T11:08:58+00:00\",\"dateModified\":\"2022-04-06T07:28:06+00:00\",\"breadcrumb\":{\"@id\":\"https:\\\/\\\/www.enoone.com\\\/fr\\\/services\\\/illustrations-de-vos-produits\\\/#breadcrumb\"},\"inLanguage\":\"fr-FR\",\"potentialAction\":[{\"@type\":\"ReadAction\",\"target\":[\"https:\\\/\\\/www.enoone.com\\\/fr\\\/services\\\/illustrations-de-vos-produits\\\/\"]}]},{\"@type\":\"BreadcrumbList\",\"@id\":\"https:\\\/\\\/www.enoone.com\\\/fr\\\/services\\\/illustrations-de-vos-produits\\\/#breadcrumb\",\"itemListElement\":[{\"@type\":\"ListItem\",\"position\":1,\"name\":\"Home\",\"item\":\"https:\\\/\\\/www.enoone.com\\\/fr\\\/\"},{\"@type\":\"ListItem\",\"position\":2,\"name\":\"Services\",\"item\":\"https:\\\/\\\/www.enoone.com\\\/fr\\\/services\\\/\"},{\"@type\":\"ListItem\",\"position\":3,\"name\":\"Illustrations de vos produits\"}]},{\"@type\":\"WebSite\",\"@id\":\"https:\\\/\\\/www.enoone.com\\\/fr\\\/#website\",\"url\":\"https:\\\/\\\/www.enoone.com\\\/fr\\\/\",\"name\":\"Eno-One\",\"description\":\"Livres et autres\",\"publisher\":{\"@id\":\"https:\\\/\\\/www.enoone.com\\\/fr\\\/#organization\"},\"potentialAction\":[{\"@type\":\"SearchAction\",\"target\":{\"@type\":\"EntryPoint\",\"urlTemplate\":\"https:\\\/\\\/www.enoone.com\\\/fr\\\/?s={search_term_string}\"},\"query-input\":{\"@type\":\"PropertyValueSpecification\",\"valueRequired\":true,\"valueName\":\"search_term_string\"}}],\"inLanguage\":\"fr-FR\"},{\"@type\":\"Organization\",\"@id\":\"https:\\\/\\\/www.enoone.com\\\/fr\\\/#organization\",\"name\":\"Eno-One\",\"url\":\"https:\\\/\\\/www.enoone.com\\\/fr\\\/\",\"logo\":{\"@type\":\"ImageObject\",\"inLanguage\":\"fr-FR\",\"@id\":\"https:\\\/\\\/www.enoone.com\\\/fr\\\/#\\\/schema\\\/logo\\\/image\\\/\",\"url\":\"https:\\\/\\\/www.enoone.com\\\/wp-content\\\/uploads\\\/2024\\\/05\\\/logo-colori-intero.png\",\"contentUrl\":\"https:\\\/\\\/www.enoone.com\\\/wp-content\\\/uploads\\\/2024\\\/05\\\/logo-colori-intero.png\",\"width\":599,\"height\":226,\"caption\":\"Eno-One\"},\"image\":{\"@id\":\"https:\\\/\\\/www.enoone.com\\\/fr\\\/#\\\/schema\\\/logo\\\/image\\\/\"},\"sameAs\":[\"https:\\\/\\\/www.facebook.com\\\/enoonelibrienologiaviticoltura\\\/\",\"https:\\\/\\\/www.linkedin.com\\\/in\\\/annemeglioli\\\/\"]}]}<\/script>\n<!-- \/ Yoast SEO plugin. -->","yoast_head_json":{"title":"Illustrations de vos produits | Eno-One","robots":{"index":"index","follow":"follow","max-snippet":"max-snippet:-1","max-image-preview":"max-image-preview:large","max-video-preview":"max-video-preview:-1"},"canonical":"https:\/\/www.enoone.com\/fr\/services\/illustrations-de-vos-produits\/","og_locale":"fr_FR","og_type":"article","og_title":"Illustrations de vos produits | Eno-One","og_url":"https:\/\/www.enoone.com\/fr\/services\/illustrations-de-vos-produits\/","og_site_name":"Eno-One","article_publisher":"https:\/\/www.facebook.com\/enoonelibrienologiaviticoltura\/","article_modified_time":"2022-04-06T07:28:06+00:00","twitter_card":"summary_large_image","twitter_misc":{"Dur\u00e9e de lecture estim\u00e9e":"3 minutes"},"schema":{"@context":"https:\/\/schema.org","@graph":[{"@type":"WebPage","@id":"https:\/\/www.enoone.com\/fr\/services\/illustrations-de-vos-produits\/","url":"https:\/\/www.enoone.com\/fr\/services\/illustrations-de-vos-produits\/","name":"Illustrations de vos produits | Eno-One","isPartOf":{"@id":"https:\/\/www.enoone.com\/fr\/#website"},"datePublished":"2022-02-21T11:08:58+00:00","dateModified":"2022-04-06T07:28:06+00:00","breadcrumb":{"@id":"https:\/\/www.enoone.com\/fr\/services\/illustrations-de-vos-produits\/#breadcrumb"},"inLanguage":"fr-FR","potentialAction":[{"@type":"ReadAction","target":["https:\/\/www.enoone.com\/fr\/services\/illustrations-de-vos-produits\/"]}]},{"@type":"BreadcrumbList","@id":"https:\/\/www.enoone.com\/fr\/services\/illustrations-de-vos-produits\/#breadcrumb","itemListElement":[{"@type":"ListItem","position":1,"name":"Home","item":"https:\/\/www.enoone.com\/fr\/"},{"@type":"ListItem","position":2,"name":"Services","item":"https:\/\/www.enoone.com\/fr\/services\/"},{"@type":"ListItem","position":3,"name":"Illustrations de vos produits"}]},{"@type":"WebSite","@id":"https:\/\/www.enoone.com\/fr\/#website","url":"https:\/\/www.enoone.com\/fr\/","name":"Eno-One","description":"Livres et autres","publisher":{"@id":"https:\/\/www.enoone.com\/fr\/#organization"},"potentialAction":[{"@type":"SearchAction","target":{"@type":"EntryPoint","urlTemplate":"https:\/\/www.enoone.com\/fr\/?s={search_term_string}"},"query-input":{"@type":"PropertyValueSpecification","valueRequired":true,"valueName":"search_term_string"}}],"inLanguage":"fr-FR"},{"@type":"Organization","@id":"https:\/\/www.enoone.com\/fr\/#organization","name":"Eno-One","url":"https:\/\/www.enoone.com\/fr\/","logo":{"@type":"ImageObject","inLanguage":"fr-FR","@id":"https:\/\/www.enoone.com\/fr\/#\/schema\/logo\/image\/","url":"https:\/\/www.enoone.com\/wp-content\/uploads\/2024\/05\/logo-colori-intero.png","contentUrl":"https:\/\/www.enoone.com\/wp-content\/uploads\/2024\/05\/logo-colori-intero.png","width":599,"height":226,"caption":"Eno-One"},"image":{"@id":"https:\/\/www.enoone.com\/fr\/#\/schema\/logo\/image\/"},"sameAs":["https:\/\/www.facebook.com\/enoonelibrienologiaviticoltura\/","https:\/\/www.linkedin.com\/in\/annemeglioli\/"]}]}},"_links":{"self":[{"href":"https:\/\/www.enoone.com\/fr\/wp-json\/wp\/v2\/pages\/101274","targetHints":{"allow":["GET"]}}],"collection":[{"href":"https:\/\/www.enoone.com\/fr\/wp-json\/wp\/v2\/pages"}],"about":[{"href":"https:\/\/www.enoone.com\/fr\/wp-json\/wp\/v2\/types\/page"}],"author":[{"embeddable":true,"href":"https:\/\/www.enoone.com\/fr\/wp-json\/wp\/v2\/users\/53"}],"replies":[{"embeddable":true,"href":"https:\/\/www.enoone.com\/fr\/wp-json\/wp\/v2\/comments?post=101274"}],"version-history":[{"count":3,"href":"https:\/\/www.enoone.com\/fr\/wp-json\/wp\/v2\/pages\/101274\/revisions"}],"predecessor-version":[{"id":101501,"href":"https:\/\/www.enoone.com\/fr\/wp-json\/wp\/v2\/pages\/101274\/revisions\/101501"}],"up":[{"embeddable":true,"href":"https:\/\/www.enoone.com\/fr\/wp-json\/wp\/v2\/pages\/101257"}],"wp:attachment":[{"href":"https:\/\/www.enoone.com\/fr\/wp-json\/wp\/v2\/media?parent=101274"}],"curies":[{"name":"wp","href":"https:\/\/api.w.org\/{rel}","templated":true}]}}