{"id":101288,"date":"2022-02-21T13:37:29","date_gmt":"2022-02-21T11:37:29","guid":{"rendered":"https:\/\/www.enoone.com\/?page_id=101288"},"modified":"2022-04-06T07:29:45","modified_gmt":"2022-04-06T07:29:45","slug":"conseil","status":"publish","type":"page","link":"https:\/\/www.enoone.com\/fr\/services\/conseil\/","title":{"rendered":"Conseil"},"content":{"rendered":"<div class=\"wpb-content-wrapper\"><section class=\"vc_row wpb_row vc_row-fluid\"><div class=\"wpb_column vc_column_container col-xs-mobile-fullwidth vc_col-sm-6 sm-text-left xs-text-left\"><div class=\"vc_column-inner vc_custom_1644832109171  hongo_responsive_1644832109172\"><div class=\"wpb_wrapper\"><h1 class=\"alt-font heading-style-4 vc_custom_1649078129152 heading-1 hongo-section-heading hongo_font_1649078129152\"><span>CONSEIL POUR LES ENTREPRISES VINICOLES, LES COMIT\u00c9S DE D\u00c9FENSE, LES INTERPROFESSIONS<\/span><\/h1><div class=\"alt-font heading-style-3 heading-2 hongo-section-heading hongo_font_1649078144417\">Eno-One offre des services de conseil professionnel aux entreprises vinicoles, aux associations et aux comit\u00e9s de d\u00e9fense, aux interprofessions<\/div><\/div><\/div><\/div><div class=\"wpb_column vc_column_container col-xs-mobile-fullwidth vc_col-sm-6 sm-text-left xs-text-left\"><div class=\"vc_column-inner vc_custom_1643636104687  hongo_responsive_1643636104688\"><div class=\"wpb_wrapper\"><div class=\"text-block-content text-medium line-height-32 hongo-text-block-1 last-paragraph-no-margin\"><p>L&#8217;un des meilleurs moyens de faire parler de vous est faire vivre une exp\u00e9rience en direct, de raconter ce que vous faites: pour promouvoir il faut convaincre<\/p>\n<\/div><\/div><\/div><\/div><\/section><section data-vc-full-width=\"true\" data-vc-full-width-init=\"false\" data-vc-stretch-content=\"true\" class=\"vc_row wpb_row vc_row-fluid  vc_custom_1644931125159   vc_row-has-fill hongo-stretch-content hongo-stretch-content-fluid vc_row-o-equal-height vc_row-o-content-middle vc_row-flex  hongo_responsive_1644931125160\"><div class=\"wpb_column vc_column_container col-xs-mobile-fullwidth vc_col-sm-12 vc_col-md-6 wow fadeIn\"><div class=\"vc_column-inner vc_custom_1644831878850  hongo_responsive_1644831878851\"><div class=\"wpb_wrapper\"><div class=\"wpb_single_image    hongo-full-width-single-image\">\n\t\t\t<figure class=\"wpb_wrapper vc_figure\">\n\t\t\t\t<div class=\"vc_single_image-wrapper  \"><img loading=\"lazy\" decoding=\"async\" width=\"800\" height=\"524\" src=\"https:\/\/www.enoone.com\/wp-content\/uploads\/2022\/02\/Servizi-Consulenza_800x524.jpg\" class=\"vc_single_image-img attachment-full\" alt=\"Servizi Consulenza vino enologia 800x524\" title=\"\" srcset=\"https:\/\/www.enoone.com\/wp-content\/uploads\/2022\/02\/Servizi-Consulenza_800x524.jpg 800w, https:\/\/www.enoone.com\/wp-content\/uploads\/2022\/02\/Servizi-Consulenza_800x524-300x197.jpg 300w, https:\/\/www.enoone.com\/wp-content\/uploads\/2022\/02\/Servizi-Consulenza_800x524-768x503.jpg 768w, https:\/\/www.enoone.com\/wp-content\/uploads\/2022\/02\/Servizi-Consulenza_800x524-84x55.jpg 84w, https:\/\/www.enoone.com\/wp-content\/uploads\/2022\/02\/Servizi-Consulenza_800x524-200x131.jpg 200w, https:\/\/www.enoone.com\/wp-content\/uploads\/2022\/02\/Servizi-Consulenza_800x524-450x295.jpg 450w, https:\/\/www.enoone.com\/wp-content\/uploads\/2022\/02\/Servizi-Consulenza_800x524-500x328.jpg 500w\" sizes=\"auto, (max-width: 800px) 100vw, 800px\" \/><\/div>\n\t\t\t<\/figure>\n\t\t\t\n\t\t<\/div><\/div><\/div><\/div><div class=\"wpb_column vc_column_container col-xs-mobile-fullwidth vc_col-sm-12 vc_col-md-6 wow fadeIn text-left sm-text-left xs-text-left\" data-wow-delay= 200ms><div class=\"vc_column-inner vc_custom_1644846037364  hongo_responsive_1644846037365\"><div class=\"wpb_wrapper\"><h1 class=\"alt-font heading-style-4 vc_custom_1649078171553 heading-3 hongo-section-heading hongo_font_1649078171553\"><span>LES TYPES DE SERVICES<\/span><\/h1><div class=\"alt-font heading-style-3 vc_custom_1649078180041 heading-4 hongo-section-heading hongo_font_1649078180041\">Nos services de conseil<\/div><div class=\"text-block-content text-medium line-height-32 hongo-text-block-2 last-paragraph-no-margin\"><p>Avez-vous besoin de rencontrer de tr\u00e8s bons journalistes et critiques de vin ? Ils sont indispensables pour accro\u00eetre la r\u00e9putation, la notori\u00e9t\u00e9 et la visibilit\u00e9 de votre entreprise. Ils soutiennent les producteurs et les organisations de promotion dans la diffusion et la communication de leurs produits.<\/p>\n<p>Choisissons ensemble les personnes qui seront \u00e0 votre \u00e9coute.<\/p>\n<\/div><\/div><\/div><\/div><\/section><div class=\"vc_row-full-width vc_clearfix\"><\/div><section class=\"vc_row wpb_row vc_row-fluid  vc_custom_1645447565397   wow fadeIn  hongo_responsive_1645447565399\"><div class=\"wpb_column vc_column_container col-xs-mobile-fullwidth vc_col-sm-12 text-center\"><div class=\"vc_column-inner  hongo_responsive_1644853636901\"><div class=\"wpb_wrapper\"><div class=\"vc_row wpb_row vc_inner vc_row-fluid  vc_custom_1645448083007  hongo_responsive_1645448083008\"><div class=\"wpb_column vc_column_container col-xs-mobile-fullwidth vc_col-sm-3\"><div class=\"vc_column-inner\"><div class=\"wpb_wrapper\"><\/div><\/div><\/div><div class=\"wpb_column vc_column_container col-xs-mobile-fullwidth vc_col-sm-6 text-center md-text-center sm-text-left xs-text-left\"><div class=\"vc_column-inner vc_custom_1645450440069  hongo_responsive_1645450440070\"><div class=\"wpb_wrapper\"><div class=\"separator-style-1 vc_custom_1643626698185 separator-style1-1\"><\/div><div class=\"alt-font heading-style-4 vc_custom_1649230159057 heading-5 hongo-section-heading hongo_font_1649230159056\">OBJECTIFS<\/div><div class=\"alt-font heading-style-3 vc_custom_1649230165237 heading-6 hongo-section-heading hongo_font_1649230165236\">Notre offre<\/div><div class=\"text-block-content text-medium line-height-32 hongo-text-block-3 last-paragraph-no-margin\"><p>Gr\u00e2ce \u00e0 notre connaissance approfondie du secteur vitivinicole et \u00e0 un r\u00e9seau de collaborateurs exp\u00e9riment\u00e9s et hautement qualifi\u00e9s, nous offrons des conseils professionnels et sp\u00e9cialis\u00e9s aux caves, groupes de producteurs, associations et interprofessions. G\u00e9rer et optimiser les relations avec les journalistes et les prescripteurs italiens et \u00e9trangers du secteur du vin.<\/p>\n<\/div><\/div><\/div><\/div><div class=\"wpb_column vc_column_container col-xs-mobile-fullwidth vc_col-sm-3\"><div class=\"vc_column-inner\"><div class=\"wpb_wrapper\"><\/div><\/div><\/div><\/div><\/div><\/div><\/div><\/section><section data-vc-full-width=\"true\" data-vc-full-width-init=\"false\" class=\"vc_row wpb_row vc_row-fluid  vc_custom_1644837135929   cover-background wow fadeIn vc_row-has-fill hongo-stretch-content hongo-stretch-row-container  hongo_responsive_1644837135931\"><div class=\"wpb_column vc_column_container vc_col-sm-6 vc_col-md-offset-3 vc_col-md-6 vc_col-sm-offset-3 vc_col-xs-12 text-center\"><div class=\"vc_column-inner\"><div class=\"wpb_wrapper\"><div class=\"call-to-action-style-7 hongo-call-to-action-1\"><h2 class=\"call-to-action-title hongo_font_1649078313520 alt-font\">ICI POUR NOUS CONTACTER<\/h2><div class=\"call-to-action-content hongo_font_1649078313522\"><p>Contactez-nous d\u00e8s maintenant pour toute demande d\u2019informations compl\u00e9mentaires<\/p>\n<\/div><a href=\"\/fr\/contactez-nous\" target=\"_self\" class=\"hongo_button_1649078313519 btn btn-base btn-round alt-font btn-small\"><i class=\"icon-info left-icon\" aria-hidden=\"true\"><\/i>CONTACTEZ-NOUS<\/a><\/div><\/div><\/div><\/div><\/section><div class=\"vc_row-full-width vc_clearfix\"><\/div>\n<\/div>","protected":false},"excerpt":{"rendered":"CONSEIL POUR LES ENTREPRISES VINICOLES, LES COMIT\u00c9S DE D\u00c9FENSE, LES INTERPROFESSIONSEno-One offre des services de conseil professionnel aux entreprises vinicoles, aux associations et aux comit\u00e9s de d\u00e9fense, aux interprofessionsL'un des meilleurs moyens de faire parler de vous est faire vivre une exp\u00e9rience en direct, de raconter ce que vous faites: pour promouvoir il faut convaincre LES TYPES DE SERVICESNos services de conseilAvez-vous besoin de rencontrer de tr\u00e8s bons journalistes et critiques de vin ? Ils sont indispensables pour accro\u00eetre la r\u00e9putation, la notori\u00e9t\u00e9 et la visibilit\u00e9 de votre entreprise. Ils soutiennent les producteurs et les organisations de promotion dans la diffusion et la communication de leurs produits. Choisissons ensemble les personnes qui seront \u00e0 votre \u00e9coute. OBJECTIFSNotre offreGr\u00e2ce \u00e0 notre connaissance approfondie du secteur vitivinicole et \u00e0 un r\u00e9seau de collaborateurs exp\u00e9riment\u00e9s et hautement qualifi\u00e9s, nous offrons des conseils professionnels et sp\u00e9cialis\u00e9s aux caves, groupes de producteurs, associations et interprofessions. G\u00e9rer et optimiser les relations avec les journalistes et les prescripteurs italiens et \u00e9trangers du secteur du vin. ICI POUR NOUS CONTACTERContactez-nous d\u00e8s maintenant pour toute demande d\u2019informations compl\u00e9mentaires CONTACTEZ-NOUS","protected":false},"author":53,"featured_media":0,"parent":101257,"menu_order":0,"comment_status":"closed","ping_status":"closed","template":"","meta":{"footnotes":""},"class_list":["post-101288","page","type-page","status-publish","hentry"],"yoast_head":"<!-- This site is optimized with the Yoast SEO plugin v27.3 - https:\/\/yoast.com\/product\/yoast-seo-wordpress\/ -->\n<title>Conseil | Eno-One<\/title>\n<meta name=\"robots\" content=\"index, follow, max-snippet:-1, max-image-preview:large, max-video-preview:-1\" \/>\n<link rel=\"canonical\" href=\"https:\/\/www.enoone.com\/fr\/services\/conseil\/\" \/>\n<meta property=\"og:locale\" content=\"fr_FR\" \/>\n<meta property=\"og:type\" content=\"article\" \/>\n<meta property=\"og:title\" content=\"Conseil | Eno-One\" \/>\n<meta property=\"og:url\" content=\"https:\/\/www.enoone.com\/fr\/services\/conseil\/\" \/>\n<meta property=\"og:site_name\" content=\"Eno-One\" \/>\n<meta property=\"article:publisher\" content=\"https:\/\/www.facebook.com\/enoonelibrienologiaviticoltura\/\" \/>\n<meta property=\"article:modified_time\" content=\"2022-04-06T07:29:45+00:00\" \/>\n<meta name=\"twitter:card\" content=\"summary_large_image\" \/>\n<meta name=\"twitter:label1\" content=\"Dur\u00e9e de lecture estim\u00e9e\" \/>\n\t<meta name=\"twitter:data1\" content=\"2 minutes\" \/>\n<script type=\"application\/ld+json\" class=\"yoast-schema-graph\">{\"@context\":\"https:\\\/\\\/schema.org\",\"@graph\":[{\"@type\":\"WebPage\",\"@id\":\"https:\\\/\\\/www.enoone.com\\\/fr\\\/services\\\/conseil\\\/\",\"url\":\"https:\\\/\\\/www.enoone.com\\\/fr\\\/services\\\/conseil\\\/\",\"name\":\"Conseil | Eno-One\",\"isPartOf\":{\"@id\":\"https:\\\/\\\/www.enoone.com\\\/fr\\\/#website\"},\"datePublished\":\"2022-02-21T11:37:29+00:00\",\"dateModified\":\"2022-04-06T07:29:45+00:00\",\"breadcrumb\":{\"@id\":\"https:\\\/\\\/www.enoone.com\\\/fr\\\/services\\\/conseil\\\/#breadcrumb\"},\"inLanguage\":\"fr-FR\",\"potentialAction\":[{\"@type\":\"ReadAction\",\"target\":[\"https:\\\/\\\/www.enoone.com\\\/fr\\\/services\\\/conseil\\\/\"]}]},{\"@type\":\"BreadcrumbList\",\"@id\":\"https:\\\/\\\/www.enoone.com\\\/fr\\\/services\\\/conseil\\\/#breadcrumb\",\"itemListElement\":[{\"@type\":\"ListItem\",\"position\":1,\"name\":\"Home\",\"item\":\"https:\\\/\\\/www.enoone.com\\\/fr\\\/\"},{\"@type\":\"ListItem\",\"position\":2,\"name\":\"Services\",\"item\":\"https:\\\/\\\/www.enoone.com\\\/fr\\\/services\\\/\"},{\"@type\":\"ListItem\",\"position\":3,\"name\":\"Conseil\"}]},{\"@type\":\"WebSite\",\"@id\":\"https:\\\/\\\/www.enoone.com\\\/fr\\\/#website\",\"url\":\"https:\\\/\\\/www.enoone.com\\\/fr\\\/\",\"name\":\"Eno-One\",\"description\":\"Livres et autres\",\"publisher\":{\"@id\":\"https:\\\/\\\/www.enoone.com\\\/fr\\\/#organization\"},\"potentialAction\":[{\"@type\":\"SearchAction\",\"target\":{\"@type\":\"EntryPoint\",\"urlTemplate\":\"https:\\\/\\\/www.enoone.com\\\/fr\\\/?s={search_term_string}\"},\"query-input\":{\"@type\":\"PropertyValueSpecification\",\"valueRequired\":true,\"valueName\":\"search_term_string\"}}],\"inLanguage\":\"fr-FR\"},{\"@type\":\"Organization\",\"@id\":\"https:\\\/\\\/www.enoone.com\\\/fr\\\/#organization\",\"name\":\"Eno-One\",\"url\":\"https:\\\/\\\/www.enoone.com\\\/fr\\\/\",\"logo\":{\"@type\":\"ImageObject\",\"inLanguage\":\"fr-FR\",\"@id\":\"https:\\\/\\\/www.enoone.com\\\/fr\\\/#\\\/schema\\\/logo\\\/image\\\/\",\"url\":\"https:\\\/\\\/www.enoone.com\\\/wp-content\\\/uploads\\\/2024\\\/05\\\/logo-colori-intero.png\",\"contentUrl\":\"https:\\\/\\\/www.enoone.com\\\/wp-content\\\/uploads\\\/2024\\\/05\\\/logo-colori-intero.png\",\"width\":599,\"height\":226,\"caption\":\"Eno-One\"},\"image\":{\"@id\":\"https:\\\/\\\/www.enoone.com\\\/fr\\\/#\\\/schema\\\/logo\\\/image\\\/\"},\"sameAs\":[\"https:\\\/\\\/www.facebook.com\\\/enoonelibrienologiaviticoltura\\\/\",\"https:\\\/\\\/www.linkedin.com\\\/in\\\/annemeglioli\\\/\"]}]}<\/script>\n<!-- \/ Yoast SEO plugin. -->","yoast_head_json":{"title":"Conseil | Eno-One","robots":{"index":"index","follow":"follow","max-snippet":"max-snippet:-1","max-image-preview":"max-image-preview:large","max-video-preview":"max-video-preview:-1"},"canonical":"https:\/\/www.enoone.com\/fr\/services\/conseil\/","og_locale":"fr_FR","og_type":"article","og_title":"Conseil | Eno-One","og_url":"https:\/\/www.enoone.com\/fr\/services\/conseil\/","og_site_name":"Eno-One","article_publisher":"https:\/\/www.facebook.com\/enoonelibrienologiaviticoltura\/","article_modified_time":"2022-04-06T07:29:45+00:00","twitter_card":"summary_large_image","twitter_misc":{"Dur\u00e9e de lecture estim\u00e9e":"2 minutes"},"schema":{"@context":"https:\/\/schema.org","@graph":[{"@type":"WebPage","@id":"https:\/\/www.enoone.com\/fr\/services\/conseil\/","url":"https:\/\/www.enoone.com\/fr\/services\/conseil\/","name":"Conseil | Eno-One","isPartOf":{"@id":"https:\/\/www.enoone.com\/fr\/#website"},"datePublished":"2022-02-21T11:37:29+00:00","dateModified":"2022-04-06T07:29:45+00:00","breadcrumb":{"@id":"https:\/\/www.enoone.com\/fr\/services\/conseil\/#breadcrumb"},"inLanguage":"fr-FR","potentialAction":[{"@type":"ReadAction","target":["https:\/\/www.enoone.com\/fr\/services\/conseil\/"]}]},{"@type":"BreadcrumbList","@id":"https:\/\/www.enoone.com\/fr\/services\/conseil\/#breadcrumb","itemListElement":[{"@type":"ListItem","position":1,"name":"Home","item":"https:\/\/www.enoone.com\/fr\/"},{"@type":"ListItem","position":2,"name":"Services","item":"https:\/\/www.enoone.com\/fr\/services\/"},{"@type":"ListItem","position":3,"name":"Conseil"}]},{"@type":"WebSite","@id":"https:\/\/www.enoone.com\/fr\/#website","url":"https:\/\/www.enoone.com\/fr\/","name":"Eno-One","description":"Livres et autres","publisher":{"@id":"https:\/\/www.enoone.com\/fr\/#organization"},"potentialAction":[{"@type":"SearchAction","target":{"@type":"EntryPoint","urlTemplate":"https:\/\/www.enoone.com\/fr\/?s={search_term_string}"},"query-input":{"@type":"PropertyValueSpecification","valueRequired":true,"valueName":"search_term_string"}}],"inLanguage":"fr-FR"},{"@type":"Organization","@id":"https:\/\/www.enoone.com\/fr\/#organization","name":"Eno-One","url":"https:\/\/www.enoone.com\/fr\/","logo":{"@type":"ImageObject","inLanguage":"fr-FR","@id":"https:\/\/www.enoone.com\/fr\/#\/schema\/logo\/image\/","url":"https:\/\/www.enoone.com\/wp-content\/uploads\/2024\/05\/logo-colori-intero.png","contentUrl":"https:\/\/www.enoone.com\/wp-content\/uploads\/2024\/05\/logo-colori-intero.png","width":599,"height":226,"caption":"Eno-One"},"image":{"@id":"https:\/\/www.enoone.com\/fr\/#\/schema\/logo\/image\/"},"sameAs":["https:\/\/www.facebook.com\/enoonelibrienologiaviticoltura\/","https:\/\/www.linkedin.com\/in\/annemeglioli\/"]}]}},"_links":{"self":[{"href":"https:\/\/www.enoone.com\/fr\/wp-json\/wp\/v2\/pages\/101288","targetHints":{"allow":["GET"]}}],"collection":[{"href":"https:\/\/www.enoone.com\/fr\/wp-json\/wp\/v2\/pages"}],"about":[{"href":"https:\/\/www.enoone.com\/fr\/wp-json\/wp\/v2\/types\/page"}],"author":[{"embeddable":true,"href":"https:\/\/www.enoone.com\/fr\/wp-json\/wp\/v2\/users\/53"}],"replies":[{"embeddable":true,"href":"https:\/\/www.enoone.com\/fr\/wp-json\/wp\/v2\/comments?post=101288"}],"version-history":[{"count":3,"href":"https:\/\/www.enoone.com\/fr\/wp-json\/wp\/v2\/pages\/101288\/revisions"}],"predecessor-version":[{"id":101503,"href":"https:\/\/www.enoone.com\/fr\/wp-json\/wp\/v2\/pages\/101288\/revisions\/101503"}],"up":[{"embeddable":true,"href":"https:\/\/www.enoone.com\/fr\/wp-json\/wp\/v2\/pages\/101257"}],"wp:attachment":[{"href":"https:\/\/www.enoone.com\/fr\/wp-json\/wp\/v2\/media?parent=101288"}],"curies":[{"name":"wp","href":"https:\/\/api.w.org\/{rel}","templated":true}]}}